{"id":1445,"date":"2026-01-07T11:59:55","date_gmt":"2026-01-07T11:59:55","guid":{"rendered":"https:\/\/herdit.com\/?page_id=1445"},"modified":"2026-02-19T08:31:08","modified_gmt":"2026-02-19T08:31:08","slug":"rechtshinweis","status":"publish","type":"page","link":"https:\/\/herdit.com\/de\/aviso-legal\/","title":{"rendered":"Rechtlicher Hinweis"},"content":{"rendered":"<div data-elementor-type=\"wp-page\" data-elementor-id=\"1445\" class=\"elementor elementor-1445\" data-elementor-post-type=\"page\">\n\t\t\t\t<div class=\"elementor-element elementor-element-d304e82 e-flex e-con-boxed elementor-invisible e-con e-parent\" data-id=\"d304e82\" data-element_type=\"container\" data-e-type=\"container\" data-settings=\"{&quot;animation&quot;:&quot;fadeIn&quot;}\">\n\t\t\t\t\t<div class=\"e-con-inner\">\n\t\t\t\t<div class=\"elementor-element elementor-element-f0aa574 elementor-align-left elementor-widget__width-initial e-transform elementor-widget elementor-widget-button\" data-id=\"f0aa574\" data-element_type=\"widget\" data-e-type=\"widget\" data-settings=\"{&quot;_transform_scale_effect_hover&quot;:{&quot;unit&quot;:&quot;px&quot;,&quot;size&quot;:1.1,&quot;sizes&quot;:[]},&quot;_transform_scale_effect_hover_tablet&quot;:{&quot;unit&quot;:&quot;px&quot;,&quot;size&quot;:&quot;&quot;,&quot;sizes&quot;:[]},&quot;_transform_scale_effect_hover_mobile&quot;:{&quot;unit&quot;:&quot;px&quot;,&quot;size&quot;:&quot;&quot;,&quot;sizes&quot;:[]}}\" data-widget_type=\"button.default\">\n\t\t\t\t\t\t\t\t\t\t<a class=\"elementor-button elementor-button-link elementor-size-sm\" href=\"https:\/\/herdit.com\/de\/\">\n\t\t\t\t\t\t<span class=\"elementor-button-content-wrapper\">\n\t\t\t\t\t\t<span class=\"elementor-button-icon\">\n\t\t\t\t<svg aria-hidden=\"true\" class=\"e-font-icon-svg e-fas-arrow-left\" viewbox=\"0 0 448 512\" xmlns=\"http:\/\/www.w3.org\/2000\/svg\"><path d=\"M257.5 445.1l-22.2 22.2c-9.4 9.4-24.6 9.4-33.9 0L7 273c-9.4-9.4-9.4-24.6 0-33.9L201.4 44.7c9.4-9.4 24.6-9.4 33.9 0l22.2 22.2c9.5 9.5 9.3 25-.4 34.3L136.6 216H424c13.3 0 24 10.7 24 24v32c0 13.3-10.7 24-24 24H136.6l120.5 114.8c9.8 9.3 10 24.8.4 34.3z\"><\/path><\/svg>\t\t\t<\/span>\n\t\t\t\t\t\t\t\t\t<span class=\"elementor-button-text\">Zur\u00fcck zur Startseite<\/span>\n\t\t\t\t\t<\/span>\n\t\t\t\t\t<\/a>\n\t\t\t\t\t\t\t\t<\/div>\n\t\t\t\t\t<\/div>\n\t\t\t\t<\/div>\n\t\t<div class=\"elementor-element elementor-element-457eadd e-flex e-con-boxed elementor-invisible e-con e-parent\" data-id=\"457eadd\" data-element_type=\"container\" data-e-type=\"container\" data-settings=\"{&quot;animation&quot;:&quot;fadeInUp&quot;}\">\n\t\t\t\t\t<div class=\"e-con-inner\">\n\t\t\t\t<div class=\"elementor-element elementor-element-7aec32e elementor-widget elementor-widget-heading\" data-id=\"7aec32e\" data-element_type=\"widget\" data-e-type=\"widget\" data-widget_type=\"heading.default\">\n\t\t\t\t\t<h2 class=\"elementor-heading-title elementor-size-default\">Rechtlicher Hinweis<\/h2>\t\t\t\t<\/div>\n\t\t\t\t<div class=\"elementor-element elementor-element-2e960b5 elementor-widget elementor-widget-heading\" data-id=\"2e960b5\" data-element_type=\"widget\" data-e-type=\"widget\" data-widget_type=\"heading.default\">\n\t\t\t\t\t<h2 class=\"elementor-heading-title elementor-size-default\">1. Allgemeine Informationen<\/h2>\t\t\t\t<\/div>\n\t\t\t\t<div class=\"elementor-element elementor-element-3b2e8cd elementor-widget elementor-widget-text-editor\" data-id=\"3b2e8cd\" data-element_type=\"widget\" data-e-type=\"widget\" data-widget_type=\"text-editor.default\">\n\t\t\t\t\t\t\t\t\t<p data-start=\"308\" data-end=\"678\">Dieser rechtliche Hinweis regelt den Zugang zu und die Nutzung der Website von Herdit S.L. (\u201cHerdit\u201d, \u201cwir\u201d, \u201cuns\u201d oder \"unser\"), mit der Umsatzsteueridentifikationsnummer: ESB01380856, eingetragener Firmensitz in Carretera de Altube Km 5.2, 01196 Aranguiz (\u00c1lava), Spanien, eingetragen im Handelsregister von \u00c1lava, Band 1192, Folio 92, Seite 10676, und Kontakt-E-Mail-Adresse <a class=\"decorated-link cursor-pointer\" rel=\"noopener\" data-start=\"656\" data-end=\"673\">herdit@herdit.com<\/a>.<\/p><p data-start=\"680\" data-end=\"918\">Der Zugriff auf diese Website und das Browsen auf ihr setzt die vollst\u00e4ndige und uneingeschr\u00e4nkte Annahme aller in diesem rechtlichen Hinweis enthaltenen Bestimmungen voraus. Wenn Sie mit den hierin enthaltenen Bestimmungen nicht einverstanden sind, nutzen Sie diese Website bitte nicht.<\/p><p data-start=\"920\" data-end=\"1058\">Diese Website unterliegt ebenfalls dem Gesetz 34\/2002 \u00fcber die Dienste der Informationsgesellschaft und den elektronischen Handel (LSSI-CE).<\/p>\t\t\t\t\t\t\t\t<\/div>\n\t\t\t\t<div class=\"elementor-element elementor-element-53a70a8 elementor-widget elementor-widget-heading\" data-id=\"53a70a8\" data-element_type=\"widget\" data-e-type=\"widget\" data-widget_type=\"heading.default\">\n\t\t\t\t\t<h2 class=\"elementor-heading-title elementor-size-default\">2. Geistiges und gewerbliches Eigentum<\/h2>\t\t\t\t<\/div>\n\t\t\t\t<div class=\"elementor-element elementor-element-d678cb7 elementor-widget elementor-widget-text-editor\" data-id=\"d678cb7\" data-element_type=\"widget\" data-e-type=\"widget\" data-widget_type=\"text-editor.default\">\n\t\t\t\t\t\t\t\t\t<p data-start=\"810\" data-end=\"1073\">Der gesamte Inhalt dieser Website, einschlie\u00dflich der Texte, Bilder, Logos, Warenzeichen, Grafiken, Videos, Software und aller anderen Elemente, ist Eigentum von Herdit oder von Dritten, die deren Verwendung genehmigt haben.<\/p><p data-start=\"1075\" data-end=\"1357\">Die Vervielf\u00e4ltigung, Verbreitung, \u00f6ffentliche Wiedergabe, Umgestaltung oder sonstige Nutzung des Inhalts ohne die ausdr\u00fcckliche schriftliche Genehmigung von Herdit ist strengstens untersagt, au\u00dfer in den F\u00e4llen, die nach den geltenden Vorschriften zum geistigen und gewerblichen Eigentum zul\u00e4ssig sind.<\/p>\t\t\t\t\t\t\t\t<\/div>\n\t\t\t\t<div class=\"elementor-element elementor-element-855a6e0 elementor-widget elementor-widget-heading\" data-id=\"855a6e0\" data-element_type=\"widget\" data-e-type=\"widget\" data-widget_type=\"heading.default\">\n\t\t\t\t\t<h2 class=\"elementor-heading-title elementor-size-default\">3. Nutzung der Website<\/h2>\t\t\t\t<\/div>\n\t\t\t\t<div class=\"elementor-element elementor-element-6092a66 elementor-widget elementor-widget-text-editor\" data-id=\"6092a66\" data-element_type=\"widget\" data-e-type=\"widget\" data-widget_type=\"text-editor.default\">\n\t\t\t\t\t\t\t\t\t<p data-start=\"1206\" data-end=\"1390\">Der Nutzer verpflichtet sich, die Website in rechtm\u00e4\u00dfiger Weise und in \u00dcbereinstimmung mit diesen Bedingungen zu nutzen. Es ist verboten, die Website zu nutzen f\u00fcr:<\/p><ul data-start=\"1392\" data-end=\"1688\"><li data-start=\"1392\" data-end=\"1473\"><p data-start=\"1394\" data-end=\"1473\">Inhalte zu verbreiten, die rechtswidrig oder anst\u00f6\u00dfig sind oder die Rechte Dritter verletzen.<\/p><\/li><li data-start=\"1474\" data-end=\"1587\"><p data-start=\"1476\" data-end=\"1587\">Viren, Malware oder andere Elemente einzuf\u00fchren, die den Betrieb der Website besch\u00e4digen oder st\u00f6ren k\u00f6nnen.<\/p><\/li><li data-start=\"1588\" data-end=\"1688\"><p data-start=\"1590\" data-end=\"1688\">die Sammlung personenbezogener Daten \u00fcber andere Nutzer ohne deren Zustimmung durchzuf\u00fchren.<\/p><\/li><\/ul><p data-start=\"1690\" data-end=\"1800\">Herdit beh\u00e4lt sich das Recht vor, Benutzern, die gegen diese Bedingungen versto\u00dfen, den Zugang zur Website zu verweigern.<\/p>\t\t\t\t\t\t\t\t<\/div>\n\t\t\t\t<div class=\"elementor-element elementor-element-4c72cf5 elementor-widget elementor-widget-heading\" data-id=\"4c72cf5\" data-element_type=\"widget\" data-e-type=\"widget\" data-widget_type=\"heading.default\">\n\t\t\t\t\t<h2 class=\"elementor-heading-title elementor-size-default\">4. Haftungsausschluss<\/h2>\t\t\t\t<\/div>\n\t\t\t\t<div class=\"elementor-element elementor-element-25c7ac1 elementor-widget elementor-widget-text-editor\" data-id=\"25c7ac1\" data-element_type=\"widget\" data-e-type=\"widget\" data-widget_type=\"text-editor.default\">\n\t\t\t\t\t\t\t\t\t<p data-start=\"2075\" data-end=\"2389\">Herdit unternimmt alle zumutbaren Anstrengungen, um die Richtigkeit, Aktualit\u00e4t und Vollst\u00e4ndigkeit der auf dieser Website bereitgestellten Informationen zu gew\u00e4hrleisten. Der Inhalt wird jedoch nur zu Informationszwecken bereitgestellt und stellt keine professionelle oder vertragliche Beratung dar.<\/p><p data-start=\"2391\" data-end=\"2629\">Herdit haftet nicht f\u00fcr unmittelbare oder mittelbare Sch\u00e4den, Verluste oder Beeintr\u00e4chtigungen, die sich aus dem Zugang, der Nutzung oder der Unm\u00f6glichkeit des Zugangs zur Website ergeben, es sei denn, das geltende Recht verhindert eine Haftungsbeschr\u00e4nkung.<\/p>\t\t\t\t\t\t\t\t<\/div>\n\t\t\t\t<div class=\"elementor-element elementor-element-7bc3a02 elementor-widget elementor-widget-heading\" data-id=\"7bc3a02\" data-element_type=\"widget\" data-e-type=\"widget\" data-widget_type=\"heading.default\">\n\t\t\t\t\t<h2 class=\"elementor-heading-title elementor-size-default\">5. Links zu Drittparteien<\/h2>\t\t\t\t<\/div>\n\t\t\t\t<div class=\"elementor-element elementor-element-f8b7b94 elementor-widget elementor-widget-text-editor\" data-id=\"f8b7b94\" data-element_type=\"widget\" data-e-type=\"widget\" data-widget_type=\"text-editor.default\">\n\t\t\t\t\t\t\t\t\t<p data-start=\"2636\" data-end=\"2995\">Diese Website kann Links zu Websites Dritter enthalten. Herdit hat keine Kontrolle \u00fcber die Verf\u00fcgbarkeit, Genauigkeit, Rechtm\u00e4\u00dfigkeit oder Qualit\u00e4t der von diesen externen Websites angebotenen Inhalte und garantiert diese auch nicht. Bevor Sie pers\u00f6nliche Daten an diese Websites weitergeben, sollten Sie deren Datenschutzrichtlinien und Nutzungsbedingungen lesen.<\/p>\t\t\t\t\t\t\t\t<\/div>\n\t\t\t\t<div class=\"elementor-element elementor-element-389bb97 elementor-widget elementor-widget-heading\" data-id=\"389bb97\" data-element_type=\"widget\" data-e-type=\"widget\" data-widget_type=\"heading.default\">\n\t\t\t\t\t<h2 class=\"elementor-heading-title elementor-size-default\">6. Schutz der personenbezogenen Daten<\/h2>\t\t\t\t<\/div>\n\t\t\t\t<div class=\"elementor-element elementor-element-ed7fe45 elementor-widget elementor-widget-text-editor\" data-id=\"ed7fe45\" data-element_type=\"widget\" data-e-type=\"widget\" data-widget_type=\"text-editor.default\">\n\t\t\t\t\t\t\t\t\t<p data-start=\"3002\" data-end=\"3393\">Die Verarbeitung der personenbezogenen Daten der Nutzer der Website unterliegt den Bestimmungen des <a href=\"https:\/\/herdit.com\/de\/datenschutzerklarung\/\">Datenschutzbestimmungen<\/a> von Herdit, in \u00dcbereinstimmung mit der Allgemeinen Datenschutzverordnung (EU) 2016\/679 und den geltenden spanischen Rechtsvorschriften. Durch die Nutzung dieser Website erkl\u00e4ren Sie sich mit der Verarbeitung Ihrer Daten gem\u00e4\u00df unserer Datenschutzrichtlinie einverstanden.<\/p>\t\t\t\t\t\t\t\t<\/div>\n\t\t\t\t<div class=\"elementor-element elementor-element-14e6d78 elementor-widget elementor-widget-heading\" data-id=\"14e6d78\" data-element_type=\"widget\" data-e-type=\"widget\" data-widget_type=\"heading.default\">\n\t\t\t\t\t<h2 class=\"elementor-heading-title elementor-size-default\">7. Anwendbares Recht und Gerichtsbarkeit<\/h2>\t\t\t\t<\/div>\n\t\t\t\t<div class=\"elementor-element elementor-element-21a1f5b elementor-widget elementor-widget-text-editor\" data-id=\"21a1f5b\" data-element_type=\"widget\" data-e-type=\"widget\" data-widget_type=\"text-editor.default\">\n\t\t\t\t\t\t\t\t\t<p data-start=\"3400\" data-end=\"3780\">Der vorliegende rechtliche Hinweis unterliegt der geltenden spanischen und europ\u00e4ischen Gesetzgebung. F\u00fcr die Beilegung von Konflikten, die sich im Zusammenhang mit der Nutzung der Website ergeben k\u00f6nnen, unterwerfen sich die Parteien der Gerichtsbarkeit der Gerichte von \u00c1lava (Spanien), es sei denn, das anwendbare Recht sieht eine andere zwingende Gerichtsbarkeit vor.<\/p>\t\t\t\t\t\t\t\t<\/div>\n\t\t\t\t<div class=\"elementor-element elementor-element-712aba8 elementor-widget elementor-widget-heading\" data-id=\"712aba8\" data-element_type=\"widget\" data-e-type=\"widget\" data-widget_type=\"heading.default\">\n\t\t\t\t\t<h2 class=\"elementor-heading-title elementor-size-default\">8. \u00c4nderung des rechtlichen Hinweises<\/h2>\t\t\t\t<\/div>\n\t\t\t\t<div class=\"elementor-element elementor-element-3ac990d elementor-widget elementor-widget-text-editor\" data-id=\"3ac990d\" data-element_type=\"widget\" data-e-type=\"widget\" data-widget_type=\"text-editor.default\">\n\t\t\t\t\t\t\t\t\t<p data-start=\"3787\" data-end=\"4164\">Herdit beh\u00e4lt sich das Recht vor, diesen rechtlichen Hinweis jederzeit aus rechtlichen, technischen oder betrieblichen Gr\u00fcnden zu \u00e4ndern, zu aktualisieren oder zu erg\u00e4nzen. Die aktuelle Version wird auf dieser Website ver\u00f6ffentlicht und ist sofort g\u00fcltig. Wir empfehlen Ihnen, diese rechtlichen Hinweise regelm\u00e4\u00dfig zu \u00fcberpr\u00fcfen, um sich \u00fcber etwaige \u00c4nderungen zu informieren.<\/p>\t\t\t\t\t\t\t\t<\/div>\n\t\t\t\t<div class=\"elementor-element elementor-element-7419cf7 elementor-widget elementor-widget-text-editor\" data-id=\"7419cf7\" data-element_type=\"widget\" data-e-type=\"widget\" data-widget_type=\"text-editor.default\">\n\t\t\t\t\t\t\t\t\t<p><i>Letzte Aktualisierung: 26. Januar 2026<\/i><\/p>\t\t\t\t\t\t\t\t<\/div>\n\t\t\t\t\t<\/div>\n\t\t\t\t<\/div>\n\t\t\t\t<\/div>","protected":false},"excerpt":{"rendered":"<p>Volver a Inicio Aviso Legal 1. Informaci\u00f3n General El presente Aviso Legal regula el acceso y uso del sitio web propiedad de Herdit S.L. (\u201cHerdit\u201d, \u201cnosotros\u201d o \u201cnuestro\u201d), con CIF: ESB01380856, domicilio social en Carretera de Altube Km 5.2, 01196 Aranguiz (\u00c1lava), Espa\u00f1a, inscrita en el Registro Mercantil de \u00c1lava, Tomo 1192, Folio 92, Hoja [&hellip;]<\/p>\n","protected":false},"author":3,"featured_media":0,"parent":0,"menu_order":0,"comment_status":"closed","ping_status":"closed","template":"elementor_header_footer","meta":{"footnotes":""},"class_list":["post-1445","page","type-page","status-publish","hentry"],"_hostinger_reach_plugin_has_subscription_block":false,"_hostinger_reach_plugin_is_elementor":false,"_links":{"self":[{"href":"https:\/\/herdit.com\/de\/wp-json\/wp\/v2\/pages\/1445","targetHints":{"allow":["GET"]}}],"collection":[{"href":"https:\/\/herdit.com\/de\/wp-json\/wp\/v2\/pages"}],"about":[{"href":"https:\/\/herdit.com\/de\/wp-json\/wp\/v2\/types\/page"}],"author":[{"embeddable":true,"href":"https:\/\/herdit.com\/de\/wp-json\/wp\/v2\/users\/3"}],"replies":[{"embeddable":true,"href":"https:\/\/herdit.com\/de\/wp-json\/wp\/v2\/comments?post=1445"}],"version-history":[{"count":98,"href":"https:\/\/herdit.com\/de\/wp-json\/wp\/v2\/pages\/1445\/revisions"}],"predecessor-version":[{"id":5749,"href":"https:\/\/herdit.com\/de\/wp-json\/wp\/v2\/pages\/1445\/revisions\/5749"}],"wp:attachment":[{"href":"https:\/\/herdit.com\/de\/wp-json\/wp\/v2\/media?parent=1445"}],"curies":[{"name":"wp","href":"https:\/\/api.w.org\/{rel}","templated":true}]}}