{"id":1450,"date":"2026-01-07T12:00:22","date_gmt":"2026-01-07T12:00:22","guid":{"rendered":"https:\/\/herdit.com\/?page_id=1450"},"modified":"2026-02-19T08:28:09","modified_gmt":"2026-02-19T08:28:09","slug":"cookie-richtlinie","status":"publish","type":"page","link":"https:\/\/herdit.com\/de\/politica-de-cookies\/","title":{"rendered":"Cookie-Richtlinie"},"content":{"rendered":"<div data-elementor-type=\"wp-page\" data-elementor-id=\"1450\" class=\"elementor elementor-1450\" data-elementor-post-type=\"page\">\n\t\t\t\t<div class=\"elementor-element elementor-element-c88b867 e-flex e-con-boxed elementor-invisible e-con e-parent\" data-id=\"c88b867\" data-element_type=\"container\" data-e-type=\"container\" data-settings=\"{&quot;animation&quot;:&quot;fadeIn&quot;}\">\n\t\t\t\t\t<div class=\"e-con-inner\">\n\t\t\t\t<div class=\"elementor-element elementor-element-efe2625 elementor-align-left elementor-widget__width-initial e-transform elementor-widget elementor-widget-button\" data-id=\"efe2625\" data-element_type=\"widget\" data-e-type=\"widget\" data-settings=\"{&quot;_transform_scale_effect_hover&quot;:{&quot;unit&quot;:&quot;px&quot;,&quot;size&quot;:1.1,&quot;sizes&quot;:[]},&quot;_transform_scale_effect_hover_tablet&quot;:{&quot;unit&quot;:&quot;px&quot;,&quot;size&quot;:&quot;&quot;,&quot;sizes&quot;:[]},&quot;_transform_scale_effect_hover_mobile&quot;:{&quot;unit&quot;:&quot;px&quot;,&quot;size&quot;:&quot;&quot;,&quot;sizes&quot;:[]}}\" data-widget_type=\"button.default\">\n\t\t\t\t\t\t\t\t\t\t<a class=\"elementor-button elementor-button-link elementor-size-sm\" href=\"https:\/\/herdit.com\/de\/\">\n\t\t\t\t\t\t<span class=\"elementor-button-content-wrapper\">\n\t\t\t\t\t\t<span class=\"elementor-button-icon\">\n\t\t\t\t<svg aria-hidden=\"true\" class=\"e-font-icon-svg e-fas-arrow-left\" viewbox=\"0 0 448 512\" xmlns=\"http:\/\/www.w3.org\/2000\/svg\"><path d=\"M257.5 445.1l-22.2 22.2c-9.4 9.4-24.6 9.4-33.9 0L7 273c-9.4-9.4-9.4-24.6 0-33.9L201.4 44.7c9.4-9.4 24.6-9.4 33.9 0l22.2 22.2c9.5 9.5 9.3 25-.4 34.3L136.6 216H424c13.3 0 24 10.7 24 24v32c0 13.3-10.7 24-24 24H136.6l120.5 114.8c9.8 9.3 10 24.8.4 34.3z\"><\/path><\/svg>\t\t\t<\/span>\n\t\t\t\t\t\t\t\t\t<span class=\"elementor-button-text\">Zur\u00fcck zur Startseite<\/span>\n\t\t\t\t\t<\/span>\n\t\t\t\t\t<\/a>\n\t\t\t\t\t\t\t\t<\/div>\n\t\t\t\t\t<\/div>\n\t\t\t\t<\/div>\n\t\t<div class=\"elementor-element elementor-element-0e94b63 e-flex e-con-boxed elementor-invisible e-con e-parent\" data-id=\"0e94b63\" data-element_type=\"container\" data-e-type=\"container\" data-settings=\"{&quot;animation&quot;:&quot;fadeInUp&quot;}\">\n\t\t\t\t\t<div class=\"e-con-inner\">\n\t\t\t\t<div class=\"elementor-element elementor-element-3369568 elementor-widget elementor-widget-heading\" data-id=\"3369568\" data-element_type=\"widget\" data-e-type=\"widget\" data-widget_type=\"heading.default\">\n\t\t\t\t\t<h2 class=\"elementor-heading-title elementor-size-default\">Cookie-Richtlinie<\/h2>\t\t\t\t<\/div>\n\t\t\t\t<div class=\"elementor-element elementor-element-81555b7 elementor-widget elementor-widget-heading\" data-id=\"81555b7\" data-element_type=\"widget\" data-e-type=\"widget\" data-widget_type=\"heading.default\">\n\t\t\t\t\t<h2 class=\"elementor-heading-title elementor-size-default\">1. Einleitung\n<\/h2>\t\t\t\t<\/div>\n\t\t\t\t<div class=\"elementor-element elementor-element-97769e4 elementor-widget elementor-widget-text-editor\" data-id=\"97769e4\" data-element_type=\"widget\" data-e-type=\"widget\" data-widget_type=\"text-editor.default\">\n\t\t\t\t\t\t\t\t\t<p data-start=\"215\" data-end=\"802\">Herdit S.L. (\u201cHerdit\u201d, \u201cwir\u201d, \u201cuns\u201d, \"unser\" oder \"unser\") verwendet Cookies und \u00e4hnliche Technologien auf seiner Website, um das Surferlebnis der Nutzer zu verbessern, die Leistung der Website zu analysieren und ihr ordnungsgem\u00e4\u00dfes Funktionieren zu gew\u00e4hrleisten. In dieser Cookie-Richtlinie wird erl\u00e4utert, was Cookies sind, welche Arten wir verwenden, zu welchen Zwecken und wie Sie sie verwalten oder ablehnen k\u00f6nnen. Ihre Zustimmung zu Cookies steht im Einklang mit den Bestimmungen der Allgemeinen Datenschutzverordnung (EU) 2016\/679, dem Gesetz 34\/2002 \u00fcber Dienstleistungen der Informationsgesellschaft und den elektronischen Handel (LSSI-CE) und den geltenden Vorschriften zum elektronischen Datenschutz.<\/p>\t\t\t\t\t\t\t\t<\/div>\n\t\t\t\t<div class=\"elementor-element elementor-element-d24db38 elementor-widget elementor-widget-heading\" data-id=\"d24db38\" data-element_type=\"widget\" data-e-type=\"widget\" data-widget_type=\"heading.default\">\n\t\t\t\t\t<h2 class=\"elementor-heading-title elementor-size-default\">2. Was sind Cookies<\/h2>\t\t\t\t<\/div>\n\t\t\t\t<div class=\"elementor-element elementor-element-20e3d4c elementor-widget elementor-widget-text-editor\" data-id=\"20e3d4c\" data-element_type=\"widget\" data-e-type=\"widget\" data-widget_type=\"text-editor.default\">\n\t\t\t\t\t\t\t\t\t<p data-start=\"809\" data-end=\"1159\">Cookies sind kleine Textdateien, die auf das Ger\u00e4t des Nutzers heruntergeladen werden, wenn dieser eine Website aufruft. Sie erm\u00f6glichen es der Website, sich an Informationen \u00fcber den Besuch zu erinnern, wie z. B. Spracheinstellungen, besuchte Seiten oder ausgef\u00fcllte Formulare, und tragen dazu bei, die Benutzerfreundlichkeit zu verbessern.<\/p>\t\t\t\t\t\t\t\t<\/div>\n\t\t\t\t<div class=\"elementor-element elementor-element-2c89c5b elementor-widget elementor-widget-heading\" data-id=\"2c89c5b\" data-element_type=\"widget\" data-e-type=\"widget\" data-widget_type=\"heading.default\">\n\t\t\t\t\t<h2 class=\"elementor-heading-title elementor-size-default\">3. Arten der verwendeten Cookies<\/h2>\t\t\t\t<\/div>\n\t\t\t\t<div class=\"elementor-element elementor-element-c9c33d8 elementor-widget elementor-widget-text-editor\" data-id=\"c9c33d8\" data-element_type=\"widget\" data-e-type=\"widget\" data-widget_type=\"text-editor.default\">\n\t\t\t\t\t\t\t\t\t<p data-start=\"314\" data-end=\"502\">Die Herdit-Website verwendet eigene Cookies und Cookies von Dritten f\u00fcr die unten beschriebenen Zwecke. In keinem Fall werden Cookies f\u00fcr Werbe- oder Marketingzwecke verwendet.<\/p><p data-start=\"504\" data-end=\"541\"><strong>3.1 Technische oder notwendige Cookies<\/strong><\/p><p data-start=\"543\" data-end=\"737\">Diese Cookies sind f\u00fcr das ordnungsgem\u00e4\u00dfe Funktionieren der Website unerl\u00e4sslich und erm\u00f6glichen das Surfen und die Nutzung der grundlegenden Funktionen der Website. Sie bed\u00fcrfen nicht der Zustimmung des Nutzers.<\/p><p data-start=\"739\" data-end=\"786\">Dazu geh\u00f6ren unter anderem Cookies, die f\u00fcr Folgendes notwendig sind:<\/p><ul data-start=\"787\" data-end=\"1073\"><li data-start=\"787\" data-end=\"913\"><p data-start=\"789\" data-end=\"913\">Gew\u00e4hrleistung der Sicherheit der Website und Verhinderung von unbefugtem Zugriff oder b\u00f6swilliger Nutzung (z. B. durch Wordfence).<\/p><\/li><li data-start=\"914\" data-end=\"983\"><p data-start=\"916\" data-end=\"983\">Verwaltung der Sitzung des Nutzers und der technischen Stabilit\u00e4t der Website.<\/p><\/li><li data-start=\"984\" data-end=\"1073\"><p data-start=\"986\" data-end=\"1073\">Erinnern Sie sich an die Annahme oder Konfiguration von Cookies durch den Benutzer (Complianz).<\/p><\/li><\/ul><p data-start=\"1075\" data-end=\"1140\">Ohne diese Cookies kann die Website nicht richtig funktionieren.<\/p><p data-start=\"1147\" data-end=\"1196\"><strong>3.2 Pr\u00e4ferenz- oder Anpassungs-Cookies<\/strong><\/p><p data-start=\"1198\" data-end=\"1343\">Diese Cookies speichern Informationen, die das Verhalten oder Aussehen der Website auf der Grundlage der Benutzerpr\u00e4ferenzen ver\u00e4ndern.<\/p><p data-start=\"1345\" data-end=\"1377\">Sie werden insbesondere verwendet f\u00fcr:<\/p><ul data-start=\"1378\" data-end=\"1496\"><li data-start=\"1378\" data-end=\"1496\"><p data-start=\"1380\" data-end=\"1496\">Merken Sie sich die vom Benutzer gew\u00e4hlte Sprache und zeigen Sie den Inhalt in der entsprechenden Sprache an (TranslatePress).<\/p><\/li><\/ul><p data-start=\"1498\" data-end=\"1581\">Diese Cookies werden nicht zur Identifizierung des Nutzers oder f\u00fcr Marketingzwecke verwendet.<\/p><p data-start=\"1588\" data-end=\"1614\"><strong>3.3 Analytische Cookies<\/strong><\/p><p data-start=\"1616\" data-end=\"1788\">Diese Cookies erm\u00f6glichen es uns, das Nutzerverhalten in aggregierter und anonymer Form zu analysieren, um den Inhalt, das Design und die Leistung der Website zu verbessern.<\/p><p data-start=\"1790\" data-end=\"1802\">Konkret:<\/p><ul data-start=\"1803\" data-end=\"2205\"><li data-start=\"1803\" data-end=\"1996\"><p data-start=\"1805\" data-end=\"1996\">Google Analytics 4, bereitgestellt von Google LLC, wird verwendet, um Statistiken \u00fcber die Nutzung der Website zu erhalten (z. B. besuchte Seiten, Dauer des Besuchs, Art des Ger\u00e4ts).<\/p><\/li><li data-start=\"1997\" data-end=\"2106\"><p data-start=\"1999\" data-end=\"2106\">Die gesammelten Informationen werden ausschlie\u00dflich zu statistischen Zwecken und zur Optimierung der Website verwendet.<\/p><\/li><li data-start=\"2107\" data-end=\"2205\"><p data-start=\"2109\" data-end=\"2205\">Diese Cookies werden nicht f\u00fcr Werbung, Remarketing oder Profilerstellung verwendet.<\/p><\/li><\/ul><p data-start=\"2207\" data-end=\"2364\">Die Verwendung dieser Cookies unterliegt der Zustimmung des Nutzers, die jederzeit \u00fcber das Cookie-Einstellungsfeld verwaltet werden kann.<\/p><p data-start=\"2371\" data-end=\"2399\"><strong>3.4 Sicherheits-Cookies<\/strong><\/p><p data-start=\"2401\" data-end=\"2500\">Zus\u00e4tzlich zu den technischen Cookies werden spezifische sicherheitsbezogene Cookies verwendet:<\/p><ul><li data-start=\"2501\" data-end=\"2571\"><p data-start=\"2503\" data-end=\"2571\">Aufdeckung und Verhinderung betr\u00fcgerischer Aktivit\u00e4ten oder Angriffe auf die Website.<\/p><\/li><li data-start=\"2572\" data-end=\"2631\"><p data-start=\"2574\" data-end=\"2631\">Schutz der Integrit\u00e4t der Website und der verarbeiteten Daten.<\/p><\/li><\/ul><p>Diese Cookies dienen nicht zu Marketing- oder Werbezwecken und werden nur verwendet, um die Sicherheit der Website zu gew\u00e4hrleisten.<\/p>\t\t\t\t\t\t\t\t<\/div>\n\t\t\t\t<div class=\"elementor-element elementor-element-d9ac747 elementor-widget elementor-widget-heading\" data-id=\"d9ac747\" data-element_type=\"widget\" data-e-type=\"widget\" data-widget_type=\"heading.default\">\n\t\t\t\t\t<h2 class=\"elementor-heading-title elementor-size-default\">4. Zustimmung und Kontrolle von Cookies\n<\/h2>\t\t\t\t<\/div>\n\t\t\t\t<div class=\"elementor-element elementor-element-c96027b elementor-widget elementor-widget-text-editor\" data-id=\"c96027b\" data-element_type=\"widget\" data-e-type=\"widget\" data-widget_type=\"text-editor.default\">\n\t\t\t\t\t\t\t\t\t<p data-start=\"2205\" data-end=\"2476\">Wenn Sie zum ersten Mal auf unsere Website zugreifen, erscheint ein Hinweis, in dem Sie aufgefordert werden, der Verwendung von nicht wesentlichen Cookies zuzustimmen. Sie k\u00f6nnen alle Cookies akzeptieren, sie ablehnen oder sie nach Ihren W\u00fcnschen einstellen.<\/p><p data-start=\"2478\" data-end=\"2729\">Sie k\u00f6nnen Cookies jederzeit \u00fcber Ihre Browsereinstellungen verwalten, blockieren oder l\u00f6schen. Die Deaktivierung bestimmter Cookies kann das Funktionieren einiger Bereiche der Website beeintr\u00e4chtigen und bestimmte Funktionen einschr\u00e4nken.<\/p>\t\t\t\t\t\t\t\t<\/div>\n\t\t\t\t<div class=\"elementor-element elementor-element-1cb7a01 elementor-widget elementor-widget-heading\" data-id=\"1cb7a01\" data-element_type=\"widget\" data-e-type=\"widget\" data-widget_type=\"heading.default\">\n\t\t\t\t\t<h2 class=\"elementor-heading-title elementor-size-default\">5. Cookies von Dritten<\/h2>\t\t\t\t<\/div>\n\t\t\t\t<div class=\"elementor-element elementor-element-5202550 elementor-widget elementor-widget-text-editor\" data-id=\"5202550\" data-element_type=\"widget\" data-e-type=\"widget\" data-widget_type=\"text-editor.default\">\n\t\t\t\t\t\t\t\t\t<p data-start=\"345\" data-end=\"626\">Einige auf dieser Website genutzte Dienste k\u00f6nnen Cookies von Drittanbietern erzeugen, die au\u00dferhalb der Herdit-Website verwaltet und kontrolliert werden. Diese Cookies unterliegen den Datenschutzrichtlinien des jeweiligen Anbieters und werden nur f\u00fcr die unten angegebenen Zwecke verwendet:<\/p><ul><li data-start=\"628\" data-end=\"1213\"><p data-start=\"630\" data-end=\"1213\"><strong data-start=\"630\" data-end=\"674\">Google Analytics 4 (Google LLC, USA)<\/strong><br data-start=\"674\" data-end=\"677\" \/>Sie werden verwendet, um in aggregierter und anonymer Form zu analysieren, wie die Nutzer mit der Website interagieren, einschlie\u00dflich der besuchten Seiten, der Verweildauer und der Art des Ger\u00e4ts. Diese Cookies werden nur nach Zustimmung des Nutzers aktiviert und werden nicht f\u00fcr Werbung, Remarketing oder Profilerstellung verwendet. Die \u00dcbermittlung von Daten in L\u00e4nder au\u00dferhalb des Europ\u00e4ischen Wirtschaftsraums erfolgt in \u00dcbereinstimmung mit den von der Europ\u00e4ischen Kommission genehmigten Standardvertragsklauseln und gegebenenfalls anderen zus\u00e4tzlichen Schutzma\u00dfnahmen.<\/p><\/li><li data-start=\"1215\" data-end=\"1467\"><p data-start=\"1217\" data-end=\"1467\"><strong data-start=\"1217\" data-end=\"1264\">TranslatePress (Website-\u00dcbersetzungen)<\/strong><br data-start=\"1264\" data-end=\"1267\" \/>Sie verwendet Cookies, um sich die vom Nutzer gew\u00e4hlte Sprache zu merken und den Inhalt in der entsprechenden Sprache anzuzeigen. Diese Cookies identifizieren den Benutzer nicht und werden als funktional betrachtet.<\/p><\/li><li data-start=\"1470\" data-end=\"1520\"><p data-start=\"1471\" data-end=\"1520\"><strong data-start=\"1471\" data-end=\"1514\">reCAPTCHA (Google LLC, USA)<\/strong><br data-start=\"1514\" data-end=\"1517\" \/>Wird in Formularen zum Schutz vor Spam und automatisiertem Zugriff (Bots) verwendet. Erfasst technische Informationen wie die IP-Adresse und Daten zur Interaktion mit der Website, die im Einklang mit den Google-Richtlinien verarbeitet werden.<\/p><\/li><li data-start=\"1469\" data-end=\"1722\"><p data-start=\"1471\" data-end=\"1722\"><strong data-start=\"1471\" data-end=\"1514\">Wordfence (Wordfence Security, USA)<\/strong><br data-start=\"1514\" data-end=\"1517\" \/>Sie verwendet Cookies f\u00fcr Sicherheitszwecke, beispielsweise um die Website vor unbefugtem Zugriff zu sch\u00fctzen und um b\u00f6sartige Aktivit\u00e4ten zu erkennen. Sie werden nicht f\u00fcr Werbezwecke oder Marketinganalysen verwendet.<\/p><\/li><\/ul><p>Diese Cookies von Drittanbietern werden nicht zum Verkauf personenbezogener Daten oder f\u00fcr andere als die in dieser Richtlinie beschriebenen kommerziellen Zwecke verwendet. Bevor Sie diesen Anbietern personenbezogene Daten zur Verf\u00fcgung stellen, empfehlen wir Ihnen, deren Datenschutzrichtlinien zu lesen:<\/p><ul><li data-start=\"1982\" data-end=\"2055\"><a class=\"decorated-link\" href=\"https:\/\/policies.google.com\/privacy\" target=\"_new\" rel=\"noopener\" data-start=\"1982\" data-end=\"2053\">Google-Datenschutzbestimmungen<\/a><\/li><li data-start=\"2058\" data-end=\"2146\"><a class=\"decorated-link\" href=\"https:\/\/translatepress.com\/privacy-policy\/\" target=\"_new\" rel=\"noopener\" data-start=\"2058\" data-end=\"2144\">TranslatePress Datenschutzrichtlinie<\/a><\/li><li data-start=\"2149\" data-end=\"2229\"><a class=\"decorated-link\" href=\"https:\/\/www.wordfence.com\/privacy-policy\/\" target=\"_new\" rel=\"noopener\" data-start=\"2149\" data-end=\"2229\">Wordfence-Datenschutzrichtlinie<\/a><\/li><li data-start=\"2149\" data-end=\"2229\"><a href=\"https:\/\/policies.google.com\/privacy?hl=es\" target=\"_blank\" rel=\"noopener\">reCAPTCHA Datenschutzrichtlinie<\/a><\/li><\/ul>\t\t\t\t\t\t\t\t<\/div>\n\t\t\t\t<div class=\"elementor-element elementor-element-f3160d7 elementor-widget elementor-widget-heading\" data-id=\"f3160d7\" data-element_type=\"widget\" data-e-type=\"widget\" data-widget_type=\"heading.default\">\n\t\t\t\t\t<h2 class=\"elementor-heading-title elementor-size-default\">6. Dauer der Cookies<\/h2>\t\t\t\t<\/div>\n\t\t\t\t<div class=\"elementor-element elementor-element-e7e69e8 elementor-widget elementor-widget-text-editor\" data-id=\"e7e69e8\" data-element_type=\"widget\" data-e-type=\"widget\" data-widget_type=\"text-editor.default\">\n\t\t\t\t\t\t\t\t\t<p data-start=\"3177\" data-end=\"3260\">Cookies k\u00f6nnen sitzungsbezogen oder dauerhaft sein:<\/p><ul data-start=\"3262\" data-end=\"3478\"><li data-start=\"3262\" data-end=\"3340\"><p data-start=\"3264\" data-end=\"3340\"><strong data-start=\"3264\" data-end=\"3286\">Sitzungs-Cookies:<\/strong> Sie werden automatisch gel\u00f6scht, wenn der Browser geschlossen wird.<\/p><\/li><li data-start=\"3341\" data-end=\"3478\"><p data-start=\"3343\" data-end=\"3478\"><strong data-start=\"3343\" data-end=\"3368\">Dauerhafte Cookies:<\/strong> Sie verbleiben f\u00fcr eine bestimmte Zeit auf dem Ger\u00e4t oder bis sie vom Benutzer manuell gel\u00f6scht werden.<\/p><\/li><\/ul>\t\t\t\t\t\t\t\t<\/div>\n\t\t\t\t<div class=\"elementor-element elementor-element-7385aec elementor-widget elementor-widget-heading\" data-id=\"7385aec\" data-element_type=\"widget\" data-e-type=\"widget\" data-widget_type=\"heading.default\">\n\t\t\t\t\t<h2 class=\"elementor-heading-title elementor-size-default\">7. Aktualisierung der Cookie-Richtlinie<\/h2>\t\t\t\t<\/div>\n\t\t\t\t<div class=\"elementor-element elementor-element-1edd751 elementor-widget elementor-widget-text-editor\" data-id=\"1edd751\" data-element_type=\"widget\" data-e-type=\"widget\" data-widget_type=\"text-editor.default\">\n\t\t\t\t\t\t\t\t\t<p data-start=\"4468\" data-end=\"5142\">Herdit beh\u00e4lt sich das Recht vor, diese Cookie-Richtlinie zu \u00e4ndern, um sie an rechtliche, technische oder betriebliche \u00c4nderungen der Website anzupassen. Die aktuelle Version wird auf dieser Website ver\u00f6ffentlicht. Es wird empfohlen, sie regelm\u00e4\u00dfig zu lesen, um sich \u00fcber die Verwendung von Cookies und deren Verwaltung zu informieren.<\/p>\t\t\t\t\t\t\t\t<\/div>\n\t\t\t\t<div class=\"elementor-element elementor-element-9a9aa82 elementor-widget elementor-widget-text-editor\" data-id=\"9a9aa82\" data-element_type=\"widget\" data-e-type=\"widget\" data-widget_type=\"text-editor.default\">\n\t\t\t\t\t\t\t\t\t<p><i>Letzte Aktualisierung: 26. Januar 2026<\/i><\/p>\t\t\t\t\t\t\t\t<\/div>\n\t\t\t\t\t<\/div>\n\t\t\t\t<\/div>\n\t\t\t\t<\/div>","protected":false},"excerpt":{"rendered":"<p>Volver a Inicio Pol\u00edtica de Cookies 1. Introducci\u00f3n Herdit S.L. (\u201cHerdit\u201d, \u201cnosotros\u201d o \u201cnuestro\u201d) utiliza cookies y tecnolog\u00edas similares en su sitio web para mejorar la experiencia de navegaci\u00f3n de los usuarios, analizar el rendimiento del sitio, y garantizar su correcto funcionamiento. Esta Pol\u00edtica de Cookies explica qu\u00e9 son las cookies, qu\u00e9 tipos utilizamos, con [&hellip;]<\/p>\n","protected":false},"author":3,"featured_media":0,"parent":0,"menu_order":0,"comment_status":"closed","ping_status":"closed","template":"elementor_header_footer","meta":{"footnotes":""},"class_list":["post-1450","page","type-page","status-publish","hentry"],"_hostinger_reach_plugin_has_subscription_block":false,"_hostinger_reach_plugin_is_elementor":false,"_links":{"self":[{"href":"https:\/\/herdit.com\/de\/wp-json\/wp\/v2\/pages\/1450","targetHints":{"allow":["GET"]}}],"collection":[{"href":"https:\/\/herdit.com\/de\/wp-json\/wp\/v2\/pages"}],"about":[{"href":"https:\/\/herdit.com\/de\/wp-json\/wp\/v2\/types\/page"}],"author":[{"embeddable":true,"href":"https:\/\/herdit.com\/de\/wp-json\/wp\/v2\/users\/3"}],"replies":[{"embeddable":true,"href":"https:\/\/herdit.com\/de\/wp-json\/wp\/v2\/comments?post=1450"}],"version-history":[{"count":73,"href":"https:\/\/herdit.com\/de\/wp-json\/wp\/v2\/pages\/1450\/revisions"}],"predecessor-version":[{"id":5745,"href":"https:\/\/herdit.com\/de\/wp-json\/wp\/v2\/pages\/1450\/revisions\/5745"}],"wp:attachment":[{"href":"https:\/\/herdit.com\/de\/wp-json\/wp\/v2\/media?parent=1450"}],"curies":[{"name":"wp","href":"https:\/\/api.w.org\/{rel}","templated":true}]}}