{"id":1455,"date":"2026-01-07T12:00:51","date_gmt":"2026-01-07T12:00:51","guid":{"rendered":"https:\/\/herdit.com\/?page_id=1455"},"modified":"2026-02-19T08:32:24","modified_gmt":"2026-02-19T08:32:24","slug":"bedingungen-und-konditionen","status":"publish","type":"page","link":"https:\/\/herdit.com\/de\/terminos-y-condiciones\/","title":{"rendered":"Bedingungen und Konditionen"},"content":{"rendered":"<div data-elementor-type=\"wp-page\" data-elementor-id=\"1455\" class=\"elementor elementor-1455\" data-elementor-post-type=\"page\">\n\t\t\t\t<div class=\"elementor-element elementor-element-ef638a3 e-flex e-con-boxed elementor-invisible e-con e-parent\" data-id=\"ef638a3\" data-element_type=\"container\" data-e-type=\"container\" data-settings=\"{&quot;animation&quot;:&quot;fadeIn&quot;}\">\n\t\t\t\t\t<div class=\"e-con-inner\">\n\t\t\t\t<div class=\"elementor-element elementor-element-c712084 elementor-align-left elementor-widget__width-initial e-transform elementor-widget elementor-widget-button\" data-id=\"c712084\" data-element_type=\"widget\" data-e-type=\"widget\" data-settings=\"{&quot;_transform_scale_effect_hover&quot;:{&quot;unit&quot;:&quot;px&quot;,&quot;size&quot;:1.1,&quot;sizes&quot;:[]},&quot;_transform_scale_effect_hover_tablet&quot;:{&quot;unit&quot;:&quot;px&quot;,&quot;size&quot;:&quot;&quot;,&quot;sizes&quot;:[]},&quot;_transform_scale_effect_hover_mobile&quot;:{&quot;unit&quot;:&quot;px&quot;,&quot;size&quot;:&quot;&quot;,&quot;sizes&quot;:[]}}\" data-widget_type=\"button.default\">\n\t\t\t\t\t\t\t\t\t\t<a class=\"elementor-button elementor-button-link elementor-size-sm\" href=\"https:\/\/herdit.com\/de\/\">\n\t\t\t\t\t\t<span class=\"elementor-button-content-wrapper\">\n\t\t\t\t\t\t<span class=\"elementor-button-icon\">\n\t\t\t\t<svg aria-hidden=\"true\" class=\"e-font-icon-svg e-fas-arrow-left\" viewbox=\"0 0 448 512\" xmlns=\"http:\/\/www.w3.org\/2000\/svg\"><path d=\"M257.5 445.1l-22.2 22.2c-9.4 9.4-24.6 9.4-33.9 0L7 273c-9.4-9.4-9.4-24.6 0-33.9L201.4 44.7c9.4-9.4 24.6-9.4 33.9 0l22.2 22.2c9.5 9.5 9.3 25-.4 34.3L136.6 216H424c13.3 0 24 10.7 24 24v32c0 13.3-10.7 24-24 24H136.6l120.5 114.8c9.8 9.3 10 24.8.4 34.3z\"><\/path><\/svg>\t\t\t<\/span>\n\t\t\t\t\t\t\t\t\t<span class=\"elementor-button-text\">Zur\u00fcck zur Startseite<\/span>\n\t\t\t\t\t<\/span>\n\t\t\t\t\t<\/a>\n\t\t\t\t\t\t\t\t<\/div>\n\t\t\t\t\t<\/div>\n\t\t\t\t<\/div>\n\t\t<div class=\"elementor-element elementor-element-ed9d279 e-flex e-con-boxed elementor-invisible e-con e-parent\" data-id=\"ed9d279\" data-element_type=\"container\" data-e-type=\"container\" data-settings=\"{&quot;animation&quot;:&quot;fadeInUp&quot;}\">\n\t\t\t\t\t<div class=\"e-con-inner\">\n\t\t\t\t<div class=\"elementor-element elementor-element-b0c2c38 elementor-widget elementor-widget-heading\" data-id=\"b0c2c38\" data-element_type=\"widget\" data-e-type=\"widget\" data-widget_type=\"heading.default\">\n\t\t\t\t\t<h2 class=\"elementor-heading-title elementor-size-default\">Bedingungen und Konditionen<\/h2>\t\t\t\t<\/div>\n\t\t\t\t<div class=\"elementor-element elementor-element-4900822 elementor-widget elementor-widget-heading\" data-id=\"4900822\" data-element_type=\"widget\" data-e-type=\"widget\" data-widget_type=\"heading.default\">\n\t\t\t\t\t<h2 class=\"elementor-heading-title elementor-size-default\">1. Einleitung\n<\/h2>\t\t\t\t<\/div>\n\t\t\t\t<div class=\"elementor-element elementor-element-a2eec6b elementor-widget elementor-widget-text-editor\" data-id=\"a2eec6b\" data-element_type=\"widget\" data-e-type=\"widget\" data-widget_type=\"text-editor.default\">\n\t\t\t\t\t\t\t\t\t<p>Das vorliegende Dokument enth\u00e4lt die Nutzungsbedingungen f\u00fcr die Website von Herdit S.L. (Herdit\u201c, wir\u201d, uns\u201c oder unser\u201d), mit der Umsatzsteueridentifikationsnummer ESB01380856, Sitz in Carretera de Altube Km 5.2, 01196 Aranguiz (\u00c1lava), Spanien, eingetragen im Handelsregister von \u00c1lava, Band 1192, Folio 92, Seite 10676, und Kontakt-E-Mail-Adresse <a class=\"decorated-link cursor-pointer\" rel=\"noopener\" data-start=\"539\" data-end=\"556\">herdit@herdit.com<\/a>.<\/p><p>Indem Sie auf diese Website zugreifen und sie durchbl\u00e4ttern, erkl\u00e4ren Sie sich damit einverstanden, die hier dargelegten Bedingungen und das geltende Recht einzuhalten. Wenn Sie mit diesen Bedingungen nicht einverstanden sind, nutzen Sie diese Website bitte nicht.<\/p><p>Diese Website unterliegt ebenfalls dem Gesetz 34\/2002 \u00fcber die Dienste der Informationsgesellschaft und den elektronischen Handel (LSSI-CE).<\/p>\t\t\t\t\t\t\t\t<\/div>\n\t\t\t\t<div class=\"elementor-element elementor-element-a551ca9 elementor-widget elementor-widget-heading\" data-id=\"a551ca9\" data-element_type=\"widget\" data-e-type=\"widget\" data-widget_type=\"heading.default\">\n\t\t\t\t\t<h2 class=\"elementor-heading-title elementor-size-default\">2. Eigentum an der Website und dem Inhalt<\/h2>\t\t\t\t<\/div>\n\t\t\t\t<div class=\"elementor-element elementor-element-e04bc1c elementor-widget elementor-widget-text-editor\" data-id=\"e04bc1c\" data-element_type=\"widget\" data-e-type=\"widget\" data-widget_type=\"text-editor.default\">\n\t\t\t\t\t\t\t\t\t<p data-start=\"300\" data-end=\"527\">Der gesamte Inhalt dieser Website, einschlie\u00dflich der Texte, Bilder, Logos, Marken, Grafiken, Videos, Software und aller anderen Elemente, ist Eigentum von Herdit S.L. oder von Dritten, die deren Verwendung genehmigt haben.<\/p><p data-start=\"529\" data-end=\"821\">Die Vervielf\u00e4ltigung, Verbreitung, \u00f6ffentliche Wiedergabe, Umgestaltung oder sonstige Nutzung der Inhalte ohne die ausdr\u00fcckliche schriftliche Genehmigung von Herdit ist strengstens untersagt, au\u00dfer in den F\u00e4llen, die nach den geltenden Rechtsvorschriften \u00fcber geistiges und gewerbliches Eigentum zul\u00e4ssig sind.<\/p><p data-start=\"823\" data-end=\"1129\">Bei Fragen zu den Rechten am geistigen Eigentum, z. B. zur zul\u00e4ssigen Nutzung von Inhalten, k\u00f6nnen Sie sich auch an die <a href=\"https:\/\/herdit.com\/de\/rechtshinweis\/\">Rechtlicher Hinweis<\/a> dieser Website und unserer <a href=\"https:\/\/herdit.com\/de\/datenschutzerklarung\/\">Datenschutzbestimmungen<\/a> soweit dies f\u00fcr den Schutz der in diesen Inhalten enthaltenen personenbezogenen Daten relevant ist.<\/p>\t\t\t\t\t\t\t\t<\/div>\n\t\t\t\t<div class=\"elementor-element elementor-element-bf325df elementor-widget elementor-widget-heading\" data-id=\"bf325df\" data-element_type=\"widget\" data-e-type=\"widget\" data-widget_type=\"heading.default\">\n\t\t\t\t\t<h2 class=\"elementor-heading-title elementor-size-default\">3. Nutzung der Website<\/h2>\t\t\t\t<\/div>\n\t\t\t\t<div class=\"elementor-element elementor-element-4102283 elementor-widget elementor-widget-text-editor\" data-id=\"4102283\" data-element_type=\"widget\" data-e-type=\"widget\" data-widget_type=\"text-editor.default\">\n\t\t\t\t\t\t\t\t\t<p data-start=\"1206\" data-end=\"1390\">Der Nutzer verpflichtet sich, die Website in rechtm\u00e4\u00dfiger Weise und in \u00dcbereinstimmung mit diesen Bedingungen zu nutzen. Es ist verboten, die Website zu nutzen f\u00fcr:<\/p><ul data-start=\"1392\" data-end=\"1688\"><li data-start=\"1392\" data-end=\"1473\"><p data-start=\"1394\" data-end=\"1473\">Inhalte zu verbreiten, die rechtswidrig oder anst\u00f6\u00dfig sind oder die Rechte Dritter verletzen.<\/p><\/li><li data-start=\"1474\" data-end=\"1587\"><p data-start=\"1476\" data-end=\"1587\">Viren, Malware oder andere Elemente einzuf\u00fchren, die den Betrieb der Website besch\u00e4digen oder st\u00f6ren k\u00f6nnen.<\/p><\/li><li data-start=\"1588\" data-end=\"1688\"><p data-start=\"1590\" data-end=\"1688\">die Sammlung personenbezogener Daten \u00fcber andere Nutzer ohne deren Zustimmung durchzuf\u00fchren.<\/p><\/li><\/ul><p data-start=\"1690\" data-end=\"1800\">Herdit beh\u00e4lt sich das Recht vor, Benutzern, die gegen diese Bedingungen versto\u00dfen, den Zugang zur Website zu verweigern.<\/p>\t\t\t\t\t\t\t\t<\/div>\n\t\t\t\t<div class=\"elementor-element elementor-element-d7ff3e4 elementor-widget elementor-widget-heading\" data-id=\"d7ff3e4\" data-element_type=\"widget\" data-e-type=\"widget\" data-widget_type=\"heading.default\">\n\t\t\t\t\t<h2 class=\"elementor-heading-title elementor-size-default\">4. Registrierung und Benutzerkonto<\/h2>\t\t\t\t<\/div>\n\t\t\t\t<div class=\"elementor-element elementor-element-101e767 elementor-widget elementor-widget-text-editor\" data-id=\"101e767\" data-element_type=\"widget\" data-e-type=\"widget\" data-widget_type=\"text-editor.default\">\n\t\t\t\t\t\t\t\t\t<p data-start=\"269\" data-end=\"497\">F\u00fcr einige Dienste auf der Website kann in Zukunft die Einrichtung eines Benutzerkontos erforderlich sein. Wenn diese Dienste aktiviert sind, werden Sie bei der Registrierung aufgefordert, genaue und aktuelle Informationen anzugeben.<\/p><p data-start=\"499\" data-end=\"767\">Der Nutzer ist f\u00fcr die Geheimhaltung seiner Anmeldedaten und f\u00fcr alle unter seinem Konto ausgef\u00fchrten Aktivit\u00e4ten verantwortlich. Herdit haftet nicht f\u00fcr Handlungen, die von Dritten vorgenommen werden, die unbefugt auf das Konto eines Nutzers zugreifen.<\/p><p data-start=\"499\" data-end=\"767\">Bei Problemen oder Anfragen bez\u00fcglich des Kontos k\u00f6nnen sich die Nutzer per E-Mail an Herdit wenden unter <a class=\"decorated-link cursor-pointer\" rel=\"noopener\" data-start=\"906\" data-end=\"923\">herdit@herdit.com<\/a><\/p>\t\t\t\t\t\t\t\t<\/div>\n\t\t\t\t<div class=\"elementor-element elementor-element-968814a elementor-widget elementor-widget-heading\" data-id=\"968814a\" data-element_type=\"widget\" data-e-type=\"widget\" data-widget_type=\"heading.default\">\n\t\t\t\t\t<h2 class=\"elementor-heading-title elementor-size-default\">5. Verantwortung<\/h2>\t\t\t\t<\/div>\n\t\t\t\t<div class=\"elementor-element elementor-element-3d53597 elementor-widget elementor-widget-text-editor\" data-id=\"3d53597\" data-element_type=\"widget\" data-e-type=\"widget\" data-widget_type=\"text-editor.default\">\n\t\t\t\t\t\t\t\t\t<p data-start=\"382\" data-end=\"643\">Herdit bem\u00fcht sich nach besten Kr\u00e4ften, die Informationen auf dieser Website aktuell, vollst\u00e4ndig und korrekt zu halten. Der Inhalt wird jedoch nur zu Informationszwecken bereitgestellt und stellt keine professionelle oder vertragliche Beratung dar.<\/p><p data-start=\"645\" data-end=\"1053\">Der Zugriff auf die Website und deren Nutzung erfolgt auf eigene Gefahr. Herdit haftet nicht f\u00fcr direkte, indirekte, zuf\u00e4llige, besondere oder Folgesch\u00e4den, Verluste oder Sch\u00e4den, die sich aus dem Zugriff, der Nutzung, der Unm\u00f6glichkeit des Zugriffs oder dem Vertrauen auf die auf der Website bereitgestellten Informationen ergeben, au\u00dfer in F\u00e4llen, in denen das geltende Recht den Haftungsausschluss ausschlie\u00dft.<\/p><p data-start=\"1055\" data-end=\"1303\">Herdit \u00fcbernimmt keine Garantie f\u00fcr die st\u00e4ndige Verf\u00fcgbarkeit der Website oder ihr einwandfreies Funktionieren zu jeder Zeit und beh\u00e4lt sich das Recht vor, ohne vorherige Ank\u00fcndigung technische \u00c4nderungen vorzunehmen, Dienste vor\u00fcbergehend auszusetzen oder einzustellen.<\/p>\t\t\t\t\t\t\t\t<\/div>\n\t\t\t\t<div class=\"elementor-element elementor-element-068cf95 elementor-widget elementor-widget-heading\" data-id=\"068cf95\" data-element_type=\"widget\" data-e-type=\"widget\" data-widget_type=\"heading.default\">\n\t\t\t\t\t<h2 class=\"elementor-heading-title elementor-size-default\">6. Links zu Websites von Dritten<\/h2>\t\t\t\t<\/div>\n\t\t\t\t<div class=\"elementor-element elementor-element-f3478b9 elementor-widget elementor-widget-text-editor\" data-id=\"f3478b9\" data-element_type=\"widget\" data-e-type=\"widget\" data-widget_type=\"text-editor.default\">\n\t\t\t\t\t\t\t\t\t<p data-start=\"2881\" data-end=\"3185\">Die Website kann Links zu externen Websites enthalten. Diese Links werden nur zu Referenzzwecken bereitgestellt. Herdit \u00fcbernimmt keine Verantwortung f\u00fcr den Inhalt, die Verf\u00fcgbarkeit, den Betrieb oder die Datenschutzbestimmungen solcher Websites Dritter.<\/p>\t\t\t\t\t\t\t\t<\/div>\n\t\t\t\t<div class=\"elementor-element elementor-element-83562ae elementor-widget elementor-widget-heading\" data-id=\"83562ae\" data-element_type=\"widget\" data-e-type=\"widget\" data-widget_type=\"heading.default\">\n\t\t\t\t\t<h2 class=\"elementor-heading-title elementor-size-default\">7. Schutz der personenbezogenen Daten<\/h2>\t\t\t\t<\/div>\n\t\t\t\t<div class=\"elementor-element elementor-element-a066dda elementor-widget elementor-widget-text-editor\" data-id=\"a066dda\" data-element_type=\"widget\" data-e-type=\"widget\" data-widget_type=\"text-editor.default\">\n\t\t\t\t\t\t\t\t\t<p data-start=\"3192\" data-end=\"3518\">Die Nutzung dieser Website unterliegt den <a href=\"https:\/\/herdit.com\/de\/datenschutzerklarung\/\">Datenschutzbestimmungen<\/a> Die Datenschutzpolitik von Herdit, die beschreibt, wie die pers\u00f6nlichen Daten der Nutzer gesammelt, verarbeitet und gesch\u00fctzt werden. Durch die Nutzung der Website erkl\u00e4ren Sie sich mit der Erfassung und Verarbeitung Ihrer Daten, wie in dieser Richtlinie beschrieben, einverstanden.<\/p>\t\t\t\t\t\t\t\t<\/div>\n\t\t\t\t<div class=\"elementor-element elementor-element-a22c5e2 elementor-widget elementor-widget-heading\" data-id=\"a22c5e2\" data-element_type=\"widget\" data-e-type=\"widget\" data-widget_type=\"heading.default\">\n\t\t\t\t\t<h2 class=\"elementor-heading-title elementor-size-default\">8. \u00c4nderungen<\/h2>\t\t\t\t<\/div>\n\t\t\t\t<div class=\"elementor-element elementor-element-501b6e8 elementor-widget elementor-widget-text-editor\" data-id=\"501b6e8\" data-element_type=\"widget\" data-e-type=\"widget\" data-widget_type=\"text-editor.default\">\n\t\t\t\t\t\t\t\t\t<p data-start=\"3894\" data-end=\"4260\">Herdit beh\u00e4lt sich das Recht vor, die Bedingungen und Konditionen der Website jederzeit zu \u00e4ndern. Die \u00c4nderungen treten mit der Ver\u00f6ffentlichung auf der Website in Kraft und gelten ab diesem Zeitpunkt f\u00fcr alle Nutzer. Es liegt in der Verantwortung des Nutzers, die Bedingungen und Konditionen regelm\u00e4\u00dfig auf \u00c4nderungen zu \u00fcberpr\u00fcfen.<\/p>\t\t\t\t\t\t\t\t<\/div>\n\t\t\t\t<div class=\"elementor-element elementor-element-e84dd77 elementor-widget elementor-widget-heading\" data-id=\"e84dd77\" data-element_type=\"widget\" data-e-type=\"widget\" data-widget_type=\"heading.default\">\n\t\t\t\t\t<h2 class=\"elementor-heading-title elementor-size-default\">9. Anwendbares Recht und Gerichtsbarkeit<\/h2>\t\t\t\t<\/div>\n\t\t\t\t<div class=\"elementor-element elementor-element-d605903 elementor-widget elementor-widget-text-editor\" data-id=\"d605903\" data-element_type=\"widget\" data-e-type=\"widget\" data-widget_type=\"text-editor.default\">\n\t\t\t\t\t\t\t\t\t<p data-start=\"4267\" data-end=\"4638\">Die vorliegenden Bedingungen unterliegen der geltenden spanischen und europ\u00e4ischen Gesetzgebung. F\u00fcr alle Streitigkeiten oder Konflikte, die im Zusammenhang mit der Nutzung der Website entstehen k\u00f6nnen, unterwerfen sich die Parteien den Gerichten von \u00c1lava (Spanien), es sei denn, das anwendbare Recht sieht eine andere zwingende Zust\u00e4ndigkeit vor.<\/p>\t\t\t\t\t\t\t\t<\/div>\n\t\t\t\t<div class=\"elementor-element elementor-element-40d067f elementor-widget elementor-widget-text-editor\" data-id=\"40d067f\" data-element_type=\"widget\" data-e-type=\"widget\" data-widget_type=\"text-editor.default\">\n\t\t\t\t\t\t\t\t\t<p><i>Letzte Aktualisierung: 26. Januar 2026<\/i><\/p>\t\t\t\t\t\t\t\t<\/div>\n\t\t\t\t\t<\/div>\n\t\t\t\t<\/div>\n\t\t\t\t<\/div>","protected":false},"excerpt":{"rendered":"<p>Volver a Inicio T\u00e9rminos y Condiciones 1. Introducci\u00f3n El presente documento establece los t\u00e9rminos y condiciones de uso del sitio web de Herdit S.L. (\u201cHerdit\u201d, \u201cnosotros\u201d o \u201cnuestro\u201d), con CIF: ESB01380856, domicilio social en Carretera de Altube Km 5.2, 01196 Aranguiz (\u00c1lava), Espa\u00f1a, inscrita en el Registro Mercantil de \u00c1lava, Tomo 1192, Folio 92, Hoja [&hellip;]<\/p>\n","protected":false},"author":3,"featured_media":0,"parent":0,"menu_order":0,"comment_status":"closed","ping_status":"closed","template":"elementor_header_footer","meta":{"footnotes":""},"class_list":["post-1455","page","type-page","status-publish","hentry"],"_hostinger_reach_plugin_has_subscription_block":false,"_hostinger_reach_plugin_is_elementor":false,"_links":{"self":[{"href":"https:\/\/herdit.com\/de\/wp-json\/wp\/v2\/pages\/1455","targetHints":{"allow":["GET"]}}],"collection":[{"href":"https:\/\/herdit.com\/de\/wp-json\/wp\/v2\/pages"}],"about":[{"href":"https:\/\/herdit.com\/de\/wp-json\/wp\/v2\/types\/page"}],"author":[{"embeddable":true,"href":"https:\/\/herdit.com\/de\/wp-json\/wp\/v2\/users\/3"}],"replies":[{"embeddable":true,"href":"https:\/\/herdit.com\/de\/wp-json\/wp\/v2\/comments?post=1455"}],"version-history":[{"count":82,"href":"https:\/\/herdit.com\/de\/wp-json\/wp\/v2\/pages\/1455\/revisions"}],"predecessor-version":[{"id":5752,"href":"https:\/\/herdit.com\/de\/wp-json\/wp\/v2\/pages\/1455\/revisions\/5752"}],"wp:attachment":[{"href":"https:\/\/herdit.com\/de\/wp-json\/wp\/v2\/media?parent=1455"}],"curies":[{"name":"wp","href":"https:\/\/api.w.org\/{rel}","templated":true}]}}