{"id":1460,"date":"2026-01-07T12:01:14","date_gmt":"2026-01-07T12:01:14","guid":{"rendered":"https:\/\/herdit.com\/?page_id=1460"},"modified":"2026-02-19T08:26:55","modified_gmt":"2026-02-19T08:26:55","slug":"datenschutzerklarung","status":"publish","type":"page","link":"https:\/\/herdit.com\/de\/politica-de-privacidad\/","title":{"rendered":"Datenschutzbestimmungen"},"content":{"rendered":"<div data-elementor-type=\"wp-page\" data-elementor-id=\"1460\" class=\"elementor elementor-1460\" data-elementor-post-type=\"page\">\n\t\t\t\t<div class=\"elementor-element elementor-element-1ccc0de e-flex e-con-boxed elementor-invisible e-con e-parent\" data-id=\"1ccc0de\" data-element_type=\"container\" data-e-type=\"container\" data-settings=\"{&quot;animation&quot;:&quot;fadeIn&quot;}\">\n\t\t\t\t\t<div class=\"e-con-inner\">\n\t\t\t\t<div class=\"elementor-element elementor-element-031b5c4 elementor-align-left elementor-widget__width-initial e-transform elementor-widget elementor-widget-button\" data-id=\"031b5c4\" data-element_type=\"widget\" data-e-type=\"widget\" data-settings=\"{&quot;_transform_scale_effect_hover&quot;:{&quot;unit&quot;:&quot;px&quot;,&quot;size&quot;:1.1,&quot;sizes&quot;:[]},&quot;_transform_scale_effect_hover_tablet&quot;:{&quot;unit&quot;:&quot;px&quot;,&quot;size&quot;:&quot;&quot;,&quot;sizes&quot;:[]},&quot;_transform_scale_effect_hover_mobile&quot;:{&quot;unit&quot;:&quot;px&quot;,&quot;size&quot;:&quot;&quot;,&quot;sizes&quot;:[]}}\" data-widget_type=\"button.default\">\n\t\t\t\t\t\t\t\t\t\t<a class=\"elementor-button elementor-button-link elementor-size-sm\" href=\"https:\/\/herdit.com\/de\/\">\n\t\t\t\t\t\t<span class=\"elementor-button-content-wrapper\">\n\t\t\t\t\t\t<span class=\"elementor-button-icon\">\n\t\t\t\t<svg aria-hidden=\"true\" class=\"e-font-icon-svg e-fas-arrow-left\" viewbox=\"0 0 448 512\" xmlns=\"http:\/\/www.w3.org\/2000\/svg\"><path d=\"M257.5 445.1l-22.2 22.2c-9.4 9.4-24.6 9.4-33.9 0L7 273c-9.4-9.4-9.4-24.6 0-33.9L201.4 44.7c9.4-9.4 24.6-9.4 33.9 0l22.2 22.2c9.5 9.5 9.3 25-.4 34.3L136.6 216H424c13.3 0 24 10.7 24 24v32c0 13.3-10.7 24-24 24H136.6l120.5 114.8c9.8 9.3 10 24.8.4 34.3z\"><\/path><\/svg>\t\t\t<\/span>\n\t\t\t\t\t\t\t\t\t<span class=\"elementor-button-text\">Zur\u00fcck zur Startseite<\/span>\n\t\t\t\t\t<\/span>\n\t\t\t\t\t<\/a>\n\t\t\t\t\t\t\t\t<\/div>\n\t\t\t\t\t<\/div>\n\t\t\t\t<\/div>\n\t\t<div class=\"elementor-element elementor-element-548c606 e-flex e-con-boxed elementor-invisible e-con e-parent\" data-id=\"548c606\" data-element_type=\"container\" data-e-type=\"container\" data-settings=\"{&quot;animation&quot;:&quot;fadeInUp&quot;}\">\n\t\t\t\t\t<div class=\"e-con-inner\">\n\t\t\t\t<div class=\"elementor-element elementor-element-b72c4fe elementor-widget elementor-widget-heading\" data-id=\"b72c4fe\" data-element_type=\"widget\" data-e-type=\"widget\" data-widget_type=\"heading.default\">\n\t\t\t\t\t<h2 class=\"elementor-heading-title elementor-size-default\">Datenschutzbestimmungen<\/h2>\t\t\t\t<\/div>\n\t\t\t\t<div class=\"elementor-element elementor-element-90c055e elementor-widget elementor-widget-heading\" data-id=\"90c055e\" data-element_type=\"widget\" data-e-type=\"widget\" data-widget_type=\"heading.default\">\n\t\t\t\t\t<h2 class=\"elementor-heading-title elementor-size-default\">1. Einleitung\n<\/h2>\t\t\t\t<\/div>\n\t\t\t\t<div class=\"elementor-element elementor-element-29721b0 elementor-widget elementor-widget-text-editor\" data-id=\"29721b0\" data-element_type=\"widget\" data-e-type=\"widget\" data-widget_type=\"text-editor.default\">\n\t\t\t\t\t\t\t\t\t<p data-start=\"232\" data-end=\"857\">Herdit S.L. (\u201cHerdit\u201d, \u201cwir\u201d, \u201cuns\u201d, \u201cunser\u201d oder \u201cunser\u201d) freut sich \u00fcber Ihren Besuch auf unserer Website und Ihr Interesse an unseren Produkten und Dienstleistungen. Der Schutz Ihrer pers\u00f6nlichen Daten und die Wahrung Ihrer Privatsph\u00e4re haben f\u00fcr uns Priorit\u00e4t. In dieser Datenschutzerkl\u00e4rung wird erl\u00e4utert, wie wir personenbezogene Daten erheben, verarbeiten, speichern und sch\u00fctzen, die von Nutzern (\u201cNutzer\u201d oder \"Sie\") bei der Nutzung unserer Website, Anwendungen oder Online-Formulare zur Verf\u00fcgung gestellt werden. Sie ist so gestaltet, dass sie der Allgemeinen Datenschutzverordnung (EU) 2016\/679 (\"GDPR\") und anderen geltenden Datenschutzgesetzen entspricht. Dar\u00fcber hinaus erfolgt die Verarbeitung in \u00dcbereinstimmung mit dem Gesetz 34\/2002 \u00fcber Dienstleistungen der Informationsgesellschaft und den elektronischen Handel (LSSI-CE).<\/p><p data-start=\"859\" data-end=\"1354\">Im Sinne dieser Datenschutzerkl\u00e4rung bezeichnet der Begriff \u201cNutzer\u201d jede nat\u00fcrliche Person, die an den von Herdit \u00fcber seine Website angebotenen Produkten und Dienstleistungen interessiert ist. Diese Richtlinie beschreibt, wer f\u00fcr Ihre Daten verantwortlich ist, welche Daten erhoben werden, zu welchen Zwecken und auf welcher Rechtsgrundlage sie verarbeitet werden, wie lange sie aufbewahrt werden, wer Zugang zu ihnen hat, Ihre Rechte, die getroffenen Sicherheitsma\u00dfnahmen, die Verwendung von Cookies, externe Links und wie wir diese Richtlinie aktualisieren.<\/p>\t\t\t\t\t\t\t\t<\/div>\n\t\t\t\t<div class=\"elementor-element elementor-element-5e68d3a elementor-widget elementor-widget-heading\" data-id=\"5e68d3a\" data-element_type=\"widget\" data-e-type=\"widget\" data-widget_type=\"heading.default\">\n\t\t\t\t\t<h2 class=\"elementor-heading-title elementor-size-default\">2. Verantwortlichkeit der Datenverarbeitung\n<\/h2>\t\t\t\t<\/div>\n\t\t\t\t<div class=\"elementor-element elementor-element-7b2f45d elementor-widget elementor-widget-text-editor\" data-id=\"7b2f45d\" data-element_type=\"widget\" data-e-type=\"widget\" data-widget_type=\"text-editor.default\">\n\t\t\t\t\t\t\t\t\t<p data-start=\"1361\" data-end=\"1497\">Der f\u00fcr die Verarbeitung der \u00fcber diese Website erhobenen personenbezogenen Daten Verantwortliche ist:<\/p><p data-start=\"1499\" data-end=\"1617\"><strong data-start=\"1499\" data-end=\"1514\">Herdit S.L.<\/strong><br data-start=\"1514\" data-end=\"1517\" \/>CIF: ESB01380856<br data-start=\"681\" data-end=\"684\" \/>Firmensitz: Carretera de Altube Km 5.2, 01196 Aranguiz (\u00c1lava), Spanien<br data-start=\"760\" data-end=\"763\" \/>Eingetragen im Unternehmensregister von \u00c1lava, Band 1192, Folio 92, Seite 10676.<br data-start=\"838\" data-end=\"841\" \/>E-Mail: <a class=\"decorated-link cursor-pointer\" rel=\"noopener\" data-start=\"861\" data-end=\"878\">herdit@herdit.com<\/a><\/p><p data-start=\"1619\" data-end=\"1706\">Sie k\u00f6nnen sich jederzeit an uns wenden, wenn Sie Fragen zum Datenschutz haben.<\/p>\t\t\t\t\t\t\t\t<\/div>\n\t\t\t\t<div class=\"elementor-element elementor-element-fd39eb0 elementor-widget elementor-widget-heading\" data-id=\"fd39eb0\" data-element_type=\"widget\" data-e-type=\"widget\" data-widget_type=\"heading.default\">\n\t\t\t\t\t<h2 class=\"elementor-heading-title elementor-size-default\">3. Arten der erhoben personenbezogenen Daten<\/h2>\t\t\t\t<\/div>\n\t\t\t\t<div class=\"elementor-element elementor-element-d2e4555 elementor-widget elementor-widget-text-editor\" data-id=\"d2e4555\" data-element_type=\"widget\" data-e-type=\"widget\" data-widget_type=\"text-editor.default\">\n\t\t\t\t\t\t\t\t\t<p data-start=\"511\" data-end=\"649\">Herdit kann die folgenden Arten von personenbezogenen Daten erfassen und verarbeiten, wenn Sie unsere Website, Anwendungen oder Online-Formulare nutzen:<\/p><p data-start=\"651\" data-end=\"868\"><strong data-start=\"651\" data-end=\"693\">3.1 Identifizierung und Kontaktangaben<\/strong><br data-start=\"693\" data-end=\"696\" \/>Dazu geh\u00f6ren Vorname, Nachname, Unternehmen, Berufsbezeichnung, E-Mail-Adresse und Telefonnummer sowie alle Informationen, die in an uns gesendeten Nachrichten enthalten sind.<\/p><p data-start=\"870\" data-end=\"1069\"><strong data-start=\"870\" data-end=\"923\">3.2 Mit den Formularen erfasste Daten<\/strong><br data-start=\"923\" data-end=\"926\" \/>Wenn ein Nutzer unsere Kontaktformulare oder Bewerbungs-\/Angebotsformulare ausf\u00fcllt und absendet, sammelt Herdit die folgenden Daten:<\/p><ul data-start=\"1070\" data-end=\"1229\"><li data-start=\"1070\" data-end=\"1092\"><p data-start=\"1072\" data-end=\"1092\">Vorname und Nachname<\/p><\/li><li data-start=\"1093\" data-end=\"1128\"><p data-start=\"1095\" data-end=\"1128\">E-Mail Adresse<\/p><\/li><li data-start=\"1129\" data-end=\"1151\"><p data-start=\"1131\" data-end=\"1151\">Rufnummer<\/p><\/li><li data-start=\"1152\" data-end=\"1184\"><p data-start=\"1154\" data-end=\"1184\">Unternehmen und Position (falls zutreffend)<\/p><\/li><li data-start=\"1185\" data-end=\"1229\"><p data-start=\"1187\" data-end=\"1229\">Gesendete Nachricht oder Lebensl\u00e4ufe\/angeh\u00e4ngte Dokumente<\/p><\/li><\/ul><p data-start=\"1231\" data-end=\"1352\"><strong data-start=\"1231\" data-end=\"1245\">Zweck:<\/strong> Beantwortung von Anfragen, Bearbeitung von Bewerbungen und F\u00fchrung eines internen Kommunikationsregisters.<\/p><p data-start=\"1354\" data-end=\"1712\"><strong data-start=\"1354\" data-end=\"1385\">3.3 Technische und betriebliche Daten<\/strong><br data-start=\"1385\" data-end=\"1388\" \/>Dazu geh\u00f6ren die IP-Adresse, der Browsertyp, das Betriebssystem, Ger\u00e4tekennungen und das Surfverhalten auf der Website. Cookies und \u00e4hnliche Technologien werden verwendet, um das Nutzererlebnis zu verbessern und die Funktionalit\u00e4t der Website zu gew\u00e4hrleisten, wie in unserer Cookie-Richtlinie beschrieben.<\/p><p data-start=\"1714\" data-end=\"1785\"><strong data-start=\"1714\" data-end=\"1783\">3.4 Daten in Bezug auf Sicherheit und \u00dcbersetzungswerkzeuge<\/strong><\/p><ul data-start=\"1786\" data-end=\"1994\"><li data-start=\"1786\" data-end=\"1872\"><p data-start=\"1788\" data-end=\"1872\">Wordfence wird eingesetzt, um die Website zu sch\u00fctzen und unbefugten Zugriff zu verhindern.<\/p><\/li><li data-start=\"1873\" data-end=\"1994\"><p data-start=\"1875\" data-end=\"1994\">TranslatePress verarbeitet technische Daten, um die Website je nach den Pr\u00e4ferenzen des Nutzers in verschiedenen Sprachen anzuzeigen.<\/p><\/li><li data-start=\"1873\" data-end=\"1994\">reCAPTCHA (Google LLC, USA) wird in Formularen zum Schutz vor Spam und automatischen Zugriffen (Bots) verwendet. Es sammelt technische Informationen wie die IP-Adresse und Daten zur Interaktion mit der Website, die im Einklang mit den Richtlinien von Google verarbeitet werden.<\/li><\/ul>\t\t\t\t\t\t\t\t<\/div>\n\t\t\t\t<div class=\"elementor-element elementor-element-aff9b54 elementor-widget elementor-widget-heading\" data-id=\"aff9b54\" data-element_type=\"widget\" data-e-type=\"widget\" data-widget_type=\"heading.default\">\n\t\t\t\t\t<h2 class=\"elementor-heading-title elementor-size-default\">4. Zweck der Verarbeitung<\/h2>\t\t\t\t<\/div>\n\t\t\t\t<div class=\"elementor-element elementor-element-955c6dd elementor-widget elementor-widget-text-editor\" data-id=\"955c6dd\" data-element_type=\"widget\" data-e-type=\"widget\" data-widget_type=\"text-editor.default\">\n\t\t\t\t\t\t\t\t\t<p data-start=\"1914\" data-end=\"2451\">Die von uns erfassten personenbezogenen Daten werden verarbeitet, um Anfragen zu beantworten, Antr\u00e4ge zu bearbeiten, Informationen \u00fcber unsere Produkte und Dienstleistungen bereitzustellen, berufliche Beziehungen zu pflegen sowie die Leistung, Funktionalit\u00e4t und Sicherheit der Website zu verbessern. Die Daten k\u00f6nnen auch verarbeitet werden, um gesetzliche Verpflichtungen zu erf\u00fcllen und vertragliche Rechte durchzusetzen, sowie an verbundene Unternehmen innerhalb der Herdit-Gruppe weitergegeben werden, wenn eine Einwilligung vorliegt oder dies gesetzlich vorgeschrieben ist.<\/p>\t\t\t\t\t\t\t\t<\/div>\n\t\t\t\t<div class=\"elementor-element elementor-element-279c1b9 elementor-widget elementor-widget-heading\" data-id=\"279c1b9\" data-element_type=\"widget\" data-e-type=\"widget\" data-widget_type=\"heading.default\">\n\t\t\t\t\t<h2 class=\"elementor-heading-title elementor-size-default\">5. Rechtsgrundlage f\u00fcr die Verarbeitung<\/h2>\t\t\t\t<\/div>\n\t\t\t\t<div class=\"elementor-element elementor-element-4708292 elementor-widget elementor-widget-text-editor\" data-id=\"4708292\" data-element_type=\"widget\" data-e-type=\"widget\" data-widget_type=\"text-editor.default\">\n\t\t\t\t\t\t\t\t\t<p data-start=\"606\" data-end=\"780\">Die von Herdit erhobenen personenbezogenen Daten werden auf der Grundlage einer oder mehrerer der folgenden Rechtsgrundlagen der DSGVO verarbeitet, je nach dem spezifischen Zweck:<\/p><ol data-start=\"782\" data-end=\"1895\"><li data-start=\"782\" data-end=\"1172\"><p data-start=\"785\" data-end=\"817\">Zustimmung der Benutzer<\/p><ul data-start=\"821\" data-end=\"1172\"><li data-start=\"821\" data-end=\"1019\"><p data-start=\"823\" data-end=\"1019\">F\u00fcr die Zusendung von Anfragen \u00fcber unsere Kontaktformulare oder die Zusendung von Bewerbungen und Stellenangeboten werden Daten nur nach Ihrer ausdr\u00fccklichen Zustimmung verarbeitet.<\/p><\/li><li data-start=\"1023\" data-end=\"1172\"><p data-start=\"1025\" data-end=\"1172\">Der Nutzer kann seine Einwilligung jederzeit widerrufen, ohne dass dadurch die Rechtm\u00e4\u00dfigkeit der vor dem Widerruf erfolgten Verarbeitung ber\u00fchrt wird.<\/p><\/li><\/ul><\/li><li data-start=\"1174\" data-end=\"1596\"><p data-start=\"1177\" data-end=\"1199\">Legitimes Interesse<\/p><ul data-start=\"1203\" data-end=\"1596\"><li data-start=\"1203\" data-end=\"1473\"><p data-start=\"1205\" data-end=\"1473\">Zur Gew\u00e4hrleistung der Sicherheit der Website und der sie unterst\u00fctzenden Systeme (z.B. durch Wordfence) sowie zur Analyse der Nutzung der Website f\u00fcr Zwecke der Inhalts-, Leistungs- und Designoptimierung werden Daten in anonymisierter oder pseudonymisierter Form verarbeitet.<\/p><\/li><li data-start=\"1477\" data-end=\"1596\"><p data-start=\"1479\" data-end=\"1596\">Diese Verarbeitung erfolgt unter der Voraussetzung, dass die Grundrechte und -freiheiten der Nutzer nicht beeintr\u00e4chtigt werden.<\/p><\/li><\/ul><\/li><li data-start=\"1598\" data-end=\"1895\"><p data-start=\"1601\" data-end=\"1643\">Einhaltung der rechtlichen Verpflichtungen<\/p><ul data-start=\"1647\" data-end=\"1895\"><li data-start=\"1647\" data-end=\"1895\"><p data-start=\"1649\" data-end=\"1895\">Wenn es notwendig ist, bestimmte Daten aufzubewahren, um gesetzlichen oder beh\u00f6rdlichen Verpflichtungen nachzukommen (z. B. bei Einstellungs- oder Besch\u00e4ftigungsmanagementverfahren), erfolgt die Verarbeitung im Einklang mit der geltenden gesetzlichen Verpflichtung.<\/p><\/li><\/ul><\/li><\/ol><p data-start=\"1649\" data-end=\"1895\">F\u00fcr jede andere Verarbeitung personenbezogener Daten wird Herdit die vorherige Zustimmung des Nutzers einholen oder die entsprechende Rechtsgrundlage angeben.<\/p><p data-start=\"1649\" data-end=\"1895\">Dar\u00fcber hinaus kann die Nutzung bestimmter Dienste Dritter, insbesondere von Webanalysetools wie Google Analytics, die internationale \u00dcbermittlung personenbezogener Daten au\u00dferhalb des Europ\u00e4ischen Wirtschaftsraums zur Folge haben. Solche \u00dcbermittlungen erfolgen im Einklang mit den in der Datenschutz-Grundverordnung geforderten angemessenen Garantien, einschlie\u00dflich der Anwendung der von der Europ\u00e4ischen Kommission genehmigten Standardvertragsklauseln und gegebenenfalls zus\u00e4tzlicher Schutzma\u00dfnahmen.<\/p>\t\t\t\t\t\t\t\t<\/div>\n\t\t\t\t<div class=\"elementor-element elementor-element-fdd99ab elementor-widget elementor-widget-heading\" data-id=\"fdd99ab\" data-element_type=\"widget\" data-e-type=\"widget\" data-widget_type=\"heading.default\">\n\t\t\t\t\t<h2 class=\"elementor-heading-title elementor-size-default\">6. Vorratsdatenspeicherung\n<\/h2>\t\t\t\t<\/div>\n\t\t\t\t<div class=\"elementor-element elementor-element-a691063 elementor-widget elementor-widget-text-editor\" data-id=\"a691063\" data-element_type=\"widget\" data-e-type=\"widget\" data-widget_type=\"text-editor.default\">\n\t\t\t\t\t\t\t\t\t<p data-start=\"301\" data-end=\"586\">Die von den Nutzern zur Verf\u00fcgung gestellten personenbezogenen Daten werden nur so lange aufbewahrt, wie es f\u00fcr die Erf\u00fcllung der Zwecke, f\u00fcr die sie erhoben wurden, erforderlich ist, und gegebenenfalls so lange, wie gesetzliche oder vertragliche Verpflichtungen im Zusammenhang mit ihrer Verarbeitung entstehen k\u00f6nnen.<\/p><p data-start=\"588\" data-end=\"602\">Im Besonderen:<\/p><ul data-start=\"604\" data-end=\"1245\"><li data-start=\"604\" data-end=\"847\"><p data-start=\"606\" data-end=\"847\">Die \u00fcber die Kontakt- oder Bewerbungsformulare \u00fcbermittelten Daten werden so lange aufbewahrt, wie es f\u00fcr die Bearbeitung der Anfrage, die Abwicklung des entsprechenden Vorgangs oder die Aufrechterhaltung der damit verbundenen beruflichen Kommunikation erforderlich ist.<\/p><\/li><li data-start=\"848\" data-end=\"1038\"><p data-start=\"850\" data-end=\"1038\">Daten, die zum Zweck der statistischen Analyse und der Verbesserung der Website verarbeitet werden, werden gem\u00e4\u00df den von den eingesetzten Dienstleistern festgelegten Bedingungen und Einstellungen gespeichert.<\/p><\/li><li data-start=\"1039\" data-end=\"1245\"><p data-start=\"1041\" data-end=\"1245\">Die zu Sicherheitszwecken verarbeiteten Daten werden so lange aufbewahrt, wie es unbedingt erforderlich ist, um den Schutz der Website zu gew\u00e4hrleisten und unbefugten Zugriff oder b\u00f6swillige Aktivit\u00e4ten zu verhindern.<\/p><\/li><\/ul><p data-start=\"1247\" data-end=\"1462\">Sobald die Daten f\u00fcr die genannten Zwecke nicht mehr ben\u00f6tigt werden, werden sie sicher gel\u00f6scht oder anonymisiert, es sei denn, ihre Aufbewahrung ist zur Erf\u00fcllung einer rechtlichen Verpflichtung erforderlich.<\/p>\t\t\t\t\t\t\t\t<\/div>\n\t\t\t\t<div class=\"elementor-element elementor-element-0834f69 elementor-widget elementor-widget-heading\" data-id=\"0834f69\" data-element_type=\"widget\" data-e-type=\"widget\" data-widget_type=\"heading.default\">\n\t\t\t\t\t<h2 class=\"elementor-heading-title elementor-size-default\">7. Zugang von Dritten zu Ihren Daten<\/h2>\t\t\t\t<\/div>\n\t\t\t\t<div class=\"elementor-element elementor-element-f91d0a5 elementor-widget elementor-widget-text-editor\" data-id=\"f91d0a5\" data-element_type=\"widget\" data-e-type=\"widget\" data-widget_type=\"text-editor.default\">\n\t\t\t\t\t\t\t\t\t<p data-start=\"4468\" data-end=\"5142\">Herdit kann Ihre personenbezogenen Daten an verbundene Unternehmen innerhalb der Herdit-Gruppe, an Dienstleister, die uns im Rahmen von GDPR-konformen Datenverarbeitungsvertr\u00e4gen beim Hosting, der technischen Unterst\u00fctzung, der Analyse und anderen Gesch\u00e4ftsvorg\u00e4ngen unterst\u00fctzen, sowie an Rechtsberater, Wirtschaftspr\u00fcfer oder Aufsichtsbeh\u00f6rden weitergeben, sofern dies gesetzlich vorgeschrieben ist. Personenbezogene Daten werden nicht verkauft oder f\u00fcr andere Gesch\u00e4ftszwecke weitergegeben. Jegliche \u00dcbermittlung au\u00dferhalb des Europ\u00e4ischen Wirtschaftsraums erfolgt in \u00dcbereinstimmung mit GDPR-konformen Datenschutzmechanismen, wie z. B. Standardvertragsklauseln.<\/p>\t\t\t\t\t\t\t\t<\/div>\n\t\t\t\t<div class=\"elementor-element elementor-element-1303cbd elementor-widget elementor-widget-heading\" data-id=\"1303cbd\" data-element_type=\"widget\" data-e-type=\"widget\" data-widget_type=\"heading.default\">\n\t\t\t\t\t<h2 class=\"elementor-heading-title elementor-size-default\">8. Benutzerrechte\n<\/h2>\t\t\t\t<\/div>\n\t\t\t\t<div class=\"elementor-element elementor-element-6dab837 elementor-widget elementor-widget-text-editor\" data-id=\"6dab837\" data-element_type=\"widget\" data-e-type=\"widget\" data-widget_type=\"text-editor.default\">\n\t\t\t\t\t\t\t\t\t<p data-start=\"5149\" data-end=\"5632\">Sie haben das Recht, auf Ihre personenbezogenen Daten zuzugreifen, die Berichtigung unrichtiger oder unvollst\u00e4ndiger Daten zu verlangen, die L\u00f6schung zu fordern, die Verarbeitung einzuschr\u00e4nken, die Daten\u00fcbertragbarkeit in Anspruch zu nehmen, der Verarbeitung aus berechtigten Interessen oder zu kommerziellen Zwecken zu widersprechen, Ihre Einwilligung jederzeit zu widerrufen und eine Beschwerde bei der zust\u00e4ndigen Aufsichtsbeh\u00f6rde, wie der spanischen Datenschutzbeh\u00f6rde (<a class=\"decorated-link\" href=\"http:\/\/www.aepd.es\" target=\"_new\" rel=\"noopener\" data-start=\"5617\" data-end=\"5628\">www.aepd.es<\/a>).<\/p><p data-start=\"5634\" data-end=\"6037\">Sie k\u00f6nnen diese Rechte kostenlos wahrnehmen, indem Sie eine E-Mail an folgende Adresse senden <a class=\"decorated-link cursor-pointer\" rel=\"noopener\" data-start=\"5716\" data-end=\"5733\">herdit@herdit.com<\/a> oder durch schriftliche Anfrage an Herdit S.L., Carretera de Altube Km 5.2, 01196 Aranguiz (\u00c1lava), Spanien, unter Angabe Ihres vollst\u00e4ndigen Namens, Ihrer Kontaktdaten, einer Kopie Ihres Ausweises und der Beschreibung Ihres Anliegens. Im Falle einer Vertretung ist ein Nachweis der Vollmacht vorzulegen.<\/p>\t\t\t\t\t\t\t\t<\/div>\n\t\t\t\t<div class=\"elementor-element elementor-element-bf8c5bd elementor-widget elementor-widget-heading\" data-id=\"bf8c5bd\" data-element_type=\"widget\" data-e-type=\"widget\" data-widget_type=\"heading.default\">\n\t\t\t\t\t<h2 class=\"elementor-heading-title elementor-size-default\">9. Sicherheitsma\u00dfnahmen<\/h2>\t\t\t\t<\/div>\n\t\t\t\t<div class=\"elementor-element elementor-element-95d6acc elementor-widget elementor-widget-text-editor\" data-id=\"95d6acc\" data-element_type=\"widget\" data-e-type=\"widget\" data-widget_type=\"text-editor.default\">\n\t\t\t\t\t\t\t\t\t<p data-start=\"6044\" data-end=\"6466\">Herdit ergreift geeignete technische und organisatorische Ma\u00dfnahmen, um personenbezogene Daten vor unbefugtem Zugriff, Ver\u00e4nderung, Verlust oder Offenlegung zu sch\u00fctzen. Diese Ma\u00dfnahmen umfassen eine laufende \u00dcberwachung, Risikobewertung, Mitarbeiterschulung und die Einhaltung bew\u00e4hrter Branchenpraktiken, um die Vertraulichkeit, Integrit\u00e4t und Sicherheit Ihrer Daten zu gew\u00e4hrleisten.<\/p>\t\t\t\t\t\t\t\t<\/div>\n\t\t\t\t<div class=\"elementor-element elementor-element-0379519 elementor-widget elementor-widget-heading\" data-id=\"0379519\" data-element_type=\"widget\" data-e-type=\"widget\" data-widget_type=\"heading.default\">\n\t\t\t\t\t<h2 class=\"elementor-heading-title elementor-size-default\">10. Verwendung von Cookies\n<\/h2>\t\t\t\t<\/div>\n\t\t\t\t<div class=\"elementor-element elementor-element-45f973c elementor-widget elementor-widget-text-editor\" data-id=\"45f973c\" data-element_type=\"widget\" data-e-type=\"widget\" data-widget_type=\"text-editor.default\">\n\t\t\t\t\t\t\t\t\t<p data-start=\"6473\" data-end=\"6770\">Unsere Website verwendet Cookies und \u00e4hnliche Technologien, um Benutzer zu unterscheiden, die Funktionalit\u00e4t der Website zu verbessern und die Leistung zu analysieren. Nicht wesentliche Cookies bed\u00fcrfen der vorherigen Zustimmung. F\u00fcr weitere Informationen lesen Sie bitte unsere Cookie-Richtlinie.<\/p>\t\t\t\t\t\t\t\t<\/div>\n\t\t\t\t<div class=\"elementor-element elementor-element-1590e8d elementor-widget elementor-widget-heading\" data-id=\"1590e8d\" data-element_type=\"widget\" data-e-type=\"widget\" data-widget_type=\"heading.default\">\n\t\t\t\t\t<h2 class=\"elementor-heading-title elementor-size-default\">11. Externe Links<\/h2>\t\t\t\t<\/div>\n\t\t\t\t<div class=\"elementor-element elementor-element-d5e1a5f elementor-widget elementor-widget-text-editor\" data-id=\"d5e1a5f\" data-element_type=\"widget\" data-e-type=\"widget\" data-widget_type=\"text-editor.default\">\n\t\t\t\t\t\t\t\t\t<p data-start=\"6777\" data-end=\"7100\">Unsere Website kann Links zu externen Websites enthalten, die nicht von Herdit betrieben werden. Wir sind nicht verantwortlich f\u00fcr die Datenschutzpraktiken oder den Inhalt dieser Websites. Bevor Sie personenbezogene Daten auf Websites Dritter angeben, empfehlen wir Ihnen, deren Datenschutzrichtlinien zu lesen.<\/p>\t\t\t\t\t\t\t\t<\/div>\n\t\t\t\t<div class=\"elementor-element elementor-element-3be107b elementor-widget elementor-widget-heading\" data-id=\"3be107b\" data-element_type=\"widget\" data-e-type=\"widget\" data-widget_type=\"heading.default\">\n\t\t\t\t\t<h2 class=\"elementor-heading-title elementor-size-default\">12. \u00c4nderung der Datenschutzrichtlinie<\/h2>\t\t\t\t<\/div>\n\t\t\t\t<div class=\"elementor-element elementor-element-7921609 elementor-widget elementor-widget-text-editor\" data-id=\"7921609\" data-element_type=\"widget\" data-e-type=\"widget\" data-widget_type=\"text-editor.default\">\n\t\t\t\t\t\t\t\t\t<p data-start=\"7107\" data-end=\"7446\">Herdit beh\u00e4lt sich das Recht vor, diese Datenschutzrichtlinie von Zeit zu Zeit zu aktualisieren. Die aktuelle Version wird auf dieser Website ver\u00f6ffentlicht, und den Nutzern wird empfohlen, sie regelm\u00e4\u00dfig zu \u00fcberpr\u00fcfen, um \u00fcber die Art der gesammelten Informationen und deren Verarbeitung informiert zu bleiben.<\/p>\t\t\t\t\t\t\t\t<\/div>\n\t\t\t\t<div class=\"elementor-element elementor-element-63927ad elementor-widget elementor-widget-text-editor\" data-id=\"63927ad\" data-element_type=\"widget\" data-e-type=\"widget\" data-widget_type=\"text-editor.default\">\n\t\t\t\t\t\t\t\t\t<p><i>Letzte Aktualisierung: 26. Januar 2026<\/i><\/p>\t\t\t\t\t\t\t\t<\/div>\n\t\t\t\t\t<\/div>\n\t\t\t\t<\/div>\n\t\t\t\t<\/div>","protected":false},"excerpt":{"rendered":"<p>Volver a Inicio Pol\u00edtica de Privacidad 1. Introducci\u00f3n Herdit S.L. (\u201cHerdit\u201d, \u201cnosotros\u201d o \u201cnuestro\u201d) valora su visita a nuestro sitio web y su inter\u00e9s en nuestros productos y servicios. La protecci\u00f3n de sus datos personales y la garant\u00eda de su privacidad son una prioridad. Esta Pol\u00edtica de Privacidad explica c\u00f3mo recopilamos, procesamos, almacenamos y protegemos [&hellip;]<\/p>\n","protected":false},"author":3,"featured_media":0,"parent":0,"menu_order":0,"comment_status":"closed","ping_status":"closed","template":"elementor_header_footer","meta":{"footnotes":""},"class_list":["post-1460","page","type-page","status-publish","hentry"],"_hostinger_reach_plugin_has_subscription_block":false,"_hostinger_reach_plugin_is_elementor":false,"_links":{"self":[{"href":"https:\/\/herdit.com\/de\/wp-json\/wp\/v2\/pages\/1460","targetHints":{"allow":["GET"]}}],"collection":[{"href":"https:\/\/herdit.com\/de\/wp-json\/wp\/v2\/pages"}],"about":[{"href":"https:\/\/herdit.com\/de\/wp-json\/wp\/v2\/types\/page"}],"author":[{"embeddable":true,"href":"https:\/\/herdit.com\/de\/wp-json\/wp\/v2\/users\/3"}],"replies":[{"embeddable":true,"href":"https:\/\/herdit.com\/de\/wp-json\/wp\/v2\/comments?post=1460"}],"version-history":[{"count":114,"href":"https:\/\/herdit.com\/de\/wp-json\/wp\/v2\/pages\/1460\/revisions"}],"predecessor-version":[{"id":5742,"href":"https:\/\/herdit.com\/de\/wp-json\/wp\/v2\/pages\/1460\/revisions\/5742"}],"wp:attachment":[{"href":"https:\/\/herdit.com\/de\/wp-json\/wp\/v2\/media?parent=1460"}],"curies":[{"name":"wp","href":"https:\/\/api.w.org\/{rel}","templated":true}]}}