{"id":1450,"date":"2026-01-07T12:00:22","date_gmt":"2026-01-07T12:00:22","guid":{"rendered":"https:\/\/herdit.com\/?page_id=1450"},"modified":"2026-02-19T08:28:09","modified_gmt":"2026-02-19T08:28:09","slug":"cookies-policy","status":"publish","type":"page","link":"https:\/\/herdit.com\/en\/politica-de-cookies\/","title":{"rendered":"Cookies Policy"},"content":{"rendered":"<div data-elementor-type=\"wp-page\" data-elementor-id=\"1450\" class=\"elementor elementor-1450\" data-elementor-post-type=\"page\">\n\t\t\t\t<div class=\"elementor-element elementor-element-c88b867 e-flex e-con-boxed elementor-invisible e-con e-parent\" data-id=\"c88b867\" data-element_type=\"container\" data-e-type=\"container\" data-settings=\"{&quot;animation&quot;:&quot;fadeIn&quot;}\">\n\t\t\t\t\t<div class=\"e-con-inner\">\n\t\t\t\t<div class=\"elementor-element elementor-element-efe2625 elementor-align-left elementor-widget__width-initial e-transform elementor-widget elementor-widget-button\" data-id=\"efe2625\" data-element_type=\"widget\" data-e-type=\"widget\" data-settings=\"{&quot;_transform_scale_effect_hover&quot;:{&quot;unit&quot;:&quot;px&quot;,&quot;size&quot;:1.1,&quot;sizes&quot;:[]},&quot;_transform_scale_effect_hover_tablet&quot;:{&quot;unit&quot;:&quot;px&quot;,&quot;size&quot;:&quot;&quot;,&quot;sizes&quot;:[]},&quot;_transform_scale_effect_hover_mobile&quot;:{&quot;unit&quot;:&quot;px&quot;,&quot;size&quot;:&quot;&quot;,&quot;sizes&quot;:[]}}\" data-widget_type=\"button.default\">\n\t\t\t\t\t\t\t\t\t\t<a class=\"elementor-button elementor-button-link elementor-size-sm\" href=\"https:\/\/herdit.com\/en\/\">\n\t\t\t\t\t\t<span class=\"elementor-button-content-wrapper\">\n\t\t\t\t\t\t<span class=\"elementor-button-icon\">\n\t\t\t\t<svg aria-hidden=\"true\" class=\"e-font-icon-svg e-fas-arrow-left\" viewbox=\"0 0 448 512\" xmlns=\"http:\/\/www.w3.org\/2000\/svg\"><path d=\"M257.5 445.1l-22.2 22.2c-9.4 9.4-24.6 9.4-33.9 0L7 273c-9.4-9.4-9.4-24.6 0-33.9L201.4 44.7c9.4-9.4 24.6-9.4 33.9 0l22.2 22.2c9.5 9.5 9.3 25-.4 34.3L136.6 216H424c13.3 0 24 10.7 24 24v32c0 13.3-10.7 24-24 24H136.6l120.5 114.8c9.8 9.3 10 24.8.4 34.3z\"><\/path><\/svg>\t\t\t<\/span>\n\t\t\t\t\t\t\t\t\t<span class=\"elementor-button-text\">Back to Home<\/span>\n\t\t\t\t\t<\/span>\n\t\t\t\t\t<\/a>\n\t\t\t\t\t\t\t\t<\/div>\n\t\t\t\t\t<\/div>\n\t\t\t\t<\/div>\n\t\t<div class=\"elementor-element elementor-element-0e94b63 e-flex e-con-boxed elementor-invisible e-con e-parent\" data-id=\"0e94b63\" data-element_type=\"container\" data-e-type=\"container\" data-settings=\"{&quot;animation&quot;:&quot;fadeInUp&quot;}\">\n\t\t\t\t\t<div class=\"e-con-inner\">\n\t\t\t\t<div class=\"elementor-element elementor-element-3369568 elementor-widget elementor-widget-heading\" data-id=\"3369568\" data-element_type=\"widget\" data-e-type=\"widget\" data-widget_type=\"heading.default\">\n\t\t\t\t\t<h2 class=\"elementor-heading-title elementor-size-default\">Cookies Policy<\/h2>\t\t\t\t<\/div>\n\t\t\t\t<div class=\"elementor-element elementor-element-81555b7 elementor-widget elementor-widget-heading\" data-id=\"81555b7\" data-element_type=\"widget\" data-e-type=\"widget\" data-widget_type=\"heading.default\">\n\t\t\t\t\t<h2 class=\"elementor-heading-title elementor-size-default\">1. Introduction\n<\/h2>\t\t\t\t<\/div>\n\t\t\t\t<div class=\"elementor-element elementor-element-97769e4 elementor-widget elementor-widget-text-editor\" data-id=\"97769e4\" data-element_type=\"widget\" data-e-type=\"widget\" data-widget_type=\"text-editor.default\">\n\t\t\t\t\t\t\t\t\t<p data-start=\"215\" data-end=\"802\">Herdit S.L. (\u201cHerdit\u201d, \u201cwe\u201d, \u201cus\u201d, \"our\" or \"our\") uses cookies and similar technologies on its website to improve the browsing experience of users, analyze site performance, and ensure its proper functioning. This Cookie Policy explains what cookies are, what types we use, for what purposes, and how you can manage or reject them. Your acceptance of cookies is in accordance with the provisions of the General Data Protection Regulation (EU) 2016\/679, Law 34\/2002, of Information Society Services and Electronic Commerce (LSSI-CE) and the applicable regulations on electronic privacy.<\/p>\t\t\t\t\t\t\t\t<\/div>\n\t\t\t\t<div class=\"elementor-element elementor-element-d24db38 elementor-widget elementor-widget-heading\" data-id=\"d24db38\" data-element_type=\"widget\" data-e-type=\"widget\" data-widget_type=\"heading.default\">\n\t\t\t\t\t<h2 class=\"elementor-heading-title elementor-size-default\">2. What are cookies<\/h2>\t\t\t\t<\/div>\n\t\t\t\t<div class=\"elementor-element elementor-element-20e3d4c elementor-widget elementor-widget-text-editor\" data-id=\"20e3d4c\" data-element_type=\"widget\" data-e-type=\"widget\" data-widget_type=\"text-editor.default\">\n\t\t\t\t\t\t\t\t\t<p data-start=\"809\" data-end=\"1159\">Cookies are small text files that are downloaded to the user's device when accessing a website. They allow the website to remember information about the visit, such as language preferences, pages visited or forms completed, and facilitate the improvement of the user experience.<\/p>\t\t\t\t\t\t\t\t<\/div>\n\t\t\t\t<div class=\"elementor-element elementor-element-2c89c5b elementor-widget elementor-widget-heading\" data-id=\"2c89c5b\" data-element_type=\"widget\" data-e-type=\"widget\" data-widget_type=\"heading.default\">\n\t\t\t\t\t<h2 class=\"elementor-heading-title elementor-size-default\">3. Types of cookies we use<\/h2>\t\t\t\t<\/div>\n\t\t\t\t<div class=\"elementor-element elementor-element-c9c33d8 elementor-widget elementor-widget-text-editor\" data-id=\"c9c33d8\" data-element_type=\"widget\" data-e-type=\"widget\" data-widget_type=\"text-editor.default\">\n\t\t\t\t\t\t\t\t\t<p data-start=\"314\" data-end=\"502\">The Herdit website uses its own and third-party cookies for the purposes described below. In no case are cookies used for advertising or marketing purposes.<\/p><p data-start=\"504\" data-end=\"541\"><strong>3.1 Technical or Necessary Cookies<\/strong><\/p><p data-start=\"543\" data-end=\"737\">These cookies are essential for the proper functioning of the website and to allow navigation and use of its basic functionalities. They do not require the user's consent.<\/p><p data-start=\"739\" data-end=\"786\">They include, among others, cookies necessary for:<\/p><ul data-start=\"787\" data-end=\"1073\"><li data-start=\"787\" data-end=\"913\"><p data-start=\"789\" data-end=\"913\">Ensure website security and prevent unauthorized access or malicious use (e.g., through Wordfence).<\/p><\/li><li data-start=\"914\" data-end=\"983\"><p data-start=\"916\" data-end=\"983\">Manage the user's session and the technical stability of the site.<\/p><\/li><li data-start=\"984\" data-end=\"1073\"><p data-start=\"986\" data-end=\"1073\">Remember the acceptance or configuration of cookies made by the user (Complianz).<\/p><\/li><\/ul><p data-start=\"1075\" data-end=\"1140\">Without these cookies, the website cannot function properly.<\/p><p data-start=\"1147\" data-end=\"1196\"><strong>3.2 Preference or Customization Cookies<\/strong><\/p><p data-start=\"1198\" data-end=\"1343\">These cookies remember information that modifies the behavior or appearance of the website based on user preferences.<\/p><p data-start=\"1345\" data-end=\"1377\">In particular, they are used for:<\/p><ul data-start=\"1378\" data-end=\"1496\"><li data-start=\"1378\" data-end=\"1496\"><p data-start=\"1380\" data-end=\"1496\">Remember the language selected by the user and display the content in the corresponding language (TranslatePress).<\/p><\/li><\/ul><p data-start=\"1498\" data-end=\"1581\">These cookies are not used to identify the user or for commercial purposes.<\/p><p data-start=\"1588\" data-end=\"1614\"><strong>3.3 Analytical Cookies<\/strong><\/p><p data-start=\"1616\" data-end=\"1788\">These cookies allow us to analyze user behavior in an aggregated and anonymous form, in order to improve the content, design and performance of the website.<\/p><p data-start=\"1790\" data-end=\"1802\">Specifically:<\/p><ul data-start=\"1803\" data-end=\"2205\"><li data-start=\"1803\" data-end=\"1996\"><p data-start=\"1805\" data-end=\"1996\">Google Analytics 4, provided by Google LLC, is used to obtain statistics on the use of the website (e.g. pages visited, length of visit, type of device).<\/p><\/li><li data-start=\"1997\" data-end=\"2106\"><p data-start=\"1999\" data-end=\"2106\">The information collected is used exclusively for statistical and website optimization purposes.<\/p><\/li><li data-start=\"2107\" data-end=\"2205\"><p data-start=\"2109\" data-end=\"2205\">These cookies are not used for advertising, remarketing or commercial profiling.<\/p><\/li><\/ul><p data-start=\"2207\" data-end=\"2364\">The use of these cookies is subject to user consent, which can be managed at any time through the cookie settings panel.<\/p><p data-start=\"2371\" data-end=\"2399\"><strong>3.4 Security Cookies<\/strong><\/p><p data-start=\"2401\" data-end=\"2500\">In addition to technical cookies, specific security-related cookies are used for:<\/p><ul><li data-start=\"2501\" data-end=\"2571\"><p data-start=\"2503\" data-end=\"2571\">Detect and prevent fraudulent activities or attacks on the website.<\/p><\/li><li data-start=\"2572\" data-end=\"2631\"><p data-start=\"2574\" data-end=\"2631\">Protect the integrity of the site and the data processed.<\/p><\/li><\/ul><p>These cookies are not for commercial or advertising purposes and are used only to ensure the security of the website.<\/p>\t\t\t\t\t\t\t\t<\/div>\n\t\t\t\t<div class=\"elementor-element elementor-element-d9ac747 elementor-widget elementor-widget-heading\" data-id=\"d9ac747\" data-element_type=\"widget\" data-e-type=\"widget\" data-widget_type=\"heading.default\">\n\t\t\t\t\t<h2 class=\"elementor-heading-title elementor-size-default\">4. Consent and Cookie Control\n<\/h2>\t\t\t\t<\/div>\n\t\t\t\t<div class=\"elementor-element elementor-element-c96027b elementor-widget elementor-widget-text-editor\" data-id=\"c96027b\" data-element_type=\"widget\" data-e-type=\"widget\" data-widget_type=\"text-editor.default\">\n\t\t\t\t\t\t\t\t\t<p data-start=\"2205\" data-end=\"2476\">When you access our website for the first time, you will be shown a notice requesting your consent to the use of non-essential cookies. You can accept all cookies, reject them or set them according to your preferences.<\/p><p data-start=\"2478\" data-end=\"2729\">You can manage, block or delete cookies at any time through your browser settings. Disabling certain cookies may affect the functioning of some sections of the website and limit certain functionalities.<\/p>\t\t\t\t\t\t\t\t<\/div>\n\t\t\t\t<div class=\"elementor-element elementor-element-1cb7a01 elementor-widget elementor-widget-heading\" data-id=\"1cb7a01\" data-element_type=\"widget\" data-e-type=\"widget\" data-widget_type=\"heading.default\">\n\t\t\t\t\t<h2 class=\"elementor-heading-title elementor-size-default\">5. Third Party Cookies<\/h2>\t\t\t\t<\/div>\n\t\t\t\t<div class=\"elementor-element elementor-element-5202550 elementor-widget elementor-widget-text-editor\" data-id=\"5202550\" data-element_type=\"widget\" data-e-type=\"widget\" data-widget_type=\"text-editor.default\">\n\t\t\t\t\t\t\t\t\t<p data-start=\"345\" data-end=\"626\">Some services used on this website may generate third-party cookies, which are managed and controlled outside the Herdit website. These cookies are subject to the privacy policy of each provider and are used only for the purposes indicated below:<\/p><ul><li data-start=\"628\" data-end=\"1213\"><p data-start=\"630\" data-end=\"1213\"><strong data-start=\"630\" data-end=\"674\">Google Analytics 4 (Google LLC, U.S.A.)<\/strong><br data-start=\"674\" data-end=\"677\" \/>It is used to analyze in an aggregate and anonymous way how users interact with the website, including pages visited, time spent and type of device. These cookies are only activated after user consent and are not used for advertising, remarketing or commercial profiling. The transfer of data outside the European Economic Area is done in accordance with the Standard Contractual Clauses approved by the European Commission and other additional protection measures where appropriate.<\/p><\/li><li data-start=\"1215\" data-end=\"1467\"><p data-start=\"1217\" data-end=\"1467\"><strong data-start=\"1217\" data-end=\"1264\">TranslatePress (Website Translations)<\/strong><br data-start=\"1264\" data-end=\"1267\" \/>It uses cookies to remember the language selected by the user and display the content in the corresponding language. These cookies do not identify the user and are considered functional.<\/p><\/li><li data-start=\"1470\" data-end=\"1520\"><p data-start=\"1471\" data-end=\"1520\"><strong data-start=\"1471\" data-end=\"1514\">reCAPTCHA (Google LLC, USA)<\/strong><br data-start=\"1514\" data-end=\"1517\" \/>Used in forms to protect against spam and automated access (bots). Collects technical information such as IP address and site interaction data, which are processed in accordance with Google's policies.<\/p><\/li><li data-start=\"1469\" data-end=\"1722\"><p data-start=\"1471\" data-end=\"1722\"><strong data-start=\"1471\" data-end=\"1514\">Wordfence (Wordfence Security, USA)<\/strong><br data-start=\"1514\" data-end=\"1517\" \/>It uses cookies for security purposes, for example, to protect the website from unauthorized access and to detect malicious activity. They are not used for advertising or marketing analysis purposes.<\/p><\/li><\/ul><p>These third-party cookies are not used to sell personal data or for commercial purposes other than those described in this policy. Before providing personal information to these providers, it is recommended that you review their privacy policies:<\/p><ul><li data-start=\"1982\" data-end=\"2055\"><a class=\"decorated-link\" href=\"https:\/\/policies.google.com\/privacy\" target=\"_new\" rel=\"noopener\" data-start=\"1982\" data-end=\"2053\">Google Privacy Policy<\/a><\/li><li data-start=\"2058\" data-end=\"2146\"><a class=\"decorated-link\" href=\"https:\/\/translatepress.com\/privacy-policy\/\" target=\"_new\" rel=\"noopener\" data-start=\"2058\" data-end=\"2144\">TranslatePress Privacy Policy<\/a><\/li><li data-start=\"2149\" data-end=\"2229\"><a class=\"decorated-link\" href=\"https:\/\/www.wordfence.com\/privacy-policy\/\" target=\"_new\" rel=\"noopener\" data-start=\"2149\" data-end=\"2229\">Wordfence Privacy Policy<\/a><\/li><li data-start=\"2149\" data-end=\"2229\"><a href=\"https:\/\/policies.google.com\/privacy?hl=es\" target=\"_blank\" rel=\"noopener\">reCAPTCHA Privacy Policy<\/a><\/li><\/ul>\t\t\t\t\t\t\t\t<\/div>\n\t\t\t\t<div class=\"elementor-element elementor-element-f3160d7 elementor-widget elementor-widget-heading\" data-id=\"f3160d7\" data-element_type=\"widget\" data-e-type=\"widget\" data-widget_type=\"heading.default\">\n\t\t\t\t\t<h2 class=\"elementor-heading-title elementor-size-default\">6. Duration of cookies<\/h2>\t\t\t\t<\/div>\n\t\t\t\t<div class=\"elementor-element elementor-element-e7e69e8 elementor-widget elementor-widget-text-editor\" data-id=\"e7e69e8\" data-element_type=\"widget\" data-e-type=\"widget\" data-widget_type=\"text-editor.default\">\n\t\t\t\t\t\t\t\t\t<p data-start=\"3177\" data-end=\"3260\">Cookies can be session or persistent:<\/p><ul data-start=\"3262\" data-end=\"3478\"><li data-start=\"3262\" data-end=\"3340\"><p data-start=\"3264\" data-end=\"3340\"><strong data-start=\"3264\" data-end=\"3286\">Session cookies:<\/strong> They are automatically deleted when the browser is closed.<\/p><\/li><li data-start=\"3341\" data-end=\"3478\"><p data-start=\"3343\" data-end=\"3478\"><strong data-start=\"3343\" data-end=\"3368\">Persistent cookies:<\/strong> They remain on the device for a certain period of time or until they are manually deleted by the user.<\/p><\/li><\/ul>\t\t\t\t\t\t\t\t<\/div>\n\t\t\t\t<div class=\"elementor-element elementor-element-7385aec elementor-widget elementor-widget-heading\" data-id=\"7385aec\" data-element_type=\"widget\" data-e-type=\"widget\" data-widget_type=\"heading.default\">\n\t\t\t\t\t<h2 class=\"elementor-heading-title elementor-size-default\">7. Cookie Policy Update<\/h2>\t\t\t\t<\/div>\n\t\t\t\t<div class=\"elementor-element elementor-element-1edd751 elementor-widget elementor-widget-text-editor\" data-id=\"1edd751\" data-element_type=\"widget\" data-e-type=\"widget\" data-widget_type=\"text-editor.default\">\n\t\t\t\t\t\t\t\t\t<p data-start=\"4468\" data-end=\"5142\">Herdit reserves the right to modify this Cookie Policy to adapt it to legislative, technical or operational changes of the website. The current version will be published on this website, and it is recommended to review it periodically to be informed about the use of cookies and how to manage them.<\/p>\t\t\t\t\t\t\t\t<\/div>\n\t\t\t\t<div class=\"elementor-element elementor-element-9a9aa82 elementor-widget elementor-widget-text-editor\" data-id=\"9a9aa82\" data-element_type=\"widget\" data-e-type=\"widget\" data-widget_type=\"text-editor.default\">\n\t\t\t\t\t\t\t\t\t<p><i>Last Update: January 26, 2026<\/i><\/p>\t\t\t\t\t\t\t\t<\/div>\n\t\t\t\t\t<\/div>\n\t\t\t\t<\/div>\n\t\t\t\t<\/div>","protected":false},"excerpt":{"rendered":"<p>Volver a Inicio Pol\u00edtica de Cookies 1. Introducci\u00f3n Herdit S.L. (\u201cHerdit\u201d, \u201cnosotros\u201d o \u201cnuestro\u201d) utiliza cookies y tecnolog\u00edas similares en su sitio web para mejorar la experiencia de navegaci\u00f3n de los usuarios, analizar el rendimiento del sitio, y garantizar su correcto funcionamiento. Esta Pol\u00edtica de Cookies explica qu\u00e9 son las cookies, qu\u00e9 tipos utilizamos, con [&hellip;]<\/p>\n","protected":false},"author":3,"featured_media":0,"parent":0,"menu_order":0,"comment_status":"closed","ping_status":"closed","template":"elementor_header_footer","meta":{"footnotes":""},"class_list":["post-1450","page","type-page","status-publish","hentry"],"_hostinger_reach_plugin_has_subscription_block":false,"_hostinger_reach_plugin_is_elementor":false,"_links":{"self":[{"href":"https:\/\/herdit.com\/en\/wp-json\/wp\/v2\/pages\/1450","targetHints":{"allow":["GET"]}}],"collection":[{"href":"https:\/\/herdit.com\/en\/wp-json\/wp\/v2\/pages"}],"about":[{"href":"https:\/\/herdit.com\/en\/wp-json\/wp\/v2\/types\/page"}],"author":[{"embeddable":true,"href":"https:\/\/herdit.com\/en\/wp-json\/wp\/v2\/users\/3"}],"replies":[{"embeddable":true,"href":"https:\/\/herdit.com\/en\/wp-json\/wp\/v2\/comments?post=1450"}],"version-history":[{"count":73,"href":"https:\/\/herdit.com\/en\/wp-json\/wp\/v2\/pages\/1450\/revisions"}],"predecessor-version":[{"id":5745,"href":"https:\/\/herdit.com\/en\/wp-json\/wp\/v2\/pages\/1450\/revisions\/5745"}],"wp:attachment":[{"href":"https:\/\/herdit.com\/en\/wp-json\/wp\/v2\/media?parent=1450"}],"curies":[{"name":"wp","href":"https:\/\/api.w.org\/{rel}","templated":true}]}}