{"id":1455,"date":"2026-01-07T12:00:51","date_gmt":"2026-01-07T12:00:51","guid":{"rendered":"https:\/\/herdit.com\/?page_id=1455"},"modified":"2026-02-19T08:32:24","modified_gmt":"2026-02-19T08:32:24","slug":"terms-and-conditions","status":"publish","type":"page","link":"https:\/\/herdit.com\/en\/terminos-y-condiciones\/","title":{"rendered":"Terms and Conditions"},"content":{"rendered":"<div data-elementor-type=\"wp-page\" data-elementor-id=\"1455\" class=\"elementor elementor-1455\" data-elementor-post-type=\"page\">\n\t\t\t\t<div class=\"elementor-element elementor-element-ef638a3 e-flex e-con-boxed elementor-invisible e-con e-parent\" data-id=\"ef638a3\" data-element_type=\"container\" data-e-type=\"container\" data-settings=\"{&quot;animation&quot;:&quot;fadeIn&quot;}\">\n\t\t\t\t\t<div class=\"e-con-inner\">\n\t\t\t\t<div class=\"elementor-element elementor-element-c712084 elementor-align-left elementor-widget__width-initial e-transform elementor-widget elementor-widget-button\" data-id=\"c712084\" data-element_type=\"widget\" data-e-type=\"widget\" data-settings=\"{&quot;_transform_scale_effect_hover&quot;:{&quot;unit&quot;:&quot;px&quot;,&quot;size&quot;:1.1,&quot;sizes&quot;:[]},&quot;_transform_scale_effect_hover_tablet&quot;:{&quot;unit&quot;:&quot;px&quot;,&quot;size&quot;:&quot;&quot;,&quot;sizes&quot;:[]},&quot;_transform_scale_effect_hover_mobile&quot;:{&quot;unit&quot;:&quot;px&quot;,&quot;size&quot;:&quot;&quot;,&quot;sizes&quot;:[]}}\" data-widget_type=\"button.default\">\n\t\t\t\t\t\t\t\t\t\t<a class=\"elementor-button elementor-button-link elementor-size-sm\" href=\"https:\/\/herdit.com\/en\/\">\n\t\t\t\t\t\t<span class=\"elementor-button-content-wrapper\">\n\t\t\t\t\t\t<span class=\"elementor-button-icon\">\n\t\t\t\t<svg aria-hidden=\"true\" class=\"e-font-icon-svg e-fas-arrow-left\" viewbox=\"0 0 448 512\" xmlns=\"http:\/\/www.w3.org\/2000\/svg\"><path d=\"M257.5 445.1l-22.2 22.2c-9.4 9.4-24.6 9.4-33.9 0L7 273c-9.4-9.4-9.4-24.6 0-33.9L201.4 44.7c9.4-9.4 24.6-9.4 33.9 0l22.2 22.2c9.5 9.5 9.3 25-.4 34.3L136.6 216H424c13.3 0 24 10.7 24 24v32c0 13.3-10.7 24-24 24H136.6l120.5 114.8c9.8 9.3 10 24.8.4 34.3z\"><\/path><\/svg>\t\t\t<\/span>\n\t\t\t\t\t\t\t\t\t<span class=\"elementor-button-text\">Back to Home<\/span>\n\t\t\t\t\t<\/span>\n\t\t\t\t\t<\/a>\n\t\t\t\t\t\t\t\t<\/div>\n\t\t\t\t\t<\/div>\n\t\t\t\t<\/div>\n\t\t<div class=\"elementor-element elementor-element-ed9d279 e-flex e-con-boxed elementor-invisible e-con e-parent\" data-id=\"ed9d279\" data-element_type=\"container\" data-e-type=\"container\" data-settings=\"{&quot;animation&quot;:&quot;fadeInUp&quot;}\">\n\t\t\t\t\t<div class=\"e-con-inner\">\n\t\t\t\t<div class=\"elementor-element elementor-element-b0c2c38 elementor-widget elementor-widget-heading\" data-id=\"b0c2c38\" data-element_type=\"widget\" data-e-type=\"widget\" data-widget_type=\"heading.default\">\n\t\t\t\t\t<h2 class=\"elementor-heading-title elementor-size-default\">Terms and Conditions<\/h2>\t\t\t\t<\/div>\n\t\t\t\t<div class=\"elementor-element elementor-element-4900822 elementor-widget elementor-widget-heading\" data-id=\"4900822\" data-element_type=\"widget\" data-e-type=\"widget\" data-widget_type=\"heading.default\">\n\t\t\t\t\t<h2 class=\"elementor-heading-title elementor-size-default\">1. Introduction\n<\/h2>\t\t\t\t<\/div>\n\t\t\t\t<div class=\"elementor-element elementor-element-a2eec6b elementor-widget elementor-widget-text-editor\" data-id=\"a2eec6b\" data-element_type=\"widget\" data-e-type=\"widget\" data-widget_type=\"text-editor.default\">\n\t\t\t\t\t\t\t\t\t<p>This document establishes the terms and conditions of use of the website of Herdit S.L. (\u201cHerdit\u201d, \u201cwe\u201d, \u201cus\u201d or \"our\"), with CIF: ESB01380856, registered office at Carretera de Altube Km 5.2, 01196 Aranguiz (\u00c1lava), Spain, registered in the Commercial Registry of \u00c1lava, Volume 1192, Folio 92, Page 10676, and contact e-mail address <a class=\"decorated-link cursor-pointer\" rel=\"noopener\" data-start=\"539\" data-end=\"556\">herdit@herdit.com<\/a>.<\/p><p>By accessing and browsing this website, you agree to comply with the terms and conditions set forth herein, as well as applicable law. If you do not agree to these terms, please do not use this website.<\/p><p>This website is also governed by Law 34\/2002, of Information Society Services and Electronic Commerce (LSSI-CE).<\/p>\t\t\t\t\t\t\t\t<\/div>\n\t\t\t\t<div class=\"elementor-element elementor-element-a551ca9 elementor-widget elementor-widget-heading\" data-id=\"a551ca9\" data-element_type=\"widget\" data-e-type=\"widget\" data-widget_type=\"heading.default\">\n\t\t\t\t\t<h2 class=\"elementor-heading-title elementor-size-default\">2. Ownership of the Web Site and Content<\/h2>\t\t\t\t<\/div>\n\t\t\t\t<div class=\"elementor-element elementor-element-e04bc1c elementor-widget elementor-widget-text-editor\" data-id=\"e04bc1c\" data-element_type=\"widget\" data-e-type=\"widget\" data-widget_type=\"text-editor.default\">\n\t\t\t\t\t\t\t\t\t<p data-start=\"300\" data-end=\"527\">All content on this website, including text, images, logos, trademarks, graphics, videos, software and any other element, are the property of Herdit S.L. or third parties who have authorized their use.<\/p><p data-start=\"529\" data-end=\"821\">Reproduction, distribution, public communication, transformation or any other use of the contents without the express written permission of Herdit is strictly prohibited, except as permitted by current legislation on intellectual and industrial property.<\/p><p data-start=\"823\" data-end=\"1129\">For questions related to intellectual property rights, e.g. authorized use of content, you can also consult the <a href=\"https:\/\/herdit.com\/en\/legal-notice\/\">Legal Notice<\/a> of this website and our <a href=\"https:\/\/herdit.com\/en\/privacy-policy\/\">Privacy Policy<\/a> where applicable to the protection of personal data included in such content.<\/p>\t\t\t\t\t\t\t\t<\/div>\n\t\t\t\t<div class=\"elementor-element elementor-element-bf325df elementor-widget elementor-widget-heading\" data-id=\"bf325df\" data-element_type=\"widget\" data-e-type=\"widget\" data-widget_type=\"heading.default\">\n\t\t\t\t\t<h2 class=\"elementor-heading-title elementor-size-default\">3. Use of the Web Site<\/h2>\t\t\t\t<\/div>\n\t\t\t\t<div class=\"elementor-element elementor-element-4102283 elementor-widget elementor-widget-text-editor\" data-id=\"4102283\" data-element_type=\"widget\" data-e-type=\"widget\" data-widget_type=\"text-editor.default\">\n\t\t\t\t\t\t\t\t\t<p data-start=\"1206\" data-end=\"1390\">The user agrees to use the website in a lawful manner and in accordance with these terms and conditions. It is forbidden to use the website for:<\/p><ul data-start=\"1392\" data-end=\"1688\"><li data-start=\"1392\" data-end=\"1473\"><p data-start=\"1394\" data-end=\"1473\">Disseminate content that is illicit, offensive or infringes the rights of third parties.<\/p><\/li><li data-start=\"1474\" data-end=\"1587\"><p data-start=\"1476\" data-end=\"1587\">Introduce viruses, malware or other elements that may damage or interfere with the operation of the website.<\/p><\/li><li data-start=\"1588\" data-end=\"1688\"><p data-start=\"1590\" data-end=\"1688\">Performing activities of collecting personal data from other users without their consent.<\/p><\/li><\/ul><p data-start=\"1690\" data-end=\"1800\">Herdit reserves the right to suspend access to the website to users who violate these conditions.<\/p>\t\t\t\t\t\t\t\t<\/div>\n\t\t\t\t<div class=\"elementor-element elementor-element-d7ff3e4 elementor-widget elementor-widget-heading\" data-id=\"d7ff3e4\" data-element_type=\"widget\" data-e-type=\"widget\" data-widget_type=\"heading.default\">\n\t\t\t\t\t<h2 class=\"elementor-heading-title elementor-size-default\">4. Registration and User Account<\/h2>\t\t\t\t<\/div>\n\t\t\t\t<div class=\"elementor-element elementor-element-101e767 elementor-widget elementor-widget-text-editor\" data-id=\"101e767\" data-element_type=\"widget\" data-e-type=\"widget\" data-widget_type=\"text-editor.default\">\n\t\t\t\t\t\t\t\t\t<p data-start=\"269\" data-end=\"497\">Some website services may require the creation of a user account in the future. If these services are enabled, you will be asked to provide accurate and current information during registration.<\/p><p data-start=\"499\" data-end=\"767\">The user shall be responsible for maintaining the confidentiality of his login credentials and all activities carried out under his account. Herdit shall not be liable for actions performed by third parties accessing a user's account without authorization.<\/p><p data-start=\"499\" data-end=\"767\">In case of account-related issues or requests, users can contact Herdit via email at <a class=\"decorated-link cursor-pointer\" rel=\"noopener\" data-start=\"906\" data-end=\"923\">herdit@herdit.com<\/a><\/p>\t\t\t\t\t\t\t\t<\/div>\n\t\t\t\t<div class=\"elementor-element elementor-element-968814a elementor-widget elementor-widget-heading\" data-id=\"968814a\" data-element_type=\"widget\" data-e-type=\"widget\" data-widget_type=\"heading.default\">\n\t\t\t\t\t<h2 class=\"elementor-heading-title elementor-size-default\">5. Responsibility<\/h2>\t\t\t\t<\/div>\n\t\t\t\t<div class=\"elementor-element elementor-element-3d53597 elementor-widget elementor-widget-text-editor\" data-id=\"3d53597\" data-element_type=\"widget\" data-e-type=\"widget\" data-widget_type=\"text-editor.default\">\n\t\t\t\t\t\t\t\t\t<p data-start=\"382\" data-end=\"643\">Herdit makes every reasonable effort to keep the information on this website up to date, complete and correct. However, the content is provided for informational purposes only and does not constitute professional or contractual advice.<\/p><p data-start=\"645\" data-end=\"1053\">Access to and use of the website is at your own risk. Herdit shall not be liable for any direct, indirect, incidental, special or consequential damages, losses or damages that may arise from access, use, inability to access or reliance on the information provided on the website, except in cases where applicable law precludes the exclusion of liability.<\/p><p data-start=\"1055\" data-end=\"1303\">Furthermore, Herdit does not guarantee the continuous availability of the website or its proper functioning at all times, and reserves the right to make technical modifications, temporarily suspend or discontinue services without notice.<\/p>\t\t\t\t\t\t\t\t<\/div>\n\t\t\t\t<div class=\"elementor-element elementor-element-068cf95 elementor-widget elementor-widget-heading\" data-id=\"068cf95\" data-element_type=\"widget\" data-e-type=\"widget\" data-widget_type=\"heading.default\">\n\t\t\t\t\t<h2 class=\"elementor-heading-title elementor-size-default\">6. Links to Third Party Sites<\/h2>\t\t\t\t<\/div>\n\t\t\t\t<div class=\"elementor-element elementor-element-f3478b9 elementor-widget elementor-widget-text-editor\" data-id=\"f3478b9\" data-element_type=\"widget\" data-e-type=\"widget\" data-widget_type=\"text-editor.default\">\n\t\t\t\t\t\t\t\t\t<p data-start=\"2881\" data-end=\"3185\">The website may contain links to external websites. These links are provided for reference only. Herdit assumes no responsibility for the content, availability, operation or privacy policies of such third party websites.<\/p>\t\t\t\t\t\t\t\t<\/div>\n\t\t\t\t<div class=\"elementor-element elementor-element-83562ae elementor-widget elementor-widget-heading\" data-id=\"83562ae\" data-element_type=\"widget\" data-e-type=\"widget\" data-widget_type=\"heading.default\">\n\t\t\t\t\t<h2 class=\"elementor-heading-title elementor-size-default\">7. Protection of Personal Data<\/h2>\t\t\t\t<\/div>\n\t\t\t\t<div class=\"elementor-element elementor-element-a066dda elementor-widget elementor-widget-text-editor\" data-id=\"a066dda\" data-element_type=\"widget\" data-e-type=\"widget\" data-widget_type=\"text-editor.default\">\n\t\t\t\t\t\t\t\t\t<p data-start=\"3192\" data-end=\"3518\">The use of this web site is subject to the <a href=\"https:\/\/herdit.com\/en\/privacy-policy\/\">Privacy Policy<\/a> Herdit's privacy policy, which describes how personal data of users is collected, processed and protected. By using the website, you consent to the collection and processing of your data as described in this policy.<\/p>\t\t\t\t\t\t\t\t<\/div>\n\t\t\t\t<div class=\"elementor-element elementor-element-a22c5e2 elementor-widget elementor-widget-heading\" data-id=\"a22c5e2\" data-element_type=\"widget\" data-e-type=\"widget\" data-widget_type=\"heading.default\">\n\t\t\t\t\t<h2 class=\"elementor-heading-title elementor-size-default\">8. Modifications<\/h2>\t\t\t\t<\/div>\n\t\t\t\t<div class=\"elementor-element elementor-element-501b6e8 elementor-widget elementor-widget-text-editor\" data-id=\"501b6e8\" data-element_type=\"widget\" data-e-type=\"widget\" data-widget_type=\"text-editor.default\">\n\t\t\t\t\t\t\t\t\t<p data-start=\"3894\" data-end=\"4260\">Herdit reserves the right to modify the terms and conditions of the website at any time. The modifications will take effect from the time of their publication on the website and will apply to all users from that time. It is the responsibility of the user to periodically review the terms and conditions for changes.<\/p>\t\t\t\t\t\t\t\t<\/div>\n\t\t\t\t<div class=\"elementor-element elementor-element-e84dd77 elementor-widget elementor-widget-heading\" data-id=\"e84dd77\" data-element_type=\"widget\" data-e-type=\"widget\" data-widget_type=\"heading.default\">\n\t\t\t\t\t<h2 class=\"elementor-heading-title elementor-size-default\">9. Applicable Law and Jurisdiction<\/h2>\t\t\t\t<\/div>\n\t\t\t\t<div class=\"elementor-element elementor-element-d605903 elementor-widget elementor-widget-text-editor\" data-id=\"d605903\" data-element_type=\"widget\" data-e-type=\"widget\" data-widget_type=\"text-editor.default\">\n\t\t\t\t\t\t\t\t\t<p data-start=\"4267\" data-end=\"4638\">These terms and conditions are governed by the applicable Spanish and European legislation. For any dispute or conflict that may arise in connection with the use of the website, the parties submit to the Courts and Tribunals of \u00c1lava (Spain), unless the applicable law provides for another mandatory jurisdiction.<\/p>\t\t\t\t\t\t\t\t<\/div>\n\t\t\t\t<div class=\"elementor-element elementor-element-40d067f elementor-widget elementor-widget-text-editor\" data-id=\"40d067f\" data-element_type=\"widget\" data-e-type=\"widget\" data-widget_type=\"text-editor.default\">\n\t\t\t\t\t\t\t\t\t<p><i>Last Update: January 26, 2026<\/i><\/p>\t\t\t\t\t\t\t\t<\/div>\n\t\t\t\t\t<\/div>\n\t\t\t\t<\/div>\n\t\t\t\t<\/div>","protected":false},"excerpt":{"rendered":"<p>Volver a Inicio T\u00e9rminos y Condiciones 1. Introducci\u00f3n El presente documento establece los t\u00e9rminos y condiciones de uso del sitio web de Herdit S.L. (\u201cHerdit\u201d, \u201cnosotros\u201d o \u201cnuestro\u201d), con CIF: ESB01380856, domicilio social en Carretera de Altube Km 5.2, 01196 Aranguiz (\u00c1lava), Espa\u00f1a, inscrita en el Registro Mercantil de \u00c1lava, Tomo 1192, Folio 92, Hoja [&hellip;]<\/p>\n","protected":false},"author":3,"featured_media":0,"parent":0,"menu_order":0,"comment_status":"closed","ping_status":"closed","template":"elementor_header_footer","meta":{"footnotes":""},"class_list":["post-1455","page","type-page","status-publish","hentry"],"_hostinger_reach_plugin_has_subscription_block":false,"_hostinger_reach_plugin_is_elementor":false,"_links":{"self":[{"href":"https:\/\/herdit.com\/en\/wp-json\/wp\/v2\/pages\/1455","targetHints":{"allow":["GET"]}}],"collection":[{"href":"https:\/\/herdit.com\/en\/wp-json\/wp\/v2\/pages"}],"about":[{"href":"https:\/\/herdit.com\/en\/wp-json\/wp\/v2\/types\/page"}],"author":[{"embeddable":true,"href":"https:\/\/herdit.com\/en\/wp-json\/wp\/v2\/users\/3"}],"replies":[{"embeddable":true,"href":"https:\/\/herdit.com\/en\/wp-json\/wp\/v2\/comments?post=1455"}],"version-history":[{"count":82,"href":"https:\/\/herdit.com\/en\/wp-json\/wp\/v2\/pages\/1455\/revisions"}],"predecessor-version":[{"id":5752,"href":"https:\/\/herdit.com\/en\/wp-json\/wp\/v2\/pages\/1455\/revisions\/5752"}],"wp:attachment":[{"href":"https:\/\/herdit.com\/en\/wp-json\/wp\/v2\/media?parent=1455"}],"curies":[{"name":"wp","href":"https:\/\/api.w.org\/{rel}","templated":true}]}}