{"id":264,"date":"2025-12-22T08:31:32","date_gmt":"2025-12-22T08:31:32","guid":{"rendered":"https:\/\/herdit.com\/?page_id=264"},"modified":"2026-02-23T12:07:16","modified_gmt":"2026-02-23T12:07:16","slug":"news","status":"publish","type":"page","link":"https:\/\/herdit.com\/en\/noticias\/","title":{"rendered":"News"},"content":{"rendered":"\t\t<div data-elementor-type=\"wp-page\" data-elementor-id=\"264\" class=\"elementor elementor-264\" data-elementor-post-type=\"page\">\n\t\t\t\t<main class=\"elementor-element elementor-element-cea25c5 e-flex e-con-boxed elementor-invisible e-con e-parent\" data-id=\"cea25c5\" data-element_type=\"container\" data-e-type=\"container\" data-settings=\"{&quot;animation&quot;:&quot;fadeIn&quot;}\">\n\t\t\t\t\t<div class=\"e-con-inner\">\n\t\t\t\t<div class=\"elementor-element elementor-element-1f5cbe1 elementor-widget elementor-widget-heading\" data-id=\"1f5cbe1\" data-element_type=\"widget\" data-e-type=\"widget\" data-widget_type=\"heading.default\">\n\t\t\t\t\t<h1 class=\"elementor-heading-title elementor-size-default\">Noticias<\/h1>\t\t\t\t<\/div>\n\t\t\t\t<div class=\"elementor-element elementor-element-799e475 elementor-widget elementor-widget-text-editor\" data-id=\"799e475\" data-element_type=\"widget\" data-e-type=\"widget\" data-widget_type=\"text-editor.default\">\n\t\t\t\t\t\t\t\t\t<section class=\"w-full bg-background py-12 sm:py-20 md:py-28\" data-source-location=\"src\/components\/pages\/SectoresPage.tsx:50:6\"><div class=\"max-w-[100rem] mx-auto px-4 sm:px-6 lg:px-12\" data-source-location=\"src\/components\/pages\/SectoresPage.tsx:51:8\"><div class=\"text-center\" data-source-location=\"src\/components\/pages\/SectoresPage.tsx:52:10\"><section class=\"w-full bg-background py-12 sm:py-20 md:py-28\" data-source-location=\"src\/components\/PageHeader.tsx:13:6\"><div class=\"max-w-[100rem] mx-auto px-4 sm:px-6 lg:px-12\" data-source-location=\"src\/components\/PageHeader.tsx:14:8\"><div class=\"text-center\" data-source-location=\"src\/components\/PageHeader.tsx:15:10\"><section class=\"w-full bg-background py-12 sm:py-20 md:py-28\" data-source-location=\"src\/components\/PageHeader.tsx:13:6\"><div class=\"max-w-[100rem] mx-auto px-4 sm:px-6 lg:px-12\" data-source-location=\"src\/components\/PageHeader.tsx:14:8\"><div class=\"text-center\" data-source-location=\"src\/components\/PageHeader.tsx:15:10\"><p class=\"font-paragraph text-base sm:text-lg lg:text-xl text-secondary-foreground max-w-3xl mx-auto\" data-source-location=\"src\/components\/PageHeader.tsx:25:14\" data-dynamic=\"text\">Mantente informado sobre los \u00faltimos desarrollos, logros y novedades de Herdit<\/p><\/div><\/div><\/section><div class=\"w-full bg-background border-t border-b border-foreground\/10\" data-source-location=\"src\/components\/PageHeader.tsx:34:6\"><div class=\"max-w-[100rem] mx-auto px-4 sm:px-6 lg:px-12 py-6 sm:py-8\" data-source-location=\"src\/components\/PageHeader.tsx:35:8\">\u00a0<\/div><\/div><\/div><\/div><\/section><div class=\"w-full bg-background border-t border-b border-foreground\/10\" data-source-location=\"src\/components\/PageHeader.tsx:34:6\"><div class=\"max-w-[100rem] mx-auto px-4 sm:px-6 lg:px-12 py-6 sm:py-8\" data-source-location=\"src\/components\/PageHeader.tsx:35:8\">\u00a0<\/div><\/div><\/div><\/div><\/section><div class=\"w-full bg-background border-t border-b border-foreground\/10\" data-source-location=\"src\/components\/pages\/SectoresPage.tsx:69:6\"><div class=\"max-w-[100rem] mx-auto px-4 sm:px-6 lg:px-12 py-6 sm:py-8\" data-source-location=\"src\/components\/pages\/SectoresPage.tsx:70:8\">\u00a0<\/div><\/div>\t\t\t\t\t\t\t\t<\/div>\n\t\t\t\t\t<\/div>\n\t\t\t\t<\/main>\n\t\t<article class=\"elementor-element elementor-element-29ce1c8 e-flex e-con-boxed elementor-invisible e-con e-parent\" data-id=\"29ce1c8\" data-element_type=\"container\" data-e-type=\"container\" data-settings=\"{&quot;animation&quot;:&quot;fadeInUp&quot;}\">\n\t\t\t\t\t<div class=\"e-con-inner\">\n\t\t\t\t<div class=\"elementor-element elementor-element-10d82a0 elementor-posts--align-left elementor-grid-3 elementor-grid-tablet-2 elementor-grid-mobile-1 elementor-posts--thumbnail-top elementor-card-shadow-yes elementor-posts__hover-gradient elementor-widget elementor-widget-posts\" data-id=\"10d82a0\" data-element_type=\"widget\" data-e-type=\"widget\" data-settings=\"{&quot;pagination_type&quot;:&quot;numbers_and_prev_next&quot;,&quot;cards_columns&quot;:&quot;3&quot;,&quot;cards_columns_tablet&quot;:&quot;2&quot;,&quot;cards_columns_mobile&quot;:&quot;1&quot;,&quot;cards_row_gap&quot;:{&quot;unit&quot;:&quot;px&quot;,&quot;size&quot;:35,&quot;sizes&quot;:[]},&quot;cards_row_gap_tablet&quot;:{&quot;unit&quot;:&quot;px&quot;,&quot;size&quot;:&quot;&quot;,&quot;sizes&quot;:[]},&quot;cards_row_gap_mobile&quot;:{&quot;unit&quot;:&quot;px&quot;,&quot;size&quot;:&quot;&quot;,&quot;sizes&quot;:[]}}\" data-widget_type=\"posts.cards\">\n\t\t\t\t<div class=\"elementor-widget-container\">\n\t\t\t\t\t\t\t<div class=\"elementor-posts-container elementor-posts elementor-posts--skin-cards elementor-grid\" role=\"list\">\n\t\t\t\t<article class=\"elementor-post elementor-grid-item post-5301 post type-post status-publish format-standard has-post-thumbnail hentry category-noticias\" role=\"listitem\">\n\t\t\t<div class=\"elementor-post__card\">\n\t\t\t\t<a class=\"elementor-post__thumbnail__link\" href=\"https:\/\/herdit.com\/en\/herdit-protagonista-en-empresa-xxi-por-su-nueva-fase-de-crecimiento\/\" tabindex=\"-1\" ><div class=\"elementor-post__thumbnail\"><img fetchpriority=\"high\" decoding=\"async\" width=\"300\" height=\"240\" src=\"https:\/\/herdit.com\/wp-content\/uploads\/2025\/12\/1027715-300x240.jpg\" class=\"attachment-medium size-medium wp-image-687\" alt=\"Primera evoluci\u00f3n de Herdit en procesos industriales y ampliaci\u00f3n de las instalaciones\" srcset=\"https:\/\/herdit.com\/wp-content\/uploads\/2025\/12\/1027715-300x240.jpg 300w, https:\/\/herdit.com\/wp-content\/uploads\/2025\/12\/1027715-1024x819.jpg 1024w, https:\/\/herdit.com\/wp-content\/uploads\/2025\/12\/1027715-768x614.jpg 768w, https:\/\/herdit.com\/wp-content\/uploads\/2025\/12\/1027715-1536x1229.jpg 1536w, https:\/\/herdit.com\/wp-content\/uploads\/2025\/12\/1027715-2048x1638.jpg 2048w\" sizes=\"(max-width: 300px) 100vw, 300px\" \/><\/div><\/a>\n\t\t\t\t<div class=\"elementor-post__text\">\n\t\t\t\t<h2 class=\"elementor-post__title\">\n\t\t\t<a href=\"https:\/\/herdit.com\/en\/herdit-protagonista-en-empresa-xxi-por-su-nueva-fase-de-crecimiento\/\" >\n\t\t\t\tHerdit, protagonista en Empresa XXI por su nueva fase de crecimiento\t\t\t<\/a>\n\t\t<\/h2>\n\t\t\t\t<div class=\"elementor-post__excerpt\">\n\t\t\t<p>El medio econ\u00f3mico Empresa XXI ha publicado un art\u00edculo en el que analiza la evoluci\u00f3n estrat\u00e9gica de Herdit y las bases que la compa\u00f1\u00eda est\u00e1 estableciendo para una nueva etapa de crecimiento industrial.<\/p>\n\t\t<\/div>\n\t\t\n\t\t<a class=\"elementor-post__read-more\" href=\"https:\/\/herdit.com\/en\/herdit-protagonista-en-empresa-xxi-por-su-nueva-fase-de-crecimiento\/\" aria-label=\"Read more about Herdit, protagonista en Empresa XXI por su nueva fase de crecimiento\" tabindex=\"-1\" >\n\t\t\tLeer m\u00e1s \u00bb\t\t<\/a>\n\n\t\t\t\t<\/div>\n\t\t\t\t<div class=\"elementor-post__meta-data\">\n\t\t\t\t\t<span class=\"elementor-post-date\">\n\t\t\t10\/02\/2026\t\t<\/span>\n\t\t\t\t<\/div>\n\t\t\t\t\t<\/div>\n\t\t<\/article>\n\t\t\t\t<article class=\"elementor-post elementor-grid-item post-4651 post type-post status-publish format-standard has-post-thumbnail hentry category-noticias\" role=\"listitem\">\n\t\t\t<div class=\"elementor-post__card\">\n\t\t\t\t<a class=\"elementor-post__thumbnail__link\" href=\"https:\/\/herdit.com\/en\/herdit-se-incorpora-al-programa-de-descarbonizacion-industrial-2025-del-gobierno-vasco\/\" tabindex=\"-1\" ><div class=\"elementor-post__thumbnail\"><img decoding=\"async\" width=\"300\" height=\"213\" src=\"https:\/\/herdit.com\/wp-content\/uploads\/2026\/01\/CARTEL_DESCARBONIZACION-1-300x213.png\" class=\"attachment-medium size-medium wp-image-4653\" alt=\"\" srcset=\"https:\/\/herdit.com\/wp-content\/uploads\/2026\/01\/CARTEL_DESCARBONIZACION-1-300x213.png 300w, https:\/\/herdit.com\/wp-content\/uploads\/2026\/01\/CARTEL_DESCARBONIZACION-1-1024x727.png 1024w, https:\/\/herdit.com\/wp-content\/uploads\/2026\/01\/CARTEL_DESCARBONIZACION-1-768x545.png 768w, https:\/\/herdit.com\/wp-content\/uploads\/2026\/01\/CARTEL_DESCARBONIZACION-1-18x12.png 18w, https:\/\/herdit.com\/wp-content\/uploads\/2026\/01\/CARTEL_DESCARBONIZACION-1.png 1113w\" sizes=\"(max-width: 300px) 100vw, 300px\" \/><\/div><\/a>\n\t\t\t\t<div class=\"elementor-post__text\">\n\t\t\t\t<h2 class=\"elementor-post__title\">\n\t\t\t<a href=\"https:\/\/herdit.com\/en\/herdit-se-incorpora-al-programa-de-descarbonizacion-industrial-2025-del-gobierno-vasco\/\" >\n\t\t\t\tHerdit se incorpora al Programa de Descarbonizaci\u00f3n Industrial 2025\t\t\t<\/a>\n\t\t<\/h2>\n\t\t\t\t<div class=\"elementor-post__excerpt\">\n\t\t\t<p>Herdit ha sido seleccionada para participar en el 2025-EKO Industria Deskarbonizazio Programa.<\/p>\n\t\t<\/div>\n\t\t\n\t\t<a class=\"elementor-post__read-more\" href=\"https:\/\/herdit.com\/en\/herdit-se-incorpora-al-programa-de-descarbonizacion-industrial-2025-del-gobierno-vasco\/\" aria-label=\"Read more about Herdit se incorpora al Programa de Descarbonizaci\u00f3n Industrial 2025\" tabindex=\"-1\" >\n\t\t\tLeer m\u00e1s \u00bb\t\t<\/a>\n\n\t\t\t\t<\/div>\n\t\t\t\t<div class=\"elementor-post__meta-data\">\n\t\t\t\t\t<span class=\"elementor-post-date\">\n\t\t\t29\/01\/2026\t\t<\/span>\n\t\t\t\t<\/div>\n\t\t\t\t\t<\/div>\n\t\t<\/article>\n\t\t\t\t<article class=\"elementor-post elementor-grid-item post-4116 post type-post status-publish format-standard has-post-thumbnail hentry category-noticias\" role=\"listitem\">\n\t\t\t<div class=\"elementor-post__card\">\n\t\t\t\t<a class=\"elementor-post__thumbnail__link\" href=\"https:\/\/herdit.com\/en\/herdit-presenta-su-nueva-pagina-web-corporativa\/\" tabindex=\"-1\" ><div class=\"elementor-post__thumbnail\"><img decoding=\"async\" width=\"300\" height=\"200\" src=\"https:\/\/herdit.com\/wp-content\/uploads\/2026\/01\/IMG_7130-300x200.jpg\" class=\"attachment-medium size-medium wp-image-3764\" alt=\"\" srcset=\"https:\/\/herdit.com\/wp-content\/uploads\/2026\/01\/IMG_7130-300x200.jpg 300w, https:\/\/herdit.com\/wp-content\/uploads\/2026\/01\/IMG_7130-1024x683.jpg 1024w, https:\/\/herdit.com\/wp-content\/uploads\/2026\/01\/IMG_7130-768x512.jpg 768w, https:\/\/herdit.com\/wp-content\/uploads\/2026\/01\/IMG_7130-1536x1024.jpg 1536w, https:\/\/herdit.com\/wp-content\/uploads\/2026\/01\/IMG_7130-2048x1365.jpg 2048w, https:\/\/herdit.com\/wp-content\/uploads\/2026\/01\/IMG_7130-18x12.jpg 18w\" sizes=\"(max-width: 300px) 100vw, 300px\" \/><\/div><\/a>\n\t\t\t\t<div class=\"elementor-post__text\">\n\t\t\t\t<h2 class=\"elementor-post__title\">\n\t\t\t<a href=\"https:\/\/herdit.com\/en\/herdit-presenta-su-nueva-pagina-web-corporativa\/\" >\n\t\t\t\tHerdit presenta su nueva p\u00e1gina web corporativa\t\t\t<\/a>\n\t\t<\/h2>\n\t\t\t\t<div class=\"elementor-post__excerpt\">\n\t\t\t<p>Hemos lanzado nuestra nueva p\u00e1gina web con una imagen renovada, una estructura m\u00e1s clara y contenidos actualizados para reflejar mejor qui\u00e9nes somos, qu\u00e9 hacemos y hacia d\u00f3nde vamos.<\/p>\n\t\t<\/div>\n\t\t\n\t\t<a class=\"elementor-post__read-more\" href=\"https:\/\/herdit.com\/en\/herdit-presenta-su-nueva-pagina-web-corporativa\/\" aria-label=\"Read more about Herdit presenta su nueva p\u00e1gina web corporativa\" tabindex=\"-1\" >\n\t\t\tLeer m\u00e1s \u00bb\t\t<\/a>\n\n\t\t\t\t<\/div>\n\t\t\t\t<div class=\"elementor-post__meta-data\">\n\t\t\t\t\t<span class=\"elementor-post-date\">\n\t\t\t26\/01\/2026\t\t<\/span>\n\t\t\t\t<\/div>\n\t\t\t\t\t<\/div>\n\t\t<\/article>\n\t\t\t\t<\/div>\n\t\t\n\t\t\t\t\t\t<\/div>\n\t\t\t\t<\/div>\n\t\t\t\t\t<\/div>\n\t\t\t\t<\/article>\n\t\t\t\t<\/div>\n\t\t","protected":false},"excerpt":{"rendered":"<p>Noticias Mantente informado sobre los \u00faltimos desarrollos, logros y novedades de Herdit \u00a0 \u00a0 \u00a0<\/p>","protected":false},"author":3,"featured_media":0,"parent":0,"menu_order":0,"comment_status":"closed","ping_status":"closed","template":"elementor_header_footer","meta":{"footnotes":""},"class_list":["post-264","page","type-page","status-publish","hentry"],"_hostinger_reach_plugin_has_subscription_block":false,"_hostinger_reach_plugin_is_elementor":false,"_links":{"self":[{"href":"https:\/\/herdit.com\/en\/wp-json\/wp\/v2\/pages\/264","targetHints":{"allow":["GET"]}}],"collection":[{"href":"https:\/\/herdit.com\/en\/wp-json\/wp\/v2\/pages"}],"about":[{"href":"https:\/\/herdit.com\/en\/wp-json\/wp\/v2\/types\/page"}],"author":[{"embeddable":true,"href":"https:\/\/herdit.com\/en\/wp-json\/wp\/v2\/users\/3"}],"replies":[{"embeddable":true,"href":"https:\/\/herdit.com\/en\/wp-json\/wp\/v2\/comments?post=264"}],"version-history":[{"count":118,"href":"https:\/\/herdit.com\/en\/wp-json\/wp\/v2\/pages\/264\/revisions"}],"predecessor-version":[{"id":5972,"href":"https:\/\/herdit.com\/en\/wp-json\/wp\/v2\/pages\/264\/revisions\/5972"}],"wp:attachment":[{"href":"https:\/\/herdit.com\/en\/wp-json\/wp\/v2\/media?parent=264"}],"curies":[{"name":"wp","href":"https:\/\/api.w.org\/{rel}","templated":true}]}}