{"id":838,"date":"2025-12-28T18:39:59","date_gmt":"2025-12-28T18:39:59","guid":{"rendered":"https:\/\/herdit.com\/?page_id=838"},"modified":"2026-02-26T07:48:31","modified_gmt":"2026-02-26T07:48:31","slug":"job-offers","status":"publish","type":"page","link":"https:\/\/herdit.com\/en\/ofertas-de-empleo\/","title":{"rendered":"Job Offers"},"content":{"rendered":"\t\t<div data-elementor-type=\"wp-page\" data-elementor-id=\"838\" class=\"elementor elementor-838\" data-elementor-post-type=\"page\">\n\t\t\t\t<main class=\"elementor-element elementor-element-9e06678 e-flex e-con-boxed elementor-invisible e-con e-parent\" data-id=\"9e06678\" data-element_type=\"container\" data-e-type=\"container\" data-settings=\"{&quot;animation&quot;:&quot;fadeIn&quot;,&quot;background_background&quot;:&quot;slideshow&quot;,&quot;background_slideshow_gallery&quot;:[{&quot;id&quot;:4747,&quot;url&quot;:&quot;https:\\\/\\\/herdit.com\\\/wp-content\\\/uploads\\\/2026\\\/01\\\/HERDIT-026-scaled.jpg&quot;}],&quot;background_slideshow_slide_duration&quot;:5000,&quot;background_slideshow_slide_transition&quot;:&quot;fade&quot;,&quot;background_slideshow_transition_duration&quot;:500}\">\n\t\t\t\t\t<div class=\"e-con-inner\">\n\t\t\t\t<div class=\"elementor-element elementor-element-f1701b8 elementor-widget elementor-widget-heading\" data-id=\"f1701b8\" data-element_type=\"widget\" data-e-type=\"widget\" data-widget_type=\"heading.default\">\n\t\t\t\t\t<h1 class=\"elementor-heading-title elementor-size-default\">Ofertas de Empleo<\/h1>\t\t\t\t<\/div>\n\t\t\t\t<div class=\"elementor-element elementor-element-4e4a9e9 elementor-widget elementor-widget-text-editor\" data-id=\"4e4a9e9\" data-element_type=\"widget\" data-e-type=\"widget\" data-widget_type=\"text-editor.default\">\n\t\t\t\t\t\t\t\t\t<p>Explora todas nuestras ofertas de trabajo disponibles actualmente, as\u00ed como las posiciones que ofrecemos para estudiantes en pr\u00e1cticas interesados en formar parte de nuestro equipo<\/p>\t\t\t\t\t\t\t\t<\/div>\n\t\t\t\t\t<\/div>\n\t\t\t\t<\/main>\n\t\t<section class=\"elementor-element elementor-element-411b334 e-flex e-con-boxed elementor-invisible e-con e-parent\" data-id=\"411b334\" data-element_type=\"container\" data-e-type=\"container\" data-settings=\"{&quot;animation&quot;:&quot;fadeInUp&quot;}\">\n\t\t\t\t\t<div class=\"e-con-inner\">\n\t\t\t\t<div class=\"elementor-element elementor-element-3cf0657 elementor-widget elementor-widget-heading\" data-id=\"3cf0657\" data-element_type=\"widget\" data-e-type=\"widget\" data-widget_type=\"heading.default\">\n\t\t\t\t\t<h2 class=\"elementor-heading-title elementor-size-default\">Realiza tus pr\u00e1cticas en Herdit<\/h2>\t\t\t\t<\/div>\n\t\t\t\t<div class=\"elementor-element elementor-element-c0920b7 elementor-widget elementor-widget-text-editor\" data-id=\"c0920b7\" data-element_type=\"widget\" data-e-type=\"widget\" data-widget_type=\"text-editor.default\">\n\t\t\t\t\t\t\t\t\t<p data-start=\"96\" data-end=\"301\">En Herdit damos la bienvenida a estudiantes en pr\u00e1cticas, ofreciendo una experiencia formativa real en el entorno industrial y la posibilidad de incorporarse al equipo al finalizar la etapa de pr\u00e1cticas.<\/p><p data-start=\"303\" data-end=\"662\">Buscamos estudiantes motivados, con inter\u00e9s en la industria metal\u00fargica, curiosidad por aprender, atenci\u00f3n al detalle y disposici\u00f3n para colaborar en equipo. Aquellos que se integren tendr\u00e1n la oportunidad de participar en proyectos reales, adquirir competencias pr\u00e1cticas y desarrollarse profesionalmente en un entorno din\u00e1mico y orientado a la innovaci\u00f3n.<\/p>\t\t\t\t\t\t\t\t<\/div>\n\t\t\t\t<div class=\"elementor-element elementor-element-d78e365 elementor-align-left elementor-widget__width-initial e-transform elementor-widget elementor-widget-button\" data-id=\"d78e365\" data-element_type=\"widget\" data-e-type=\"widget\" data-settings=\"{&quot;_transform_scale_effect_hover&quot;:{&quot;unit&quot;:&quot;px&quot;,&quot;size&quot;:1.1,&quot;sizes&quot;:[]},&quot;_transform_scale_effect_hover_tablet&quot;:{&quot;unit&quot;:&quot;px&quot;,&quot;size&quot;:&quot;&quot;,&quot;sizes&quot;:[]},&quot;_transform_scale_effect_hover_mobile&quot;:{&quot;unit&quot;:&quot;px&quot;,&quot;size&quot;:&quot;&quot;,&quot;sizes&quot;:[]}}\" data-widget_type=\"button.default\">\n\t\t\t\t\t\t\t\t\t\t<a class=\"elementor-button elementor-button-link elementor-size-sm\" href=\"https:\/\/herdit.com\/formulario-de-practicas\/\">\n\t\t\t\t\t\t<span class=\"elementor-button-content-wrapper\">\n\t\t\t\t\t\t<span class=\"elementor-button-icon\">\n\t\t\t\t<svg aria-hidden=\"true\" class=\"e-font-icon-svg e-fas-arrow-right\" viewBox=\"0 0 448 512\" xmlns=\"http:\/\/www.w3.org\/2000\/svg\"><path d=\"M190.5 66.9l22.2-22.2c9.4-9.4 24.6-9.4 33.9 0L441 239c9.4 9.4 9.4 24.6 0 33.9L246.6 467.3c-9.4 9.4-24.6 9.4-33.9 0l-22.2-22.2c-9.5-9.5-9.3-25 .4-34.3L311.4 296H24c-13.3 0-24-10.7-24-24v-32c0-13.3 10.7-24 24-24h287.4L190.9 101.2c-9.8-9.3-10-24.8-.4-34.3z\"><\/path><\/svg>\t\t\t<\/span>\n\t\t\t\t\t\t\t\t\t<span class=\"elementor-button-text\">Enviar CV<\/span>\n\t\t\t\t\t<\/span>\n\t\t\t\t\t<\/a>\n\t\t\t\t\t\t\t\t<\/div>\n\t\t\t\t\t<\/div>\n\t\t\t\t<\/section>\n\t\t<div class=\"elementor-element elementor-element-1df61b7 e-flex e-con-boxed elementor-invisible e-con e-parent\" data-id=\"1df61b7\" data-element_type=\"container\" data-e-type=\"container\" data-settings=\"{&quot;animation&quot;:&quot;fadeInUp&quot;}\">\n\t\t\t\t\t<div class=\"e-con-inner\">\n\t\t\t\t<div class=\"elementor-element elementor-element-d387716 elementor-widget elementor-widget-heading\" data-id=\"d387716\" data-element_type=\"widget\" data-e-type=\"widget\" data-widget_type=\"heading.default\">\n\t\t\t\t\t<h2 class=\"elementor-heading-title elementor-size-default\">Encuentra tu Puesto en Herdit<\/h2>\t\t\t\t<\/div>\n\t\t<article class=\"elementor-element elementor-element-6dfc40e e-con-full e-flex e-con e-child\" data-id=\"6dfc40e\" data-element_type=\"container\" data-e-type=\"container\">\n\t\t\t\t<div class=\"elementor-element elementor-element-6c386db elementor-grid-2 elementor-grid-tablet-2 elementor-grid-mobile-1 elementor-widget elementor-widget-loop-grid\" data-id=\"6c386db\" data-element_type=\"widget\" data-e-type=\"widget\" data-settings=\"{&quot;template_id&quot;:&quot;1174&quot;,&quot;columns&quot;:2,&quot;row_gap&quot;:{&quot;unit&quot;:&quot;px&quot;,&quot;size&quot;:65,&quot;sizes&quot;:[]},&quot;_skin&quot;:&quot;post&quot;,&quot;columns_tablet&quot;:&quot;2&quot;,&quot;columns_mobile&quot;:&quot;1&quot;,&quot;edit_handle_selector&quot;:&quot;[data-elementor-type=\\&quot;loop-item\\&quot;]&quot;,&quot;row_gap_tablet&quot;:{&quot;unit&quot;:&quot;px&quot;,&quot;size&quot;:&quot;&quot;,&quot;sizes&quot;:[]},&quot;row_gap_mobile&quot;:{&quot;unit&quot;:&quot;px&quot;,&quot;size&quot;:&quot;&quot;,&quot;sizes&quot;:[]}}\" data-widget_type=\"loop-grid.post\">\n\t\t\t\t<div class=\"elementor-widget-container\">\n\t\t\t\t\t\t\t<div class=\"e-loop-nothing-found-message\">\n\t\t\t\t\t<div class=\"e-loop-nothing-found-message__text\">\n\t\t\t\tNo hay posiciones disponibles en este momento. Puedes dejarnos tu candidatura espont\u00e1nea desde la secci\u00f3n de pr\u00e1cticas o a trav\u00e9s de nuestro formulario de contacto.\t\t\t<\/div>\n\t\t\t<\/div>\n\t\t\t\t\t\t<\/div>\n\t\t\t\t<\/div>\n\t\t\t\t<\/article>\n\t\t\t\t\t<\/div>\n\t\t\t\t<\/div>\n\t\t\t\t<\/div>\n\t\t","protected":false},"excerpt":{"rendered":"<p>Ofertas de Empleo Explora todas nuestras ofertas de trabajo disponibles actualmente, as\u00ed como las posiciones que ofrecemos para estudiantes en pr\u00e1cticas interesados en formar parte de nuestro equipo Realiza tus pr\u00e1cticas en Herdit En Herdit damos la bienvenida a estudiantes en pr\u00e1cticas, ofreciendo una experiencia formativa real en el entorno industrial y la posibilidad de [&hellip;]<\/p>\n","protected":false},"author":3,"featured_media":0,"parent":0,"menu_order":0,"comment_status":"closed","ping_status":"closed","template":"elementor_header_footer","meta":{"footnotes":""},"class_list":["post-838","page","type-page","status-publish","hentry"],"_hostinger_reach_plugin_has_subscription_block":false,"_hostinger_reach_plugin_is_elementor":false,"_links":{"self":[{"href":"https:\/\/herdit.com\/en\/wp-json\/wp\/v2\/pages\/838","targetHints":{"allow":["GET"]}}],"collection":[{"href":"https:\/\/herdit.com\/en\/wp-json\/wp\/v2\/pages"}],"about":[{"href":"https:\/\/herdit.com\/en\/wp-json\/wp\/v2\/types\/page"}],"author":[{"embeddable":true,"href":"https:\/\/herdit.com\/en\/wp-json\/wp\/v2\/users\/3"}],"replies":[{"embeddable":true,"href":"https:\/\/herdit.com\/en\/wp-json\/wp\/v2\/comments?post=838"}],"version-history":[{"count":220,"href":"https:\/\/herdit.com\/en\/wp-json\/wp\/v2\/pages\/838\/revisions"}],"predecessor-version":[{"id":6097,"href":"https:\/\/herdit.com\/en\/wp-json\/wp\/v2\/pages\/838\/revisions\/6097"}],"wp:attachment":[{"href":"https:\/\/herdit.com\/en\/wp-json\/wp\/v2\/media?parent=838"}],"curies":[{"name":"wp","href":"https:\/\/api.w.org\/{rel}","templated":true}]}}