{"id":1445,"date":"2026-01-07T11:59:55","date_gmt":"2026-01-07T11:59:55","guid":{"rendered":"https:\/\/herdit.com\/?page_id=1445"},"modified":"2026-02-19T08:31:08","modified_gmt":"2026-02-19T08:31:08","slug":"aviso-legal","status":"publish","type":"page","link":"https:\/\/herdit.com\/es\/aviso-legal\/","title":{"rendered":"Aviso Legal"},"content":{"rendered":"\t\t<div data-elementor-type=\"wp-page\" data-elementor-id=\"1445\" class=\"elementor elementor-1445\" data-elementor-post-type=\"page\">\n\t\t\t\t<div class=\"elementor-element elementor-element-d304e82 e-flex e-con-boxed elementor-invisible e-con e-parent\" data-id=\"d304e82\" data-element_type=\"container\" data-e-type=\"container\" data-settings=\"{&quot;animation&quot;:&quot;fadeIn&quot;}\">\n\t\t\t\t\t<div class=\"e-con-inner\">\n\t\t\t\t<div class=\"elementor-element elementor-element-f0aa574 elementor-align-left elementor-widget__width-initial e-transform elementor-widget elementor-widget-button\" data-id=\"f0aa574\" data-element_type=\"widget\" data-e-type=\"widget\" data-settings=\"{&quot;_transform_scale_effect_hover&quot;:{&quot;unit&quot;:&quot;px&quot;,&quot;size&quot;:1.1,&quot;sizes&quot;:[]},&quot;_transform_scale_effect_hover_tablet&quot;:{&quot;unit&quot;:&quot;px&quot;,&quot;size&quot;:&quot;&quot;,&quot;sizes&quot;:[]},&quot;_transform_scale_effect_hover_mobile&quot;:{&quot;unit&quot;:&quot;px&quot;,&quot;size&quot;:&quot;&quot;,&quot;sizes&quot;:[]}}\" data-widget_type=\"button.default\">\n\t\t\t\t\t\t\t\t\t\t<a class=\"elementor-button elementor-button-link elementor-size-sm\" href=\"https:\/\/herdit.com\/\">\n\t\t\t\t\t\t<span class=\"elementor-button-content-wrapper\">\n\t\t\t\t\t\t<span class=\"elementor-button-icon\">\n\t\t\t\t<svg aria-hidden=\"true\" class=\"e-font-icon-svg e-fas-arrow-left\" viewBox=\"0 0 448 512\" xmlns=\"http:\/\/www.w3.org\/2000\/svg\"><path d=\"M257.5 445.1l-22.2 22.2c-9.4 9.4-24.6 9.4-33.9 0L7 273c-9.4-9.4-9.4-24.6 0-33.9L201.4 44.7c9.4-9.4 24.6-9.4 33.9 0l22.2 22.2c9.5 9.5 9.3 25-.4 34.3L136.6 216H424c13.3 0 24 10.7 24 24v32c0 13.3-10.7 24-24 24H136.6l120.5 114.8c9.8 9.3 10 24.8.4 34.3z\"><\/path><\/svg>\t\t\t<\/span>\n\t\t\t\t\t\t\t\t\t<span class=\"elementor-button-text\">Volver a Inicio<\/span>\n\t\t\t\t\t<\/span>\n\t\t\t\t\t<\/a>\n\t\t\t\t\t\t\t\t<\/div>\n\t\t\t\t\t<\/div>\n\t\t\t\t<\/div>\n\t\t<div class=\"elementor-element elementor-element-457eadd e-flex e-con-boxed elementor-invisible e-con e-parent\" data-id=\"457eadd\" data-element_type=\"container\" data-e-type=\"container\" data-settings=\"{&quot;animation&quot;:&quot;fadeInUp&quot;}\">\n\t\t\t\t\t<div class=\"e-con-inner\">\n\t\t\t\t<div class=\"elementor-element elementor-element-7aec32e elementor-widget elementor-widget-heading\" data-id=\"7aec32e\" data-element_type=\"widget\" data-e-type=\"widget\" data-widget_type=\"heading.default\">\n\t\t\t\t\t<h2 class=\"elementor-heading-title elementor-size-default\">Aviso Legal<\/h2>\t\t\t\t<\/div>\n\t\t\t\t<div class=\"elementor-element elementor-element-2e960b5 elementor-widget elementor-widget-heading\" data-id=\"2e960b5\" data-element_type=\"widget\" data-e-type=\"widget\" data-widget_type=\"heading.default\">\n\t\t\t\t\t<h2 class=\"elementor-heading-title elementor-size-default\">1. Informaci\u00f3n General<\/h2>\t\t\t\t<\/div>\n\t\t\t\t<div class=\"elementor-element elementor-element-3b2e8cd elementor-widget elementor-widget-text-editor\" data-id=\"3b2e8cd\" data-element_type=\"widget\" data-e-type=\"widget\" data-widget_type=\"text-editor.default\">\n\t\t\t\t\t\t\t\t\t<p data-start=\"308\" data-end=\"678\">El presente Aviso Legal regula el acceso y uso del sitio web propiedad de Herdit S.L. (\u201cHerdit\u201d, \u201cnosotros\u201d o \u201cnuestro\u201d), con CIF: ESB01380856, domicilio social en Carretera de Altube Km 5.2, 01196 Aranguiz (\u00c1lava), Espa\u00f1a, inscrita en el Registro Mercantil de \u00c1lava, Tomo 1192, Folio 92, Hoja 10676, y correo electr\u00f3nico de contacto <a class=\"decorated-link cursor-pointer\" rel=\"noopener\" data-start=\"656\" data-end=\"673\">herdit@herdit.com<\/a>.<\/p><p data-start=\"680\" data-end=\"918\">El acceso y navegaci\u00f3n por este sitio web implica la aceptaci\u00f3n plena y sin reservas de todas las disposiciones incluidas en este Aviso Legal. Si no est\u00e1 de acuerdo con los t\u00e9rminos aqu\u00ed expuestos, le rogamos no utilizar este sitio web.<\/p><p data-start=\"920\" data-end=\"1058\">Este sitio web se rige asimismo por la Ley 34\/2002, de Servicios de la Sociedad de la Informaci\u00f3n y de Comercio Electr\u00f3nico (LSSI-CE).<\/p>\t\t\t\t\t\t\t\t<\/div>\n\t\t\t\t<div class=\"elementor-element elementor-element-53a70a8 elementor-widget elementor-widget-heading\" data-id=\"53a70a8\" data-element_type=\"widget\" data-e-type=\"widget\" data-widget_type=\"heading.default\">\n\t\t\t\t\t<h2 class=\"elementor-heading-title elementor-size-default\">2. Propiedad Intelectual e Industrial<\/h2>\t\t\t\t<\/div>\n\t\t\t\t<div class=\"elementor-element elementor-element-d678cb7 elementor-widget elementor-widget-text-editor\" data-id=\"d678cb7\" data-element_type=\"widget\" data-e-type=\"widget\" data-widget_type=\"text-editor.default\">\n\t\t\t\t\t\t\t\t\t<p data-start=\"810\" data-end=\"1073\">Todos los contenidos presentes en este sitio web, incluyendo textos, im\u00e1genes, logotipos, marcas, gr\u00e1ficos, v\u00eddeos, software, y cualquier otro elemento, son propiedad de Herdit o de terceros que han autorizado su uso.<\/p><p data-start=\"1075\" data-end=\"1357\">Queda estrictamente prohibida la reproducci\u00f3n, distribuci\u00f3n, comunicaci\u00f3n p\u00fablica, transformaci\u00f3n o cualquier otro uso del contenido sin la autorizaci\u00f3n expresa por escrito de Herdit, salvo en los casos permitidos por la normativa vigente sobre propiedad intelectual e industrial.<\/p>\t\t\t\t\t\t\t\t<\/div>\n\t\t\t\t<div class=\"elementor-element elementor-element-855a6e0 elementor-widget elementor-widget-heading\" data-id=\"855a6e0\" data-element_type=\"widget\" data-e-type=\"widget\" data-widget_type=\"heading.default\">\n\t\t\t\t\t<h2 class=\"elementor-heading-title elementor-size-default\">3. Uso del Sitio Web<\/h2>\t\t\t\t<\/div>\n\t\t\t\t<div class=\"elementor-element elementor-element-6092a66 elementor-widget elementor-widget-text-editor\" data-id=\"6092a66\" data-element_type=\"widget\" data-e-type=\"widget\" data-widget_type=\"text-editor.default\">\n\t\t\t\t\t\t\t\t\t<p data-start=\"1206\" data-end=\"1390\">El usuario se compromete a utilizar el sitio web de manera l\u00edcita y de acuerdo con estos t\u00e9rminos y condiciones. Queda prohibido el uso del sitio web para:<\/p><ul data-start=\"1392\" data-end=\"1688\"><li data-start=\"1392\" data-end=\"1473\"><p data-start=\"1394\" data-end=\"1473\">Difundir contenidos il\u00edcitos, ofensivos o que infrinjan derechos de terceros.<\/p><\/li><li data-start=\"1474\" data-end=\"1587\"><p data-start=\"1476\" data-end=\"1587\">Introducir virus, malware u otros elementos que puedan da\u00f1ar o interferir en el funcionamiento del sitio web.<\/p><\/li><li data-start=\"1588\" data-end=\"1688\"><p data-start=\"1590\" data-end=\"1688\">Realizar actividades de recolecci\u00f3n de datos personales de otros usuarios sin su consentimiento.<\/p><\/li><\/ul><p data-start=\"1690\" data-end=\"1800\">Herdit se reserva el derecho de suspender el acceso al sitio web a usuarios que incumplan estas condiciones.<\/p>\t\t\t\t\t\t\t\t<\/div>\n\t\t\t\t<div class=\"elementor-element elementor-element-4c72cf5 elementor-widget elementor-widget-heading\" data-id=\"4c72cf5\" data-element_type=\"widget\" data-e-type=\"widget\" data-widget_type=\"heading.default\">\n\t\t\t\t\t<h2 class=\"elementor-heading-title elementor-size-default\">4. Exenci\u00f3n de Responsabilidad<\/h2>\t\t\t\t<\/div>\n\t\t\t\t<div class=\"elementor-element elementor-element-25c7ac1 elementor-widget elementor-widget-text-editor\" data-id=\"25c7ac1\" data-element_type=\"widget\" data-e-type=\"widget\" data-widget_type=\"text-editor.default\">\n\t\t\t\t\t\t\t\t\t<p data-start=\"2075\" data-end=\"2389\">Herdit realiza todos los esfuerzos razonables para garantizar la exactitud, actualidad e integridad de la informaci\u00f3n disponible en este sitio web. No obstante, el contenido se ofrece \u00fanicamente con fines informativos y no constituye asesoramiento profesional ni contractual.<\/p><p data-start=\"2391\" data-end=\"2629\">Herdit no ser\u00e1 responsable de da\u00f1os directos o indirectos, p\u00e9rdidas o perjuicios derivados del acceso, uso, o imposibilidad de acceso al sitio web, salvo en los casos que la legislaci\u00f3n aplicable impida la limitaci\u00f3n de responsabilidad.<\/p>\t\t\t\t\t\t\t\t<\/div>\n\t\t\t\t<div class=\"elementor-element elementor-element-7bc3a02 elementor-widget elementor-widget-heading\" data-id=\"7bc3a02\" data-element_type=\"widget\" data-e-type=\"widget\" data-widget_type=\"heading.default\">\n\t\t\t\t\t<h2 class=\"elementor-heading-title elementor-size-default\">5. Enlaces a Terceros<\/h2>\t\t\t\t<\/div>\n\t\t\t\t<div class=\"elementor-element elementor-element-f8b7b94 elementor-widget elementor-widget-text-editor\" data-id=\"f8b7b94\" data-element_type=\"widget\" data-e-type=\"widget\" data-widget_type=\"text-editor.default\">\n\t\t\t\t\t\t\t\t\t<p data-start=\"2636\" data-end=\"2995\">Este sitio web puede incluir enlaces a p\u00e1ginas web de terceros. Herdit no controla ni garantiza la disponibilidad, exactitud, legalidad o calidad de los contenidos ofrecidos por estos sitios externos. Antes de facilitar cualquier dato personal en estos sitios, se recomienda revisar sus pol\u00edticas de privacidad y t\u00e9rminos de uso.<\/p>\t\t\t\t\t\t\t\t<\/div>\n\t\t\t\t<div class=\"elementor-element elementor-element-389bb97 elementor-widget elementor-widget-heading\" data-id=\"389bb97\" data-element_type=\"widget\" data-e-type=\"widget\" data-widget_type=\"heading.default\">\n\t\t\t\t\t<h2 class=\"elementor-heading-title elementor-size-default\">6. Protecci\u00f3n de Datos Personales<\/h2>\t\t\t\t<\/div>\n\t\t\t\t<div class=\"elementor-element elementor-element-ed7fe45 elementor-widget elementor-widget-text-editor\" data-id=\"ed7fe45\" data-element_type=\"widget\" data-e-type=\"widget\" data-widget_type=\"text-editor.default\">\n\t\t\t\t\t\t\t\t\t<p data-start=\"3002\" data-end=\"3393\">El tratamiento de los datos personales de los usuarios del sitio web se rige por la <a href=\"https:\/\/herdit.com\/politica-de-privacidad\/\">Pol\u00edtica de Privacidad<\/a> de Herdit, conforme al Reglamento General de Protecci\u00f3n de Datos (UE) 2016\/679 y la normativa espa\u00f1ola aplicable. Al utilizar este sitio web, usted acepta el tratamiento de sus datos seg\u00fan lo establecido en nuestra Pol\u00edtica de Privacidad.<\/p>\t\t\t\t\t\t\t\t<\/div>\n\t\t\t\t<div class=\"elementor-element elementor-element-14e6d78 elementor-widget elementor-widget-heading\" data-id=\"14e6d78\" data-element_type=\"widget\" data-e-type=\"widget\" data-widget_type=\"heading.default\">\n\t\t\t\t\t<h2 class=\"elementor-heading-title elementor-size-default\">7. Legislaci\u00f3n Aplicable y Jurisdicci\u00f3n<\/h2>\t\t\t\t<\/div>\n\t\t\t\t<div class=\"elementor-element elementor-element-21a1f5b elementor-widget elementor-widget-text-editor\" data-id=\"21a1f5b\" data-element_type=\"widget\" data-e-type=\"widget\" data-widget_type=\"text-editor.default\">\n\t\t\t\t\t\t\t\t\t<p data-start=\"3400\" data-end=\"3780\">El presente Aviso Legal se rige por la legislaci\u00f3n espa\u00f1ola y europea aplicable. Para la resoluci\u00f3n de cualquier conflicto que pueda surgir en relaci\u00f3n con el uso del sitio web, las partes se someten a la jurisdicci\u00f3n de los Juzgados y Tribunales de \u00c1lava (Espa\u00f1a), salvo que la ley aplicable disponga otra jurisdicci\u00f3n obligatoria.<\/p>\t\t\t\t\t\t\t\t<\/div>\n\t\t\t\t<div class=\"elementor-element elementor-element-712aba8 elementor-widget elementor-widget-heading\" data-id=\"712aba8\" data-element_type=\"widget\" data-e-type=\"widget\" data-widget_type=\"heading.default\">\n\t\t\t\t\t<h2 class=\"elementor-heading-title elementor-size-default\">8. Modificaci\u00f3n del Aviso Legal<\/h2>\t\t\t\t<\/div>\n\t\t\t\t<div class=\"elementor-element elementor-element-3ac990d elementor-widget elementor-widget-text-editor\" data-id=\"3ac990d\" data-element_type=\"widget\" data-e-type=\"widget\" data-widget_type=\"text-editor.default\">\n\t\t\t\t\t\t\t\t\t<p data-start=\"3787\" data-end=\"4164\">Herdit se reserva el derecho de modificar, actualizar o complementar este Aviso Legal en cualquier momento, por razones legales, t\u00e9cnicas u operativas. La versi\u00f3n vigente se publicar\u00e1 en este sitio web y ser\u00e1 de aplicaci\u00f3n inmediata. Se recomienda revisar peri\u00f3dicamente este Aviso Legal para mantenerse informado sobre posibles cambios.<\/p>\t\t\t\t\t\t\t\t<\/div>\n\t\t\t\t<div class=\"elementor-element elementor-element-7419cf7 elementor-widget elementor-widget-text-editor\" data-id=\"7419cf7\" data-element_type=\"widget\" data-e-type=\"widget\" data-widget_type=\"text-editor.default\">\n\t\t\t\t\t\t\t\t\t<p><i>\u00daltima Actualizaci\u00f3n: 26 de Enero 2026<\/i><\/p>\t\t\t\t\t\t\t\t<\/div>\n\t\t\t\t\t<\/div>\n\t\t\t\t<\/div>\n\t\t\t\t<\/div>\n\t\t","protected":false},"excerpt":{"rendered":"<p>Volver a Inicio Aviso Legal 1. Informaci\u00f3n General El presente Aviso Legal regula el acceso y uso del sitio web propiedad de Herdit S.L. (\u201cHerdit\u201d, \u201cnosotros\u201d o \u201cnuestro\u201d), con CIF: ESB01380856, domicilio social en Carretera de Altube Km 5.2, 01196 Aranguiz (\u00c1lava), Espa\u00f1a, inscrita en el Registro Mercantil de \u00c1lava, Tomo 1192, Folio 92, Hoja [&hellip;]<\/p>\n","protected":false},"author":3,"featured_media":0,"parent":0,"menu_order":0,"comment_status":"closed","ping_status":"closed","template":"elementor_header_footer","meta":{"footnotes":""},"class_list":["post-1445","page","type-page","status-publish","hentry"],"_hostinger_reach_plugin_has_subscription_block":false,"_hostinger_reach_plugin_is_elementor":false,"_links":{"self":[{"href":"https:\/\/herdit.com\/es\/wp-json\/wp\/v2\/pages\/1445","targetHints":{"allow":["GET"]}}],"collection":[{"href":"https:\/\/herdit.com\/es\/wp-json\/wp\/v2\/pages"}],"about":[{"href":"https:\/\/herdit.com\/es\/wp-json\/wp\/v2\/types\/page"}],"author":[{"embeddable":true,"href":"https:\/\/herdit.com\/es\/wp-json\/wp\/v2\/users\/3"}],"replies":[{"embeddable":true,"href":"https:\/\/herdit.com\/es\/wp-json\/wp\/v2\/comments?post=1445"}],"version-history":[{"count":98,"href":"https:\/\/herdit.com\/es\/wp-json\/wp\/v2\/pages\/1445\/revisions"}],"predecessor-version":[{"id":5749,"href":"https:\/\/herdit.com\/es\/wp-json\/wp\/v2\/pages\/1445\/revisions\/5749"}],"wp:attachment":[{"href":"https:\/\/herdit.com\/es\/wp-json\/wp\/v2\/media?parent=1445"}],"curies":[{"name":"wp","href":"https:\/\/api.w.org\/{rel}","templated":true}]}}