{"id":1455,"date":"2026-01-07T12:00:51","date_gmt":"2026-01-07T12:00:51","guid":{"rendered":"https:\/\/herdit.com\/?page_id=1455"},"modified":"2026-02-19T08:32:24","modified_gmt":"2026-02-19T08:32:24","slug":"terminos-y-condiciones","status":"publish","type":"page","link":"https:\/\/herdit.com\/es\/terminos-y-condiciones\/","title":{"rendered":"T\u00e9rminos y Condiciones"},"content":{"rendered":"\t\t<div data-elementor-type=\"wp-page\" data-elementor-id=\"1455\" class=\"elementor elementor-1455\" data-elementor-post-type=\"page\">\n\t\t\t\t<div class=\"elementor-element elementor-element-ef638a3 e-flex e-con-boxed elementor-invisible e-con e-parent\" data-id=\"ef638a3\" data-element_type=\"container\" data-e-type=\"container\" data-settings=\"{&quot;animation&quot;:&quot;fadeIn&quot;}\">\n\t\t\t\t\t<div class=\"e-con-inner\">\n\t\t\t\t<div class=\"elementor-element elementor-element-c712084 elementor-align-left elementor-widget__width-initial e-transform elementor-widget elementor-widget-button\" data-id=\"c712084\" data-element_type=\"widget\" data-e-type=\"widget\" data-settings=\"{&quot;_transform_scale_effect_hover&quot;:{&quot;unit&quot;:&quot;px&quot;,&quot;size&quot;:1.1,&quot;sizes&quot;:[]},&quot;_transform_scale_effect_hover_tablet&quot;:{&quot;unit&quot;:&quot;px&quot;,&quot;size&quot;:&quot;&quot;,&quot;sizes&quot;:[]},&quot;_transform_scale_effect_hover_mobile&quot;:{&quot;unit&quot;:&quot;px&quot;,&quot;size&quot;:&quot;&quot;,&quot;sizes&quot;:[]}}\" data-widget_type=\"button.default\">\n\t\t\t\t\t\t\t\t\t\t<a class=\"elementor-button elementor-button-link elementor-size-sm\" href=\"https:\/\/herdit.com\/\">\n\t\t\t\t\t\t<span class=\"elementor-button-content-wrapper\">\n\t\t\t\t\t\t<span class=\"elementor-button-icon\">\n\t\t\t\t<svg aria-hidden=\"true\" class=\"e-font-icon-svg e-fas-arrow-left\" viewBox=\"0 0 448 512\" xmlns=\"http:\/\/www.w3.org\/2000\/svg\"><path d=\"M257.5 445.1l-22.2 22.2c-9.4 9.4-24.6 9.4-33.9 0L7 273c-9.4-9.4-9.4-24.6 0-33.9L201.4 44.7c9.4-9.4 24.6-9.4 33.9 0l22.2 22.2c9.5 9.5 9.3 25-.4 34.3L136.6 216H424c13.3 0 24 10.7 24 24v32c0 13.3-10.7 24-24 24H136.6l120.5 114.8c9.8 9.3 10 24.8.4 34.3z\"><\/path><\/svg>\t\t\t<\/span>\n\t\t\t\t\t\t\t\t\t<span class=\"elementor-button-text\">Volver a Inicio<\/span>\n\t\t\t\t\t<\/span>\n\t\t\t\t\t<\/a>\n\t\t\t\t\t\t\t\t<\/div>\n\t\t\t\t\t<\/div>\n\t\t\t\t<\/div>\n\t\t<div class=\"elementor-element elementor-element-ed9d279 e-flex e-con-boxed elementor-invisible e-con e-parent\" data-id=\"ed9d279\" data-element_type=\"container\" data-e-type=\"container\" data-settings=\"{&quot;animation&quot;:&quot;fadeInUp&quot;}\">\n\t\t\t\t\t<div class=\"e-con-inner\">\n\t\t\t\t<div class=\"elementor-element elementor-element-b0c2c38 elementor-widget elementor-widget-heading\" data-id=\"b0c2c38\" data-element_type=\"widget\" data-e-type=\"widget\" data-widget_type=\"heading.default\">\n\t\t\t\t\t<h2 class=\"elementor-heading-title elementor-size-default\">T\u00e9rminos y Condiciones<\/h2>\t\t\t\t<\/div>\n\t\t\t\t<div class=\"elementor-element elementor-element-4900822 elementor-widget elementor-widget-heading\" data-id=\"4900822\" data-element_type=\"widget\" data-e-type=\"widget\" data-widget_type=\"heading.default\">\n\t\t\t\t\t<h2 class=\"elementor-heading-title elementor-size-default\">1. Introducci\u00f3n\n<\/h2>\t\t\t\t<\/div>\n\t\t\t\t<div class=\"elementor-element elementor-element-a2eec6b elementor-widget elementor-widget-text-editor\" data-id=\"a2eec6b\" data-element_type=\"widget\" data-e-type=\"widget\" data-widget_type=\"text-editor.default\">\n\t\t\t\t\t\t\t\t\t<p>El presente documento establece los t\u00e9rminos y condiciones de uso del sitio web de Herdit S.L. (\u201cHerdit\u201d, \u201cnosotros\u201d o \u201cnuestro\u201d), con CIF: ESB01380856, domicilio social en Carretera de Altube Km 5.2, 01196 Aranguiz (\u00c1lava), Espa\u00f1a, inscrita en el Registro Mercantil de \u00c1lava, Tomo 1192, Folio 92, Hoja 10676, y correo electr\u00f3nico de contacto <a class=\"decorated-link cursor-pointer\" rel=\"noopener\" data-start=\"539\" data-end=\"556\">herdit@herdit.com<\/a>.<\/p><p>Al acceder y navegar por este sitio web, usted acepta cumplir con los t\u00e9rminos y condiciones aqu\u00ed expuestos, as\u00ed como con la legislaci\u00f3n aplicable. Si no est\u00e1 de acuerdo con estos t\u00e9rminos, le solicitamos no utilizar este sitio web.<\/p><p>Este sitio web se rige asimismo por la Ley 34\/2002, de Servicios de la Sociedad de la Informaci\u00f3n y de Comercio Electr\u00f3nico (LSSI-CE).<\/p>\t\t\t\t\t\t\t\t<\/div>\n\t\t\t\t<div class=\"elementor-element elementor-element-a551ca9 elementor-widget elementor-widget-heading\" data-id=\"a551ca9\" data-element_type=\"widget\" data-e-type=\"widget\" data-widget_type=\"heading.default\">\n\t\t\t\t\t<h2 class=\"elementor-heading-title elementor-size-default\">2. Propiedad del Sitio Web y Contenido<\/h2>\t\t\t\t<\/div>\n\t\t\t\t<div class=\"elementor-element elementor-element-e04bc1c elementor-widget elementor-widget-text-editor\" data-id=\"e04bc1c\" data-element_type=\"widget\" data-e-type=\"widget\" data-widget_type=\"text-editor.default\">\n\t\t\t\t\t\t\t\t\t<p data-start=\"300\" data-end=\"527\">Todos los contenidos presentes en este sitio web, incluyendo textos, im\u00e1genes, logotipos, marcas, gr\u00e1ficos, v\u00eddeos, software y cualquier otro elemento, son propiedad de Herdit S.L. o de terceros que han autorizado su uso.<\/p><p data-start=\"529\" data-end=\"821\">Queda estrictamente prohibida la reproducci\u00f3n, distribuci\u00f3n, comunicaci\u00f3n p\u00fablica, transformaci\u00f3n o cualquier otro uso de los contenidos sin la autorizaci\u00f3n expresa y por escrito de Herdit, salvo en los casos permitidos por la normativa vigente sobre propiedad intelectual e industrial.<\/p><p data-start=\"823\" data-end=\"1129\">Para cuestiones relacionadas con derechos de propiedad intelectual, por ejemplo uso autorizado de contenidos, puede consultar tambi\u00e9n el <a href=\"https:\/\/herdit.com\/aviso-legal\/\">Aviso Legal<\/a> de este sitio web y nuestra <a href=\"https:\/\/herdit.com\/politica-de-privacidad\/\">Pol\u00edtica de Privacidad<\/a> cuando corresponda a la protecci\u00f3n de datos personales incluidos en dichos contenidos.<\/p>\t\t\t\t\t\t\t\t<\/div>\n\t\t\t\t<div class=\"elementor-element elementor-element-bf325df elementor-widget elementor-widget-heading\" data-id=\"bf325df\" data-element_type=\"widget\" data-e-type=\"widget\" data-widget_type=\"heading.default\">\n\t\t\t\t\t<h2 class=\"elementor-heading-title elementor-size-default\">3. Uso del Sitio Web<\/h2>\t\t\t\t<\/div>\n\t\t\t\t<div class=\"elementor-element elementor-element-4102283 elementor-widget elementor-widget-text-editor\" data-id=\"4102283\" data-element_type=\"widget\" data-e-type=\"widget\" data-widget_type=\"text-editor.default\">\n\t\t\t\t\t\t\t\t\t<p data-start=\"1206\" data-end=\"1390\">El usuario se compromete a utilizar el sitio web de manera l\u00edcita y de acuerdo con estos t\u00e9rminos y condiciones. Queda prohibido el uso del sitio web para:<\/p><ul data-start=\"1392\" data-end=\"1688\"><li data-start=\"1392\" data-end=\"1473\"><p data-start=\"1394\" data-end=\"1473\">Difundir contenidos il\u00edcitos, ofensivos o que infrinjan derechos de terceros.<\/p><\/li><li data-start=\"1474\" data-end=\"1587\"><p data-start=\"1476\" data-end=\"1587\">Introducir virus, malware u otros elementos que puedan da\u00f1ar o interferir en el funcionamiento del sitio web.<\/p><\/li><li data-start=\"1588\" data-end=\"1688\"><p data-start=\"1590\" data-end=\"1688\">Realizar actividades de recolecci\u00f3n de datos personales de otros usuarios sin su consentimiento.<\/p><\/li><\/ul><p data-start=\"1690\" data-end=\"1800\">Herdit se reserva el derecho de suspender el acceso al sitio web a usuarios que incumplan estas condiciones.<\/p>\t\t\t\t\t\t\t\t<\/div>\n\t\t\t\t<div class=\"elementor-element elementor-element-d7ff3e4 elementor-widget elementor-widget-heading\" data-id=\"d7ff3e4\" data-element_type=\"widget\" data-e-type=\"widget\" data-widget_type=\"heading.default\">\n\t\t\t\t\t<h2 class=\"elementor-heading-title elementor-size-default\">4. Registro y Cuenta de Usuario<\/h2>\t\t\t\t<\/div>\n\t\t\t\t<div class=\"elementor-element elementor-element-101e767 elementor-widget elementor-widget-text-editor\" data-id=\"101e767\" data-element_type=\"widget\" data-e-type=\"widget\" data-widget_type=\"text-editor.default\">\n\t\t\t\t\t\t\t\t\t<p data-start=\"269\" data-end=\"497\">Algunos servicios del sitio web pueden requerir la creaci\u00f3n de una cuenta de usuario en el futuro. En caso de que se habiliten estos servicios, durante el registro se le solicitar\u00e1 proporcionar informaci\u00f3n veraz y actualizada.<\/p><p data-start=\"499\" data-end=\"767\">El usuario ser\u00e1 responsable de mantener la confidencialidad de sus credenciales de acceso y de todas las actividades realizadas bajo su cuenta. Herdit no ser\u00e1 responsable de las acciones realizadas por terceros que accedan a la cuenta de un usuario sin autorizaci\u00f3n.<\/p><p data-start=\"499\" data-end=\"767\">En caso de incidencias o solicitudes relacionadas con la cuenta, los usuarios pueden contactar a Herdit mediante el correo electr\u00f3nico <a class=\"decorated-link cursor-pointer\" rel=\"noopener\" data-start=\"906\" data-end=\"923\">herdit@herdit.com<\/a><\/p>\t\t\t\t\t\t\t\t<\/div>\n\t\t\t\t<div class=\"elementor-element elementor-element-968814a elementor-widget elementor-widget-heading\" data-id=\"968814a\" data-element_type=\"widget\" data-e-type=\"widget\" data-widget_type=\"heading.default\">\n\t\t\t\t\t<h2 class=\"elementor-heading-title elementor-size-default\">5. Responsabilidad<\/h2>\t\t\t\t<\/div>\n\t\t\t\t<div class=\"elementor-element elementor-element-3d53597 elementor-widget elementor-widget-text-editor\" data-id=\"3d53597\" data-element_type=\"widget\" data-e-type=\"widget\" data-widget_type=\"text-editor.default\">\n\t\t\t\t\t\t\t\t\t<p data-start=\"382\" data-end=\"643\">Herdit realiza todos los esfuerzos razonables para mantener la informaci\u00f3n de este sitio web actualizada, completa y correcta. No obstante, el contenido se proporciona \u00fanicamente con fines informativos y no constituye asesoramiento profesional ni contractual.<\/p><p data-start=\"645\" data-end=\"1053\">El acceso y uso del sitio web se realiza bajo su propia responsabilidad. Herdit no ser\u00e1 responsable de da\u00f1os directos, indirectos, incidentales, especiales o consecuentes, p\u00e9rdidas o perjuicios que puedan derivarse del acceso, uso, imposibilidad de acceso o confianza en la informaci\u00f3n ofrecida en el sitio web, salvo en los casos en que la legislaci\u00f3n aplicable impida la exclusi\u00f3n de responsabilidad.<\/p><p data-start=\"1055\" data-end=\"1303\">Asimismo, Herdit no garantiza la disponibilidad continua del sitio web ni su correcto funcionamiento en todo momento, y se reserva el derecho de realizar modificaciones t\u00e9cnicas, suspender temporalmente o interrumpir servicios sin previo aviso.<\/p>\t\t\t\t\t\t\t\t<\/div>\n\t\t\t\t<div class=\"elementor-element elementor-element-068cf95 elementor-widget elementor-widget-heading\" data-id=\"068cf95\" data-element_type=\"widget\" data-e-type=\"widget\" data-widget_type=\"heading.default\">\n\t\t\t\t\t<h2 class=\"elementor-heading-title elementor-size-default\">6. Enlaces a Sitios de Terceros<\/h2>\t\t\t\t<\/div>\n\t\t\t\t<div class=\"elementor-element elementor-element-f3478b9 elementor-widget elementor-widget-text-editor\" data-id=\"f3478b9\" data-element_type=\"widget\" data-e-type=\"widget\" data-widget_type=\"text-editor.default\">\n\t\t\t\t\t\t\t\t\t<p data-start=\"2881\" data-end=\"3185\">El sitio web puede contener enlaces a sitios web externos. Estos enlaces se proporcionan \u00fanicamente como referencia. Herdit no asume responsabilidad alguna por el contenido, disponibilidad, funcionamiento o pol\u00edticas de privacidad de dichos sitios web de terceros.<\/p>\t\t\t\t\t\t\t\t<\/div>\n\t\t\t\t<div class=\"elementor-element elementor-element-83562ae elementor-widget elementor-widget-heading\" data-id=\"83562ae\" data-element_type=\"widget\" data-e-type=\"widget\" data-widget_type=\"heading.default\">\n\t\t\t\t\t<h2 class=\"elementor-heading-title elementor-size-default\">7. Protecci\u00f3n de Datos Personales<\/h2>\t\t\t\t<\/div>\n\t\t\t\t<div class=\"elementor-element elementor-element-a066dda elementor-widget elementor-widget-text-editor\" data-id=\"a066dda\" data-element_type=\"widget\" data-e-type=\"widget\" data-widget_type=\"text-editor.default\">\n\t\t\t\t\t\t\t\t\t<p data-start=\"3192\" data-end=\"3518\">El uso de este sitio web est\u00e1 sujeto a la <a href=\"https:\/\/herdit.com\/politica-de-privacidad\/\">Pol\u00edtica de Privacidad<\/a> de Herdit, que describe c\u00f3mo se recopilan, procesan y protegen los datos personales de los usuarios. Al utilizar el sitio web, usted acepta la recopilaci\u00f3n y tratamiento de sus datos seg\u00fan lo descrito en dicha pol\u00edtica.<\/p>\t\t\t\t\t\t\t\t<\/div>\n\t\t\t\t<div class=\"elementor-element elementor-element-a22c5e2 elementor-widget elementor-widget-heading\" data-id=\"a22c5e2\" data-element_type=\"widget\" data-e-type=\"widget\" data-widget_type=\"heading.default\">\n\t\t\t\t\t<h2 class=\"elementor-heading-title elementor-size-default\">8. Modificaciones<\/h2>\t\t\t\t<\/div>\n\t\t\t\t<div class=\"elementor-element elementor-element-501b6e8 elementor-widget elementor-widget-text-editor\" data-id=\"501b6e8\" data-element_type=\"widget\" data-e-type=\"widget\" data-widget_type=\"text-editor.default\">\n\t\t\t\t\t\t\t\t\t<p data-start=\"3894\" data-end=\"4260\">Herdit se reserva el derecho de modificar en cualquier momento los t\u00e9rminos y condiciones del sitio web. Las modificaciones entrar\u00e1n en vigor desde su publicaci\u00f3n en el sitio web y se aplicar\u00e1n a todos los usuarios desde ese momento. Es responsabilidad del usuario revisar peri\u00f3dicamente los t\u00e9rminos y condiciones para conocer los cambios.<\/p>\t\t\t\t\t\t\t\t<\/div>\n\t\t\t\t<div class=\"elementor-element elementor-element-e84dd77 elementor-widget elementor-widget-heading\" data-id=\"e84dd77\" data-element_type=\"widget\" data-e-type=\"widget\" data-widget_type=\"heading.default\">\n\t\t\t\t\t<h2 class=\"elementor-heading-title elementor-size-default\">9. Legislaci\u00f3n Aplicable y Jurisdicci\u00f3n<\/h2>\t\t\t\t<\/div>\n\t\t\t\t<div class=\"elementor-element elementor-element-d605903 elementor-widget elementor-widget-text-editor\" data-id=\"d605903\" data-element_type=\"widget\" data-e-type=\"widget\" data-widget_type=\"text-editor.default\">\n\t\t\t\t\t\t\t\t\t<p data-start=\"4267\" data-end=\"4638\">Los presentes t\u00e9rminos y condiciones se rigen por la legislaci\u00f3n espa\u00f1ola y europea aplicable. Para cualquier disputa o conflicto que pudiera surgir en relaci\u00f3n con el uso del sitio web, las partes se someten a los Juzgados y Tribunales de \u00c1lava (Espa\u00f1a), salvo que la ley aplicable disponga otra jurisdicci\u00f3n obligatoria.<\/p>\t\t\t\t\t\t\t\t<\/div>\n\t\t\t\t<div class=\"elementor-element elementor-element-40d067f elementor-widget elementor-widget-text-editor\" data-id=\"40d067f\" data-element_type=\"widget\" data-e-type=\"widget\" data-widget_type=\"text-editor.default\">\n\t\t\t\t\t\t\t\t\t<p><i>\u00daltima Actualizaci\u00f3n: 26 de Enero 2026<\/i><\/p>\t\t\t\t\t\t\t\t<\/div>\n\t\t\t\t\t<\/div>\n\t\t\t\t<\/div>\n\t\t\t\t<\/div>\n\t\t","protected":false},"excerpt":{"rendered":"<p>Volver a Inicio T\u00e9rminos y Condiciones 1. Introducci\u00f3n El presente documento establece los t\u00e9rminos y condiciones de uso del sitio web de Herdit S.L. (\u201cHerdit\u201d, \u201cnosotros\u201d o \u201cnuestro\u201d), con CIF: ESB01380856, domicilio social en Carretera de Altube Km 5.2, 01196 Aranguiz (\u00c1lava), Espa\u00f1a, inscrita en el Registro Mercantil de \u00c1lava, Tomo 1192, Folio 92, Hoja [&hellip;]<\/p>\n","protected":false},"author":3,"featured_media":0,"parent":0,"menu_order":0,"comment_status":"closed","ping_status":"closed","template":"elementor_header_footer","meta":{"footnotes":""},"class_list":["post-1455","page","type-page","status-publish","hentry"],"_hostinger_reach_plugin_has_subscription_block":false,"_hostinger_reach_plugin_is_elementor":false,"_links":{"self":[{"href":"https:\/\/herdit.com\/es\/wp-json\/wp\/v2\/pages\/1455","targetHints":{"allow":["GET"]}}],"collection":[{"href":"https:\/\/herdit.com\/es\/wp-json\/wp\/v2\/pages"}],"about":[{"href":"https:\/\/herdit.com\/es\/wp-json\/wp\/v2\/types\/page"}],"author":[{"embeddable":true,"href":"https:\/\/herdit.com\/es\/wp-json\/wp\/v2\/users\/3"}],"replies":[{"embeddable":true,"href":"https:\/\/herdit.com\/es\/wp-json\/wp\/v2\/comments?post=1455"}],"version-history":[{"count":82,"href":"https:\/\/herdit.com\/es\/wp-json\/wp\/v2\/pages\/1455\/revisions"}],"predecessor-version":[{"id":5752,"href":"https:\/\/herdit.com\/es\/wp-json\/wp\/v2\/pages\/1455\/revisions\/5752"}],"wp:attachment":[{"href":"https:\/\/herdit.com\/es\/wp-json\/wp\/v2\/media?parent=1455"}],"curies":[{"name":"wp","href":"https:\/\/api.w.org\/{rel}","templated":true}]}}