{"id":1445,"date":"2026-01-07T11:59:55","date_gmt":"2026-01-07T11:59:55","guid":{"rendered":"https:\/\/herdit.com\/?page_id=1445"},"modified":"2026-02-19T08:31:08","modified_gmt":"2026-02-19T08:31:08","slug":"avis-juridique","status":"publish","type":"page","link":"https:\/\/herdit.com\/fr\/aviso-legal\/","title":{"rendered":"Avis juridique"},"content":{"rendered":"<div data-elementor-type=\"wp-page\" data-elementor-id=\"1445\" class=\"elementor elementor-1445\" data-elementor-post-type=\"page\">\n\t\t\t\t<div class=\"elementor-element elementor-element-d304e82 e-flex e-con-boxed elementor-invisible e-con e-parent\" data-id=\"d304e82\" data-element_type=\"container\" data-e-type=\"container\" data-settings=\"{&quot;animation&quot;:&quot;fadeIn&quot;}\">\n\t\t\t\t\t<div class=\"e-con-inner\">\n\t\t\t\t<div class=\"elementor-element elementor-element-f0aa574 elementor-align-left elementor-widget__width-initial e-transform elementor-widget elementor-widget-button\" data-id=\"f0aa574\" data-element_type=\"widget\" data-e-type=\"widget\" data-settings=\"{&quot;_transform_scale_effect_hover&quot;:{&quot;unit&quot;:&quot;px&quot;,&quot;size&quot;:1.1,&quot;sizes&quot;:[]},&quot;_transform_scale_effect_hover_tablet&quot;:{&quot;unit&quot;:&quot;px&quot;,&quot;size&quot;:&quot;&quot;,&quot;sizes&quot;:[]},&quot;_transform_scale_effect_hover_mobile&quot;:{&quot;unit&quot;:&quot;px&quot;,&quot;size&quot;:&quot;&quot;,&quot;sizes&quot;:[]}}\" data-widget_type=\"button.default\">\n\t\t\t\t\t\t\t\t\t\t<a class=\"elementor-button elementor-button-link elementor-size-sm\" href=\"https:\/\/herdit.com\/fr\/\">\n\t\t\t\t\t\t<span class=\"elementor-button-content-wrapper\">\n\t\t\t\t\t\t<span class=\"elementor-button-icon\">\n\t\t\t\t<svg aria-hidden=\"true\" class=\"e-font-icon-svg e-fas-arrow-left\" viewbox=\"0 0 448 512\" xmlns=\"http:\/\/www.w3.org\/2000\/svg\"><path d=\"M257.5 445.1l-22.2 22.2c-9.4 9.4-24.6 9.4-33.9 0L7 273c-9.4-9.4-9.4-24.6 0-33.9L201.4 44.7c9.4-9.4 24.6-9.4 33.9 0l22.2 22.2c9.5 9.5 9.3 25-.4 34.3L136.6 216H424c13.3 0 24 10.7 24 24v32c0 13.3-10.7 24-24 24H136.6l120.5 114.8c9.8 9.3 10 24.8.4 34.3z\"><\/path><\/svg>\t\t\t<\/span>\n\t\t\t\t\t\t\t\t\t<span class=\"elementor-button-text\">Retour \u00e0 l'accueil<\/span>\n\t\t\t\t\t<\/span>\n\t\t\t\t\t<\/a>\n\t\t\t\t\t\t\t\t<\/div>\n\t\t\t\t\t<\/div>\n\t\t\t\t<\/div>\n\t\t<div class=\"elementor-element elementor-element-457eadd e-flex e-con-boxed elementor-invisible e-con e-parent\" data-id=\"457eadd\" data-element_type=\"container\" data-e-type=\"container\" data-settings=\"{&quot;animation&quot;:&quot;fadeInUp&quot;}\">\n\t\t\t\t\t<div class=\"e-con-inner\">\n\t\t\t\t<div class=\"elementor-element elementor-element-7aec32e elementor-widget elementor-widget-heading\" data-id=\"7aec32e\" data-element_type=\"widget\" data-e-type=\"widget\" data-widget_type=\"heading.default\">\n\t\t\t\t\t<h2 class=\"elementor-heading-title elementor-size-default\">Avis juridique<\/h2>\t\t\t\t<\/div>\n\t\t\t\t<div class=\"elementor-element elementor-element-2e960b5 elementor-widget elementor-widget-heading\" data-id=\"2e960b5\" data-element_type=\"widget\" data-e-type=\"widget\" data-widget_type=\"heading.default\">\n\t\t\t\t\t<h2 class=\"elementor-heading-title elementor-size-default\">1. Informations G\u00e9n\u00e9rales<\/h2>\t\t\t\t<\/div>\n\t\t\t\t<div class=\"elementor-element elementor-element-3b2e8cd elementor-widget elementor-widget-text-editor\" data-id=\"3b2e8cd\" data-element_type=\"widget\" data-e-type=\"widget\" data-widget_type=\"text-editor.default\">\n\t\t\t\t\t\t\t\t\t<p data-start=\"308\" data-end=\"678\">Le pr\u00e9sent avis juridique r\u00e9git l'acc\u00e8s et l'utilisation du site web appartenant \u00e0 Herdit S.L. (\u201cHerdit\u201d, \u201cnous\u201d, \u201cnotre\u201d ou \"nos\"), dont le num\u00e9ro de TVA est ESB01380856, dont le si\u00e8ge social est situ\u00e9 Carretera de Altube Km 5.2, 01196 Aranguiz (\u00c1lava), Espagne, inscrite au registre du commerce d'\u00c1lava, volume 1192, folio 92, page 10676, et dont l'adresse \u00e9lectronique de contact est la suivante <a class=\"decorated-link cursor-pointer\" rel=\"noopener\" data-start=\"656\" data-end=\"673\">herdit@herdit.com<\/a>.<\/p><p data-start=\"680\" data-end=\"918\">L'acc\u00e8s et la navigation sur ce site web impliquent l'acceptation totale et sans r\u00e9serve de toutes les dispositions incluses dans le pr\u00e9sent avis juridique. Si vous n'\u00eates pas d'accord avec ces dispositions, veuillez ne pas utiliser ce site web.<\/p><p data-start=\"920\" data-end=\"1058\">Ce site est \u00e9galement r\u00e9gi par la loi 34\/2002 sur les services de la soci\u00e9t\u00e9 de l'information et le commerce \u00e9lectronique (LSSI-CE).<\/p>\t\t\t\t\t\t\t\t<\/div>\n\t\t\t\t<div class=\"elementor-element elementor-element-53a70a8 elementor-widget elementor-widget-heading\" data-id=\"53a70a8\" data-element_type=\"widget\" data-e-type=\"widget\" data-widget_type=\"heading.default\">\n\t\t\t\t\t<h2 class=\"elementor-heading-title elementor-size-default\">2. Propri\u00e9t\u00e9 intellectuelle et industrielle<\/h2>\t\t\t\t<\/div>\n\t\t\t\t<div class=\"elementor-element elementor-element-d678cb7 elementor-widget elementor-widget-text-editor\" data-id=\"d678cb7\" data-element_type=\"widget\" data-e-type=\"widget\" data-widget_type=\"text-editor.default\">\n\t\t\t\t\t\t\t\t\t<p data-start=\"810\" data-end=\"1073\">Tout le contenu de ce site web, y compris les textes, images, logos, marques, graphiques, vid\u00e9os, logiciels et tout autre \u00e9l\u00e9ment, est la propri\u00e9t\u00e9 d'Herdit ou de tiers ayant autoris\u00e9 son utilisation.<\/p><p data-start=\"1075\" data-end=\"1357\">La reproduction, la distribution, la communication publique, la transformation ou toute autre utilisation du contenu sans l'autorisation expresse et \u00e9crite de Herdit est strictement interdite, sauf dans les cas autoris\u00e9s par la l\u00e9gislation en vigueur en mati\u00e8re de propri\u00e9t\u00e9 intellectuelle et industrielle.<\/p>\t\t\t\t\t\t\t\t<\/div>\n\t\t\t\t<div class=\"elementor-element elementor-element-855a6e0 elementor-widget elementor-widget-heading\" data-id=\"855a6e0\" data-element_type=\"widget\" data-e-type=\"widget\" data-widget_type=\"heading.default\">\n\t\t\t\t\t<h2 class=\"elementor-heading-title elementor-size-default\">3. Utilisation du site web<\/h2>\t\t\t\t<\/div>\n\t\t\t\t<div class=\"elementor-element elementor-element-6092a66 elementor-widget elementor-widget-text-editor\" data-id=\"6092a66\" data-element_type=\"widget\" data-e-type=\"widget\" data-widget_type=\"text-editor.default\">\n\t\t\t\t\t\t\t\t\t<p data-start=\"1206\" data-end=\"1390\">L'utilisateur s'engage \u00e0 utiliser le site web de mani\u00e8re licite et conform\u00e9ment aux pr\u00e9sentes conditions g\u00e9n\u00e9rales. Il est interdit d'utiliser le site web pour :<\/p><ul data-start=\"1392\" data-end=\"1688\"><li data-start=\"1392\" data-end=\"1473\"><p data-start=\"1394\" data-end=\"1473\">Diffuser du contenu ill\u00e9gal, offensant ou portant atteinte aux droits de tiers.<\/p><\/li><li data-start=\"1474\" data-end=\"1587\"><p data-start=\"1476\" data-end=\"1587\">Introduire des virus, des logiciels malveillants ou d'autres \u00e9l\u00e9ments susceptibles d'endommager ou d'entraver le fonctionnement du site web.<\/p><\/li><li data-start=\"1588\" data-end=\"1688\"><p data-start=\"1590\" data-end=\"1688\">mener des activit\u00e9s de collecte de donn\u00e9es personnelles sur d'autres utilisateurs sans leur consentement.<\/p><\/li><\/ul><p data-start=\"1690\" data-end=\"1800\">Herdit se r\u00e9serve le droit de suspendre l'acc\u00e8s au site web aux utilisateurs qui ne respectent pas ces conditions.<\/p>\t\t\t\t\t\t\t\t<\/div>\n\t\t\t\t<div class=\"elementor-element elementor-element-4c72cf5 elementor-widget elementor-widget-heading\" data-id=\"4c72cf5\" data-element_type=\"widget\" data-e-type=\"widget\" data-widget_type=\"heading.default\">\n\t\t\t\t\t<h2 class=\"elementor-heading-title elementor-size-default\">4. Clause de non-responsabilit\u00e9<\/h2>\t\t\t\t<\/div>\n\t\t\t\t<div class=\"elementor-element elementor-element-25c7ac1 elementor-widget elementor-widget-text-editor\" data-id=\"25c7ac1\" data-element_type=\"widget\" data-e-type=\"widget\" data-widget_type=\"text-editor.default\">\n\t\t\t\t\t\t\t\t\t<p data-start=\"2075\" data-end=\"2389\">Herdit s'efforce de garantir l'exactitude, l'actualit\u00e9 et l'exhaustivit\u00e9 des informations disponibles sur ce site web. Toutefois, le contenu est fourni \u00e0 titre d'information uniquement et ne constitue pas un conseil professionnel ou contractuel.<\/p><p data-start=\"2391\" data-end=\"2629\">Herdit n'est pas responsable des dommages directs ou indirects, des pertes ou des dommages r\u00e9sultant de l'acc\u00e8s, de l'utilisation ou de l'impossibilit\u00e9 d'acc\u00e9der au site web, sauf dans les cas o\u00f9 la loi applicable emp\u00eache la limitation de la responsabilit\u00e9.<\/p>\t\t\t\t\t\t\t\t<\/div>\n\t\t\t\t<div class=\"elementor-element elementor-element-7bc3a02 elementor-widget elementor-widget-heading\" data-id=\"7bc3a02\" data-element_type=\"widget\" data-e-type=\"widget\" data-widget_type=\"heading.default\">\n\t\t\t\t\t<h2 class=\"elementor-heading-title elementor-size-default\">5. Liens avec des tiers<\/h2>\t\t\t\t<\/div>\n\t\t\t\t<div class=\"elementor-element elementor-element-f8b7b94 elementor-widget elementor-widget-text-editor\" data-id=\"f8b7b94\" data-element_type=\"widget\" data-e-type=\"widget\" data-widget_type=\"text-editor.default\">\n\t\t\t\t\t\t\t\t\t<p data-start=\"2636\" data-end=\"2995\">Ce site web peut contenir des liens vers des sites web de tiers. Herdit ne contr\u00f4le ni ne garantit la disponibilit\u00e9, l'exactitude, la l\u00e9galit\u00e9 ou la qualit\u00e9 du contenu propos\u00e9 par ces sites externes. Avant de fournir des donn\u00e9es personnelles \u00e0 ces sites, nous vous conseillons de consulter leurs politiques de confidentialit\u00e9 et leurs conditions d'utilisation.<\/p>\t\t\t\t\t\t\t\t<\/div>\n\t\t\t\t<div class=\"elementor-element elementor-element-389bb97 elementor-widget elementor-widget-heading\" data-id=\"389bb97\" data-element_type=\"widget\" data-e-type=\"widget\" data-widget_type=\"heading.default\">\n\t\t\t\t\t<h2 class=\"elementor-heading-title elementor-size-default\">6. Protection des donn\u00e9es personnelles<\/h2>\t\t\t\t<\/div>\n\t\t\t\t<div class=\"elementor-element elementor-element-ed7fe45 elementor-widget elementor-widget-text-editor\" data-id=\"ed7fe45\" data-element_type=\"widget\" data-e-type=\"widget\" data-widget_type=\"text-editor.default\">\n\t\t\t\t\t\t\t\t\t<p data-start=\"3002\" data-end=\"3393\">Le traitement des donn\u00e9es personnelles des utilisateurs du site web est r\u00e9gi par la <a href=\"https:\/\/herdit.com\/fr\/politique-de-confidentialite\/\">Politique de confidentialit\u00e9<\/a> de Herdit, conform\u00e9ment au r\u00e8glement g\u00e9n\u00e9ral sur la protection des donn\u00e9es (UE) 2016\/679 et \u00e0 la l\u00e9gislation espagnole applicable. En utilisant ce site web, vous consentez au traitement de vos donn\u00e9es comme indiqu\u00e9 dans notre politique de confidentialit\u00e9.<\/p>\t\t\t\t\t\t\t\t<\/div>\n\t\t\t\t<div class=\"elementor-element elementor-element-14e6d78 elementor-widget elementor-widget-heading\" data-id=\"14e6d78\" data-element_type=\"widget\" data-e-type=\"widget\" data-widget_type=\"heading.default\">\n\t\t\t\t\t<h2 class=\"elementor-heading-title elementor-size-default\">7. Droit applicable et juridiction<\/h2>\t\t\t\t<\/div>\n\t\t\t\t<div class=\"elementor-element elementor-element-21a1f5b elementor-widget elementor-widget-text-editor\" data-id=\"21a1f5b\" data-element_type=\"widget\" data-e-type=\"widget\" data-widget_type=\"text-editor.default\">\n\t\t\t\t\t\t\t\t\t<p data-start=\"3400\" data-end=\"3780\">Le pr\u00e9sent avis juridique est r\u00e9gi par la l\u00e9gislation espagnole et europ\u00e9enne applicable. Pour la r\u00e9solution de tout conflit pouvant survenir dans le cadre de l'utilisation du site web, les parties se soumettent \u00e0 la juridiction des cours et tribunaux d'\u00c1lava (Espagne), \u00e0 moins que la loi applicable ne pr\u00e9voie une autre juridiction obligatoire.<\/p>\t\t\t\t\t\t\t\t<\/div>\n\t\t\t\t<div class=\"elementor-element elementor-element-712aba8 elementor-widget elementor-widget-heading\" data-id=\"712aba8\" data-element_type=\"widget\" data-e-type=\"widget\" data-widget_type=\"heading.default\">\n\t\t\t\t\t<h2 class=\"elementor-heading-title elementor-size-default\">8. Modification de l'avis juridique<\/h2>\t\t\t\t<\/div>\n\t\t\t\t<div class=\"elementor-element elementor-element-3ac990d elementor-widget elementor-widget-text-editor\" data-id=\"3ac990d\" data-element_type=\"widget\" data-e-type=\"widget\" data-widget_type=\"text-editor.default\">\n\t\t\t\t\t\t\t\t\t<p data-start=\"3787\" data-end=\"4164\">Herdit se r\u00e9serve le droit de modifier, de mettre \u00e0 jour ou de compl\u00e9ter cet avis juridique \u00e0 tout moment pour des raisons juridiques, techniques ou op\u00e9rationnelles. La version actuelle sera publi\u00e9e sur ce site web et sera imm\u00e9diatement applicable. Il vous est conseill\u00e9 de consulter r\u00e9guli\u00e8rement ces mentions l\u00e9gales afin de vous tenir inform\u00e9 de tout changement.<\/p>\t\t\t\t\t\t\t\t<\/div>\n\t\t\t\t<div class=\"elementor-element elementor-element-7419cf7 elementor-widget elementor-widget-text-editor\" data-id=\"7419cf7\" data-element_type=\"widget\" data-e-type=\"widget\" data-widget_type=\"text-editor.default\">\n\t\t\t\t\t\t\t\t\t<p><i>Derni\u00e8re mise \u00e0 jour : 26 janvier 2026<\/i><\/p>\t\t\t\t\t\t\t\t<\/div>\n\t\t\t\t\t<\/div>\n\t\t\t\t<\/div>\n\t\t\t\t<\/div>","protected":false},"excerpt":{"rendered":"<p>Volver a Inicio Aviso Legal 1. Informaci\u00f3n General El presente Aviso Legal regula el acceso y uso del sitio web propiedad de Herdit S.L. (\u201cHerdit\u201d, \u201cnosotros\u201d o \u201cnuestro\u201d), con CIF: ESB01380856, domicilio social en Carretera de Altube Km 5.2, 01196 Aranguiz (\u00c1lava), Espa\u00f1a, inscrita en el Registro Mercantil de \u00c1lava, Tomo 1192, Folio 92, Hoja [&hellip;]<\/p>\n","protected":false},"author":3,"featured_media":0,"parent":0,"menu_order":0,"comment_status":"closed","ping_status":"closed","template":"elementor_header_footer","meta":{"footnotes":""},"class_list":["post-1445","page","type-page","status-publish","hentry"],"_hostinger_reach_plugin_has_subscription_block":false,"_hostinger_reach_plugin_is_elementor":false,"_links":{"self":[{"href":"https:\/\/herdit.com\/fr\/wp-json\/wp\/v2\/pages\/1445","targetHints":{"allow":["GET"]}}],"collection":[{"href":"https:\/\/herdit.com\/fr\/wp-json\/wp\/v2\/pages"}],"about":[{"href":"https:\/\/herdit.com\/fr\/wp-json\/wp\/v2\/types\/page"}],"author":[{"embeddable":true,"href":"https:\/\/herdit.com\/fr\/wp-json\/wp\/v2\/users\/3"}],"replies":[{"embeddable":true,"href":"https:\/\/herdit.com\/fr\/wp-json\/wp\/v2\/comments?post=1445"}],"version-history":[{"count":98,"href":"https:\/\/herdit.com\/fr\/wp-json\/wp\/v2\/pages\/1445\/revisions"}],"predecessor-version":[{"id":5749,"href":"https:\/\/herdit.com\/fr\/wp-json\/wp\/v2\/pages\/1445\/revisions\/5749"}],"wp:attachment":[{"href":"https:\/\/herdit.com\/fr\/wp-json\/wp\/v2\/media?parent=1445"}],"curies":[{"name":"wp","href":"https:\/\/api.w.org\/{rel}","templated":true}]}}