{"id":1450,"date":"2026-01-07T12:00:22","date_gmt":"2026-01-07T12:00:22","guid":{"rendered":"https:\/\/herdit.com\/?page_id=1450"},"modified":"2026-02-19T08:28:09","modified_gmt":"2026-02-19T08:28:09","slug":"politique-en-matiere-de-cookies","status":"publish","type":"page","link":"https:\/\/herdit.com\/fr\/politica-de-cookies\/","title":{"rendered":"Politique en mati\u00e8re de cookies"},"content":{"rendered":"<div data-elementor-type=\"wp-page\" data-elementor-id=\"1450\" class=\"elementor elementor-1450\" data-elementor-post-type=\"page\">\n\t\t\t\t<div class=\"elementor-element elementor-element-c88b867 e-flex e-con-boxed elementor-invisible e-con e-parent\" data-id=\"c88b867\" data-element_type=\"container\" data-e-type=\"container\" data-settings=\"{&quot;animation&quot;:&quot;fadeIn&quot;}\">\n\t\t\t\t\t<div class=\"e-con-inner\">\n\t\t\t\t<div class=\"elementor-element elementor-element-efe2625 elementor-align-left elementor-widget__width-initial e-transform elementor-widget elementor-widget-button\" data-id=\"efe2625\" data-element_type=\"widget\" data-e-type=\"widget\" data-settings=\"{&quot;_transform_scale_effect_hover&quot;:{&quot;unit&quot;:&quot;px&quot;,&quot;size&quot;:1.1,&quot;sizes&quot;:[]},&quot;_transform_scale_effect_hover_tablet&quot;:{&quot;unit&quot;:&quot;px&quot;,&quot;size&quot;:&quot;&quot;,&quot;sizes&quot;:[]},&quot;_transform_scale_effect_hover_mobile&quot;:{&quot;unit&quot;:&quot;px&quot;,&quot;size&quot;:&quot;&quot;,&quot;sizes&quot;:[]}}\" data-widget_type=\"button.default\">\n\t\t\t\t\t\t\t\t\t\t<a class=\"elementor-button elementor-button-link elementor-size-sm\" href=\"https:\/\/herdit.com\/fr\/\">\n\t\t\t\t\t\t<span class=\"elementor-button-content-wrapper\">\n\t\t\t\t\t\t<span class=\"elementor-button-icon\">\n\t\t\t\t<svg aria-hidden=\"true\" class=\"e-font-icon-svg e-fas-arrow-left\" viewbox=\"0 0 448 512\" xmlns=\"http:\/\/www.w3.org\/2000\/svg\"><path d=\"M257.5 445.1l-22.2 22.2c-9.4 9.4-24.6 9.4-33.9 0L7 273c-9.4-9.4-9.4-24.6 0-33.9L201.4 44.7c9.4-9.4 24.6-9.4 33.9 0l22.2 22.2c9.5 9.5 9.3 25-.4 34.3L136.6 216H424c13.3 0 24 10.7 24 24v32c0 13.3-10.7 24-24 24H136.6l120.5 114.8c9.8 9.3 10 24.8.4 34.3z\"><\/path><\/svg>\t\t\t<\/span>\n\t\t\t\t\t\t\t\t\t<span class=\"elementor-button-text\">Retour \u00e0 l'accueil<\/span>\n\t\t\t\t\t<\/span>\n\t\t\t\t\t<\/a>\n\t\t\t\t\t\t\t\t<\/div>\n\t\t\t\t\t<\/div>\n\t\t\t\t<\/div>\n\t\t<div class=\"elementor-element elementor-element-0e94b63 e-flex e-con-boxed elementor-invisible e-con e-parent\" data-id=\"0e94b63\" data-element_type=\"container\" data-e-type=\"container\" data-settings=\"{&quot;animation&quot;:&quot;fadeInUp&quot;}\">\n\t\t\t\t\t<div class=\"e-con-inner\">\n\t\t\t\t<div class=\"elementor-element elementor-element-3369568 elementor-widget elementor-widget-heading\" data-id=\"3369568\" data-element_type=\"widget\" data-e-type=\"widget\" data-widget_type=\"heading.default\">\n\t\t\t\t\t<h2 class=\"elementor-heading-title elementor-size-default\">Politique en mati\u00e8re de cookies<\/h2>\t\t\t\t<\/div>\n\t\t\t\t<div class=\"elementor-element elementor-element-81555b7 elementor-widget elementor-widget-heading\" data-id=\"81555b7\" data-element_type=\"widget\" data-e-type=\"widget\" data-widget_type=\"heading.default\">\n\t\t\t\t\t<h2 class=\"elementor-heading-title elementor-size-default\">1. Introduction\n<\/h2>\t\t\t\t<\/div>\n\t\t\t\t<div class=\"elementor-element elementor-element-97769e4 elementor-widget elementor-widget-text-editor\" data-id=\"97769e4\" data-element_type=\"widget\" data-e-type=\"widget\" data-widget_type=\"text-editor.default\">\n\t\t\t\t\t\t\t\t\t<p data-start=\"215\" data-end=\"802\">Herdit S.L. (\u201cHerdit\u201d, \u201cnous\u201d, \u201cnotre\u201d ou \"nos\") utilise des cookies et des technologies similaires sur son site web afin d'am\u00e9liorer l'exp\u00e9rience de navigation des utilisateurs, d'analyser les performances du site et d'assurer son bon fonctionnement. La pr\u00e9sente politique en mati\u00e8re de cookies explique ce que sont les cookies, quels types nous utilisons, \u00e0 quelles fins et comment vous pouvez les g\u00e9rer ou les refuser. Votre acceptation des cookies est conforme aux dispositions du R\u00e8glement g\u00e9n\u00e9ral sur la protection des donn\u00e9es (UE) 2016\/679, de la loi 34\/2002 sur les services de la soci\u00e9t\u00e9 de l'information et le commerce \u00e9lectronique (LSSI-CE) et de la r\u00e9glementation applicable en mati\u00e8re de confidentialit\u00e9 \u00e9lectronique.<\/p>\t\t\t\t\t\t\t\t<\/div>\n\t\t\t\t<div class=\"elementor-element elementor-element-d24db38 elementor-widget elementor-widget-heading\" data-id=\"d24db38\" data-element_type=\"widget\" data-e-type=\"widget\" data-widget_type=\"heading.default\">\n\t\t\t\t\t<h2 class=\"elementor-heading-title elementor-size-default\">2. Qu'est-ce qu'un cookie ?<\/h2>\t\t\t\t<\/div>\n\t\t\t\t<div class=\"elementor-element elementor-element-20e3d4c elementor-widget elementor-widget-text-editor\" data-id=\"20e3d4c\" data-element_type=\"widget\" data-e-type=\"widget\" data-widget_type=\"text-editor.default\">\n\t\t\t\t\t\t\t\t\t<p data-start=\"809\" data-end=\"1159\">Les cookies sont de petits fichiers texte qui sont t\u00e9l\u00e9charg\u00e9s sur l'appareil de l'utilisateur lorsqu'il acc\u00e8de \u00e0 un site web. Ils permettent au site web de m\u00e9moriser des informations sur la visite, telles que les pr\u00e9f\u00e9rences linguistiques, les pages visit\u00e9es ou les formulaires remplis, et contribuent \u00e0 am\u00e9liorer l'exp\u00e9rience de l'utilisateur.<\/p>\t\t\t\t\t\t\t\t<\/div>\n\t\t\t\t<div class=\"elementor-element elementor-element-2c89c5b elementor-widget elementor-widget-heading\" data-id=\"2c89c5b\" data-element_type=\"widget\" data-e-type=\"widget\" data-widget_type=\"heading.default\">\n\t\t\t\t\t<h2 class=\"elementor-heading-title elementor-size-default\">3. Les types de cookies que nous utilisons<\/h2>\t\t\t\t<\/div>\n\t\t\t\t<div class=\"elementor-element elementor-element-c9c33d8 elementor-widget elementor-widget-text-editor\" data-id=\"c9c33d8\" data-element_type=\"widget\" data-e-type=\"widget\" data-widget_type=\"text-editor.default\">\n\t\t\t\t\t\t\t\t\t<p data-start=\"314\" data-end=\"502\">Le site web d'Herdit utilise ses propres cookies et ceux de tiers aux fins d\u00e9crites ci-dessous. Les cookies ne sont en aucun cas utilis\u00e9s \u00e0 des fins de publicit\u00e9 ou de marketing.<\/p><p data-start=\"504\" data-end=\"541\"><strong>3.1 Cookies techniques ou n\u00e9cessaires<\/strong><\/p><p data-start=\"543\" data-end=\"737\">Ces cookies sont essentiels pour le bon fonctionnement du site web et pour permettre la navigation et l'utilisation de ses fonctionnalit\u00e9s de base. Ils ne n\u00e9cessitent pas le consentement de l'utilisateur.<\/p><p data-start=\"739\" data-end=\"786\">Il s'agit, entre autres, des cookies n\u00e9cessaires pour :<\/p><ul data-start=\"787\" data-end=\"1073\"><li data-start=\"787\" data-end=\"913\"><p data-start=\"789\" data-end=\"913\">Assurer la s\u00e9curit\u00e9 du site web et emp\u00eacher les acc\u00e8s non autoris\u00e9s ou les utilisations malveillantes (par exemple par le biais de Wordfence).<\/p><\/li><li data-start=\"914\" data-end=\"983\"><p data-start=\"916\" data-end=\"983\">G\u00e9rer la session de l'utilisateur et la stabilit\u00e9 technique du site.<\/p><\/li><li data-start=\"984\" data-end=\"1073\"><p data-start=\"986\" data-end=\"1073\">Se souvenir de l'acceptation ou de la configuration des cookies effectu\u00e9e par l'utilisateur (Complianz).<\/p><\/li><\/ul><p data-start=\"1075\" data-end=\"1140\">Sans ces cookies, le site web ne peut pas fonctionner correctement.<\/p><p data-start=\"1147\" data-end=\"1196\"><strong>3.2 Cookies de pr\u00e9f\u00e9rence ou de personnalisation<\/strong><\/p><p data-start=\"1198\" data-end=\"1343\">Ces cookies m\u00e9morisent des informations qui modifient le comportement ou l'apparence du site web en fonction des pr\u00e9f\u00e9rences de l'utilisateur.<\/p><p data-start=\"1345\" data-end=\"1377\">Ils sont notamment utilis\u00e9s pour<\/p><ul data-start=\"1378\" data-end=\"1496\"><li data-start=\"1378\" data-end=\"1496\"><p data-start=\"1380\" data-end=\"1496\">M\u00e9moriser la langue s\u00e9lectionn\u00e9e par l'utilisateur et afficher le contenu dans la langue correspondante (TranslatePress).<\/p><\/li><\/ul><p data-start=\"1498\" data-end=\"1581\">Ces cookies ne sont pas utilis\u00e9s pour identifier l'utilisateur ou \u00e0 des fins de marketing.<\/p><p data-start=\"1588\" data-end=\"1614\"><strong>3.3 Cookies analytiques<\/strong><\/p><p data-start=\"1616\" data-end=\"1788\">Ces cookies nous permettent d'analyser le comportement des utilisateurs sous une forme agr\u00e9g\u00e9e et anonyme, afin d'am\u00e9liorer le contenu, la conception et les performances du site web.<\/p><p data-start=\"1790\" data-end=\"1802\">En particulier :<\/p><ul data-start=\"1803\" data-end=\"2205\"><li data-start=\"1803\" data-end=\"1996\"><p data-start=\"1805\" data-end=\"1996\">Google Analytics 4, fourni par Google LLC, est utilis\u00e9 pour obtenir des statistiques sur l'utilisation du site web (par exemple, les pages visit\u00e9es, la dur\u00e9e de la visite, le type d'appareil).<\/p><\/li><li data-start=\"1997\" data-end=\"2106\"><p data-start=\"1999\" data-end=\"2106\">Les informations collect\u00e9es sont utilis\u00e9es exclusivement \u00e0 des fins statistiques et d'optimisation du site web.<\/p><\/li><li data-start=\"2107\" data-end=\"2205\"><p data-start=\"2109\" data-end=\"2205\">Ces cookies ne sont pas utilis\u00e9s \u00e0 des fins de publicit\u00e9, de remarketing ou de profilage.<\/p><\/li><\/ul><p data-start=\"2207\" data-end=\"2364\">L'utilisation de ces cookies est soumise au consentement de l'utilisateur, qui peut \u00eatre g\u00e9r\u00e9 \u00e0 tout moment par le biais du panneau de configuration des cookies.<\/p><p data-start=\"2371\" data-end=\"2399\"><strong>3.4 Cookies de s\u00e9curit\u00e9<\/strong><\/p><p data-start=\"2401\" data-end=\"2500\">Outre les cookies techniques, des cookies sp\u00e9cifiques li\u00e9s \u00e0 la s\u00e9curit\u00e9 sont utilis\u00e9s pour :<\/p><ul><li data-start=\"2501\" data-end=\"2571\"><p data-start=\"2503\" data-end=\"2571\">D\u00e9tecter et pr\u00e9venir les activit\u00e9s frauduleuses ou les attaques sur le site web.<\/p><\/li><li data-start=\"2572\" data-end=\"2631\"><p data-start=\"2574\" data-end=\"2631\">Prot\u00e9ger l'int\u00e9grit\u00e9 du site et des donn\u00e9es trait\u00e9es.<\/p><\/li><\/ul><p>Ces cookies ne sont pas utilis\u00e9s \u00e0 des fins de marketing ou de publicit\u00e9, mais uniquement pour assurer la s\u00e9curit\u00e9 du site web.<\/p>\t\t\t\t\t\t\t\t<\/div>\n\t\t\t\t<div class=\"elementor-element elementor-element-d9ac747 elementor-widget elementor-widget-heading\" data-id=\"d9ac747\" data-element_type=\"widget\" data-e-type=\"widget\" data-widget_type=\"heading.default\">\n\t\t\t\t\t<h2 class=\"elementor-heading-title elementor-size-default\">4. Consentement et contr\u00f4le des cookies\n<\/h2>\t\t\t\t<\/div>\n\t\t\t\t<div class=\"elementor-element elementor-element-c96027b elementor-widget elementor-widget-text-editor\" data-id=\"c96027b\" data-element_type=\"widget\" data-e-type=\"widget\" data-widget_type=\"text-editor.default\">\n\t\t\t\t\t\t\t\t\t<p data-start=\"2205\" data-end=\"2476\">Lorsque vous acc\u00e9dez \u00e0 notre site web pour la premi\u00e8re fois, un message vous demande de consentir \u00e0 l'utilisation de cookies non essentiels. Vous pouvez accepter tous les cookies, les refuser ou les param\u00e9trer selon vos pr\u00e9f\u00e9rences.<\/p><p data-start=\"2478\" data-end=\"2729\">Vous pouvez g\u00e9rer, bloquer ou supprimer les cookies \u00e0 tout moment via les param\u00e8tres de votre navigateur. La d\u00e9sactivation de certains cookies peut affecter le fonctionnement de certaines sections du site web et limiter certaines fonctionnalit\u00e9s.<\/p>\t\t\t\t\t\t\t\t<\/div>\n\t\t\t\t<div class=\"elementor-element elementor-element-1cb7a01 elementor-widget elementor-widget-heading\" data-id=\"1cb7a01\" data-element_type=\"widget\" data-e-type=\"widget\" data-widget_type=\"heading.default\">\n\t\t\t\t\t<h2 class=\"elementor-heading-title elementor-size-default\">5. Cookies de tiers<\/h2>\t\t\t\t<\/div>\n\t\t\t\t<div class=\"elementor-element elementor-element-5202550 elementor-widget elementor-widget-text-editor\" data-id=\"5202550\" data-element_type=\"widget\" data-e-type=\"widget\" data-widget_type=\"text-editor.default\">\n\t\t\t\t\t\t\t\t\t<p data-start=\"345\" data-end=\"626\">Certains services utilis\u00e9s sur ce site web peuvent g\u00e9n\u00e9rer des cookies de tiers, qui sont g\u00e9r\u00e9s et contr\u00f4l\u00e9s en dehors du site web d'Herdit. Ces cookies sont soumis \u00e0 la politique de confidentialit\u00e9 de chaque fournisseur et ne sont utilis\u00e9s qu'aux fins indiqu\u00e9es ci-dessous :<\/p><ul><li data-start=\"628\" data-end=\"1213\"><p data-start=\"630\" data-end=\"1213\"><strong data-start=\"630\" data-end=\"674\">Google Analytics 4 (Google LLC, USA)<\/strong><br data-start=\"674\" data-end=\"677\" \/>Utilis\u00e9s pour analyser, sous une forme agr\u00e9g\u00e9e et anonyme, la mani\u00e8re dont les utilisateurs interagissent avec le site web, y compris les pages visit\u00e9es, le temps pass\u00e9 et le type d'appareil. Ces cookies ne sont activ\u00e9s qu'apr\u00e8s le consentement de l'utilisateur et ne sont pas utilis\u00e9s \u00e0 des fins de publicit\u00e9, de remarketing ou de profilage. Le transfert de donn\u00e9es en dehors de l'Espace \u00e9conomique europ\u00e9en se fait conform\u00e9ment aux Clauses contractuelles types approuv\u00e9es par la Commission europ\u00e9enne et \u00e0 d'autres mesures de protection suppl\u00e9mentaires le cas \u00e9ch\u00e9ant.<\/p><\/li><li data-start=\"1215\" data-end=\"1467\"><p data-start=\"1217\" data-end=\"1467\"><strong data-start=\"1217\" data-end=\"1264\">TranslatePress (traductions de sites web)<\/strong><br data-start=\"1264\" data-end=\"1267\" \/>Il utilise des cookies pour m\u00e9moriser la langue s\u00e9lectionn\u00e9e par l'utilisateur et afficher le contenu dans la langue correspondante. Ces cookies n'identifient pas l'utilisateur et sont consid\u00e9r\u00e9s comme fonctionnels.<\/p><\/li><li data-start=\"1470\" data-end=\"1520\"><p data-start=\"1471\" data-end=\"1520\"><strong data-start=\"1471\" data-end=\"1514\">reCAPTCHA (Google LLC, USA)<\/strong><br data-start=\"1514\" data-end=\"1517\" \/>Utilis\u00e9 dans les formulaires pour se prot\u00e9ger contre le spam et l'acc\u00e8s automatis\u00e9 (bots). Collecte des informations techniques telles que l'adresse IP et les donn\u00e9es d'interaction avec le site, qui sont trait\u00e9es conform\u00e9ment aux r\u00e8gles de Google.<\/p><\/li><li data-start=\"1469\" data-end=\"1722\"><p data-start=\"1471\" data-end=\"1722\"><strong data-start=\"1471\" data-end=\"1514\">Wordfence (Wordfence Security, USA)<\/strong><br data-start=\"1514\" data-end=\"1517\" \/>Il utilise des cookies \u00e0 des fins de s\u00e9curit\u00e9, par exemple pour prot\u00e9ger le site web contre les acc\u00e8s non autoris\u00e9s et pour d\u00e9tecter les activit\u00e9s malveillantes. Ils ne sont pas utilis\u00e9s \u00e0 des fins de publicit\u00e9 ou d'analyse marketing.<\/p><\/li><\/ul><p>Ces cookies de tiers ne sont pas utilis\u00e9s pour vendre des donn\u00e9es personnelles ou \u00e0 des fins commerciales autres que celles d\u00e9crites dans la pr\u00e9sente politique. Avant de fournir des informations personnelles \u00e0 ces fournisseurs, il est recommand\u00e9 de consulter leur politique de confidentialit\u00e9 :<\/p><ul><li data-start=\"1982\" data-end=\"2055\"><a class=\"decorated-link\" href=\"https:\/\/policies.google.com\/privacy\" target=\"_new\" rel=\"noopener\" data-start=\"1982\" data-end=\"2053\">R\u00e8gles de confidentialit\u00e9 de Google<\/a><\/li><li data-start=\"2058\" data-end=\"2146\"><a class=\"decorated-link\" href=\"https:\/\/translatepress.com\/privacy-policy\/\" target=\"_new\" rel=\"noopener\" data-start=\"2058\" data-end=\"2144\">Politique de confidentialit\u00e9 de TranslatePress<\/a><\/li><li data-start=\"2149\" data-end=\"2229\"><a class=\"decorated-link\" href=\"https:\/\/www.wordfence.com\/privacy-policy\/\" target=\"_new\" rel=\"noopener\" data-start=\"2149\" data-end=\"2229\">Politique de confidentialit\u00e9 de Wordfence<\/a><\/li><li data-start=\"2149\" data-end=\"2229\"><a href=\"https:\/\/policies.google.com\/privacy?hl=es\" target=\"_blank\" rel=\"noopener\">reCAPTCHA Politique de confidentialit\u00e9<\/a><\/li><\/ul>\t\t\t\t\t\t\t\t<\/div>\n\t\t\t\t<div class=\"elementor-element elementor-element-f3160d7 elementor-widget elementor-widget-heading\" data-id=\"f3160d7\" data-element_type=\"widget\" data-e-type=\"widget\" data-widget_type=\"heading.default\">\n\t\t\t\t\t<h2 class=\"elementor-heading-title elementor-size-default\">6. Dur\u00e9e des cookies<\/h2>\t\t\t\t<\/div>\n\t\t\t\t<div class=\"elementor-element elementor-element-e7e69e8 elementor-widget elementor-widget-text-editor\" data-id=\"e7e69e8\" data-element_type=\"widget\" data-e-type=\"widget\" data-widget_type=\"text-editor.default\">\n\t\t\t\t\t\t\t\t\t<p data-start=\"3177\" data-end=\"3260\">Les cookies peuvent \u00eatre de session ou persistants :<\/p><ul data-start=\"3262\" data-end=\"3478\"><li data-start=\"3262\" data-end=\"3340\"><p data-start=\"3264\" data-end=\"3340\"><strong data-start=\"3264\" data-end=\"3286\">Cookies de session :<\/strong> Elles sont automatiquement supprim\u00e9es lorsque le navigateur est ferm\u00e9.<\/p><\/li><li data-start=\"3341\" data-end=\"3478\"><p data-start=\"3343\" data-end=\"3478\"><strong data-start=\"3343\" data-end=\"3368\">Cookies persistants :<\/strong> Ils restent sur l'appareil pendant un certain temps ou jusqu'\u00e0 ce qu'ils soient supprim\u00e9s manuellement par l'utilisateur.<\/p><\/li><\/ul>\t\t\t\t\t\t\t\t<\/div>\n\t\t\t\t<div class=\"elementor-element elementor-element-7385aec elementor-widget elementor-widget-heading\" data-id=\"7385aec\" data-element_type=\"widget\" data-e-type=\"widget\" data-widget_type=\"heading.default\">\n\t\t\t\t\t<h2 class=\"elementor-heading-title elementor-size-default\">7. Mise \u00e0 jour de la politique en mati\u00e8re de cookies<\/h2>\t\t\t\t<\/div>\n\t\t\t\t<div class=\"elementor-element elementor-element-1edd751 elementor-widget elementor-widget-text-editor\" data-id=\"1edd751\" data-element_type=\"widget\" data-e-type=\"widget\" data-widget_type=\"text-editor.default\">\n\t\t\t\t\t\t\t\t\t<p data-start=\"4468\" data-end=\"5142\">Herdit se r\u00e9serve le droit de modifier cette politique en mati\u00e8re de cookies afin de l'adapter aux changements l\u00e9gislatifs, techniques ou op\u00e9rationnels apport\u00e9s au site web. La version actuelle sera publi\u00e9e sur ce site web et il est recommand\u00e9 de la consulter p\u00e9riodiquement pour \u00eatre inform\u00e9 de l'utilisation des cookies et de la mani\u00e8re de les g\u00e9rer.<\/p>\t\t\t\t\t\t\t\t<\/div>\n\t\t\t\t<div class=\"elementor-element elementor-element-9a9aa82 elementor-widget elementor-widget-text-editor\" data-id=\"9a9aa82\" data-element_type=\"widget\" data-e-type=\"widget\" data-widget_type=\"text-editor.default\">\n\t\t\t\t\t\t\t\t\t<p><i>Derni\u00e8re mise \u00e0 jour : 26 janvier 2026<\/i><\/p>\t\t\t\t\t\t\t\t<\/div>\n\t\t\t\t\t<\/div>\n\t\t\t\t<\/div>\n\t\t\t\t<\/div>","protected":false},"excerpt":{"rendered":"<p>Volver a Inicio Pol\u00edtica de Cookies 1. Introducci\u00f3n Herdit S.L. (\u201cHerdit\u201d, \u201cnosotros\u201d o \u201cnuestro\u201d) utiliza cookies y tecnolog\u00edas similares en su sitio web para mejorar la experiencia de navegaci\u00f3n de los usuarios, analizar el rendimiento del sitio, y garantizar su correcto funcionamiento. Esta Pol\u00edtica de Cookies explica qu\u00e9 son las cookies, qu\u00e9 tipos utilizamos, con [&hellip;]<\/p>\n","protected":false},"author":3,"featured_media":0,"parent":0,"menu_order":0,"comment_status":"closed","ping_status":"closed","template":"elementor_header_footer","meta":{"footnotes":""},"class_list":["post-1450","page","type-page","status-publish","hentry"],"_hostinger_reach_plugin_has_subscription_block":false,"_hostinger_reach_plugin_is_elementor":false,"_links":{"self":[{"href":"https:\/\/herdit.com\/fr\/wp-json\/wp\/v2\/pages\/1450","targetHints":{"allow":["GET"]}}],"collection":[{"href":"https:\/\/herdit.com\/fr\/wp-json\/wp\/v2\/pages"}],"about":[{"href":"https:\/\/herdit.com\/fr\/wp-json\/wp\/v2\/types\/page"}],"author":[{"embeddable":true,"href":"https:\/\/herdit.com\/fr\/wp-json\/wp\/v2\/users\/3"}],"replies":[{"embeddable":true,"href":"https:\/\/herdit.com\/fr\/wp-json\/wp\/v2\/comments?post=1450"}],"version-history":[{"count":73,"href":"https:\/\/herdit.com\/fr\/wp-json\/wp\/v2\/pages\/1450\/revisions"}],"predecessor-version":[{"id":5745,"href":"https:\/\/herdit.com\/fr\/wp-json\/wp\/v2\/pages\/1450\/revisions\/5745"}],"wp:attachment":[{"href":"https:\/\/herdit.com\/fr\/wp-json\/wp\/v2\/media?parent=1450"}],"curies":[{"name":"wp","href":"https:\/\/api.w.org\/{rel}","templated":true}]}}