{"id":1455,"date":"2026-01-07T12:00:51","date_gmt":"2026-01-07T12:00:51","guid":{"rendered":"https:\/\/herdit.com\/?page_id=1455"},"modified":"2026-02-19T08:32:24","modified_gmt":"2026-02-19T08:32:24","slug":"conditions-generales","status":"publish","type":"page","link":"https:\/\/herdit.com\/fr\/terminos-y-condiciones\/","title":{"rendered":"Conditions g\u00e9n\u00e9rales d'utilisation"},"content":{"rendered":"<div data-elementor-type=\"wp-page\" data-elementor-id=\"1455\" class=\"elementor elementor-1455\" data-elementor-post-type=\"page\">\n\t\t\t\t<div class=\"elementor-element elementor-element-ef638a3 e-flex e-con-boxed elementor-invisible e-con e-parent\" data-id=\"ef638a3\" data-element_type=\"container\" data-e-type=\"container\" data-settings=\"{&quot;animation&quot;:&quot;fadeIn&quot;}\">\n\t\t\t\t\t<div class=\"e-con-inner\">\n\t\t\t\t<div class=\"elementor-element elementor-element-c712084 elementor-align-left elementor-widget__width-initial e-transform elementor-widget elementor-widget-button\" data-id=\"c712084\" data-element_type=\"widget\" data-e-type=\"widget\" data-settings=\"{&quot;_transform_scale_effect_hover&quot;:{&quot;unit&quot;:&quot;px&quot;,&quot;size&quot;:1.1,&quot;sizes&quot;:[]},&quot;_transform_scale_effect_hover_tablet&quot;:{&quot;unit&quot;:&quot;px&quot;,&quot;size&quot;:&quot;&quot;,&quot;sizes&quot;:[]},&quot;_transform_scale_effect_hover_mobile&quot;:{&quot;unit&quot;:&quot;px&quot;,&quot;size&quot;:&quot;&quot;,&quot;sizes&quot;:[]}}\" data-widget_type=\"button.default\">\n\t\t\t\t\t\t\t\t\t\t<a class=\"elementor-button elementor-button-link elementor-size-sm\" href=\"https:\/\/herdit.com\/fr\/\">\n\t\t\t\t\t\t<span class=\"elementor-button-content-wrapper\">\n\t\t\t\t\t\t<span class=\"elementor-button-icon\">\n\t\t\t\t<svg aria-hidden=\"true\" class=\"e-font-icon-svg e-fas-arrow-left\" viewbox=\"0 0 448 512\" xmlns=\"http:\/\/www.w3.org\/2000\/svg\"><path d=\"M257.5 445.1l-22.2 22.2c-9.4 9.4-24.6 9.4-33.9 0L7 273c-9.4-9.4-9.4-24.6 0-33.9L201.4 44.7c9.4-9.4 24.6-9.4 33.9 0l22.2 22.2c9.5 9.5 9.3 25-.4 34.3L136.6 216H424c13.3 0 24 10.7 24 24v32c0 13.3-10.7 24-24 24H136.6l120.5 114.8c9.8 9.3 10 24.8.4 34.3z\"><\/path><\/svg>\t\t\t<\/span>\n\t\t\t\t\t\t\t\t\t<span class=\"elementor-button-text\">Retour \u00e0 l'accueil<\/span>\n\t\t\t\t\t<\/span>\n\t\t\t\t\t<\/a>\n\t\t\t\t\t\t\t\t<\/div>\n\t\t\t\t\t<\/div>\n\t\t\t\t<\/div>\n\t\t<div class=\"elementor-element elementor-element-ed9d279 e-flex e-con-boxed elementor-invisible e-con e-parent\" data-id=\"ed9d279\" data-element_type=\"container\" data-e-type=\"container\" data-settings=\"{&quot;animation&quot;:&quot;fadeInUp&quot;}\">\n\t\t\t\t\t<div class=\"e-con-inner\">\n\t\t\t\t<div class=\"elementor-element elementor-element-b0c2c38 elementor-widget elementor-widget-heading\" data-id=\"b0c2c38\" data-element_type=\"widget\" data-e-type=\"widget\" data-widget_type=\"heading.default\">\n\t\t\t\t\t<h2 class=\"elementor-heading-title elementor-size-default\">Conditions g\u00e9n\u00e9rales d'utilisation<\/h2>\t\t\t\t<\/div>\n\t\t\t\t<div class=\"elementor-element elementor-element-4900822 elementor-widget elementor-widget-heading\" data-id=\"4900822\" data-element_type=\"widget\" data-e-type=\"widget\" data-widget_type=\"heading.default\">\n\t\t\t\t\t<h2 class=\"elementor-heading-title elementor-size-default\">1. Introduction\n<\/h2>\t\t\t\t<\/div>\n\t\t\t\t<div class=\"elementor-element elementor-element-a2eec6b elementor-widget elementor-widget-text-editor\" data-id=\"a2eec6b\" data-element_type=\"widget\" data-e-type=\"widget\" data-widget_type=\"text-editor.default\">\n\t\t\t\t\t\t\t\t\t<p>Le pr\u00e9sent document d\u00e9finit les conditions d'utilisation du site web de Herdit S.L. (\u201cHerdit\u201d, \u201cnous\u201d, \u201cnotre\u201d ou \"nos\"), dont le num\u00e9ro de TVA est ESB01380856, dont le si\u00e8ge social est situ\u00e9 Carretera de Altube Km 5.2, 01196 Aranguiz (\u00c1lava), Espagne, inscrite au registre des soci\u00e9t\u00e9s d'\u00c1lava, volume 1192, folio 92, page 10676, et dont l'adresse de courrier \u00e9lectronique de contact est la suivante <a class=\"decorated-link cursor-pointer\" rel=\"noopener\" data-start=\"539\" data-end=\"556\">herdit@herdit.com<\/a>.<\/p><p>En acc\u00e9dant \u00e0 ce site web et en y naviguant, vous acceptez de vous conformer aux conditions \u00e9nonc\u00e9es dans le pr\u00e9sent document et au droit applicable. Si vous n'acceptez pas ces conditions, veuillez ne pas utiliser ce site web.<\/p><p>Ce site est \u00e9galement r\u00e9gi par la loi 34\/2002 sur les services de la soci\u00e9t\u00e9 de l'information et le commerce \u00e9lectronique (LSSI-CE).<\/p>\t\t\t\t\t\t\t\t<\/div>\n\t\t\t\t<div class=\"elementor-element elementor-element-a551ca9 elementor-widget elementor-widget-heading\" data-id=\"a551ca9\" data-element_type=\"widget\" data-e-type=\"widget\" data-widget_type=\"heading.default\">\n\t\t\t\t\t<h2 class=\"elementor-heading-title elementor-size-default\">2. Propri\u00e9t\u00e9 du site web et de son contenu<\/h2>\t\t\t\t<\/div>\n\t\t\t\t<div class=\"elementor-element elementor-element-e04bc1c elementor-widget elementor-widget-text-editor\" data-id=\"e04bc1c\" data-element_type=\"widget\" data-e-type=\"widget\" data-widget_type=\"text-editor.default\">\n\t\t\t\t\t\t\t\t\t<p data-start=\"300\" data-end=\"527\">Tous les contenus de ce site Web, y compris les textes, les images, les logos, les marques, les graphiques, les vid\u00e9os, les logiciels et tout autre \u00e9l\u00e9ment, sont la propri\u00e9t\u00e9 de Herdit S.L. ou de tiers ayant autoris\u00e9 leur utilisation.<\/p><p data-start=\"529\" data-end=\"821\">La reproduction, la distribution, la communication publique, la transformation ou toute autre utilisation des contenus sans l'autorisation expresse et \u00e9crite de Herdit sont strictement interdites, sauf dans les cas autoris\u00e9s par la l\u00e9gislation en vigueur en mati\u00e8re de propri\u00e9t\u00e9 intellectuelle et industrielle.<\/p><p data-start=\"823\" data-end=\"1129\">Pour les questions relatives aux droits de propri\u00e9t\u00e9 intellectuelle, par exemple l'utilisation autoris\u00e9e d'un contenu, vous pouvez \u00e9galement consulter le site web de la Commission europ\u00e9enne. <a href=\"https:\/\/herdit.com\/fr\/avis-juridique\/\">Avis juridique<\/a> de ce site web et de nos <a href=\"https:\/\/herdit.com\/fr\/politique-de-confidentialite\/\">Politique de confidentialit\u00e9<\/a> le cas \u00e9ch\u00e9ant, \u00e0 la protection des donn\u00e9es \u00e0 caract\u00e8re personnel contenues dans ce contenu.<\/p>\t\t\t\t\t\t\t\t<\/div>\n\t\t\t\t<div class=\"elementor-element elementor-element-bf325df elementor-widget elementor-widget-heading\" data-id=\"bf325df\" data-element_type=\"widget\" data-e-type=\"widget\" data-widget_type=\"heading.default\">\n\t\t\t\t\t<h2 class=\"elementor-heading-title elementor-size-default\">3. Utilisation du site web<\/h2>\t\t\t\t<\/div>\n\t\t\t\t<div class=\"elementor-element elementor-element-4102283 elementor-widget elementor-widget-text-editor\" data-id=\"4102283\" data-element_type=\"widget\" data-e-type=\"widget\" data-widget_type=\"text-editor.default\">\n\t\t\t\t\t\t\t\t\t<p data-start=\"1206\" data-end=\"1390\">L'utilisateur s'engage \u00e0 utiliser le site web de mani\u00e8re licite et conform\u00e9ment aux pr\u00e9sentes conditions g\u00e9n\u00e9rales. Il est interdit d'utiliser le site web pour :<\/p><ul data-start=\"1392\" data-end=\"1688\"><li data-start=\"1392\" data-end=\"1473\"><p data-start=\"1394\" data-end=\"1473\">Diffuser du contenu ill\u00e9gal, offensant ou portant atteinte aux droits de tiers.<\/p><\/li><li data-start=\"1474\" data-end=\"1587\"><p data-start=\"1476\" data-end=\"1587\">Introduire des virus, des logiciels malveillants ou d'autres \u00e9l\u00e9ments susceptibles d'endommager ou d'entraver le fonctionnement du site web.<\/p><\/li><li data-start=\"1588\" data-end=\"1688\"><p data-start=\"1590\" data-end=\"1688\">mener des activit\u00e9s de collecte de donn\u00e9es personnelles sur d'autres utilisateurs sans leur consentement.<\/p><\/li><\/ul><p data-start=\"1690\" data-end=\"1800\">Herdit se r\u00e9serve le droit de suspendre l'acc\u00e8s au site web aux utilisateurs qui ne respectent pas ces conditions.<\/p>\t\t\t\t\t\t\t\t<\/div>\n\t\t\t\t<div class=\"elementor-element elementor-element-d7ff3e4 elementor-widget elementor-widget-heading\" data-id=\"d7ff3e4\" data-element_type=\"widget\" data-e-type=\"widget\" data-widget_type=\"heading.default\">\n\t\t\t\t\t<h2 class=\"elementor-heading-title elementor-size-default\">4. Enregistrement et compte d'utilisateur<\/h2>\t\t\t\t<\/div>\n\t\t\t\t<div class=\"elementor-element elementor-element-101e767 elementor-widget elementor-widget-text-editor\" data-id=\"101e767\" data-element_type=\"widget\" data-e-type=\"widget\" data-widget_type=\"text-editor.default\">\n\t\t\t\t\t\t\t\t\t<p data-start=\"269\" data-end=\"497\">Certains services du site web pourraient \u00e0 l'avenir n\u00e9cessiter la cr\u00e9ation d'un compte d'utilisateur. Si ces services sont activ\u00e9s, il vous sera demand\u00e9 de fournir des informations exactes et \u00e0 jour lors de l'inscription.<\/p><p data-start=\"499\" data-end=\"767\">L'utilisateur est responsable du maintien de la confidentialit\u00e9 de ses identifiants de connexion et de toutes les activit\u00e9s effectu\u00e9es sous son compte. Herdit n'est pas responsable des actions effectu\u00e9es par des tiers acc\u00e9dant au compte d'un utilisateur sans autorisation.<\/p><p data-start=\"499\" data-end=\"767\">En cas de probl\u00e8me ou de demande concernant le compte, les utilisateurs peuvent contacter Herdit par courrier \u00e9lectronique \u00e0 l'adresse suivante <a class=\"decorated-link cursor-pointer\" rel=\"noopener\" data-start=\"906\" data-end=\"923\">herdit@herdit.com<\/a><\/p>\t\t\t\t\t\t\t\t<\/div>\n\t\t\t\t<div class=\"elementor-element elementor-element-968814a elementor-widget elementor-widget-heading\" data-id=\"968814a\" data-element_type=\"widget\" data-e-type=\"widget\" data-widget_type=\"heading.default\">\n\t\t\t\t\t<h2 class=\"elementor-heading-title elementor-size-default\">5. La responsabilit\u00e9<\/h2>\t\t\t\t<\/div>\n\t\t\t\t<div class=\"elementor-element elementor-element-3d53597 elementor-widget elementor-widget-text-editor\" data-id=\"3d53597\" data-element_type=\"widget\" data-e-type=\"widget\" data-widget_type=\"text-editor.default\">\n\t\t\t\t\t\t\t\t\t<p data-start=\"382\" data-end=\"643\">Herdit s'efforce de maintenir les informations de ce site Web \u00e0 jour, compl\u00e8tes et correctes. Toutefois, le contenu est fourni \u00e0 titre d'information uniquement et ne constitue pas un avis professionnel ou contractuel.<\/p><p data-start=\"645\" data-end=\"1053\">L'acc\u00e8s au site web et son utilisation se font \u00e0 vos propres risques. Herdit n'est pas responsable des dommages directs, indirects, accessoires, sp\u00e9ciaux ou cons\u00e9cutifs, des pertes ou des dommages pouvant r\u00e9sulter de l'acc\u00e8s, de l'utilisation, de l'impossibilit\u00e9 d'acc\u00e8s ou de la confiance accord\u00e9e aux informations fournies sur le site web, sauf dans les cas o\u00f9 la loi applicable exclut l'exclusion de la responsabilit\u00e9.<\/p><p data-start=\"1055\" data-end=\"1303\">Herdit ne garantit pas la disponibilit\u00e9 continue du site web ou son fonctionnement correct \u00e0 tout moment et se r\u00e9serve le droit d'apporter des modifications techniques, de suspendre temporairement ou d'interrompre les services sans pr\u00e9avis.<\/p>\t\t\t\t\t\t\t\t<\/div>\n\t\t\t\t<div class=\"elementor-element elementor-element-068cf95 elementor-widget elementor-widget-heading\" data-id=\"068cf95\" data-element_type=\"widget\" data-e-type=\"widget\" data-widget_type=\"heading.default\">\n\t\t\t\t\t<h2 class=\"elementor-heading-title elementor-size-default\">6. Liens vers des sites tiers<\/h2>\t\t\t\t<\/div>\n\t\t\t\t<div class=\"elementor-element elementor-element-f3478b9 elementor-widget elementor-widget-text-editor\" data-id=\"f3478b9\" data-element_type=\"widget\" data-e-type=\"widget\" data-widget_type=\"text-editor.default\">\n\t\t\t\t\t\t\t\t\t<p data-start=\"2881\" data-end=\"3185\">Le site web peut contenir des liens vers des sites web externes. Ces liens sont fournis \u00e0 titre de r\u00e9f\u00e9rence uniquement. Herdit n'assume aucune responsabilit\u00e9 quant au contenu, \u00e0 la disponibilit\u00e9, au fonctionnement ou aux politiques de confidentialit\u00e9 de ces sites web tiers.<\/p>\t\t\t\t\t\t\t\t<\/div>\n\t\t\t\t<div class=\"elementor-element elementor-element-83562ae elementor-widget elementor-widget-heading\" data-id=\"83562ae\" data-element_type=\"widget\" data-e-type=\"widget\" data-widget_type=\"heading.default\">\n\t\t\t\t\t<h2 class=\"elementor-heading-title elementor-size-default\">7. Protection des donn\u00e9es personnelles<\/h2>\t\t\t\t<\/div>\n\t\t\t\t<div class=\"elementor-element elementor-element-a066dda elementor-widget elementor-widget-text-editor\" data-id=\"a066dda\" data-element_type=\"widget\" data-e-type=\"widget\" data-widget_type=\"text-editor.default\">\n\t\t\t\t\t\t\t\t\t<p data-start=\"3192\" data-end=\"3518\">L'utilisation de ce site web est soumise aux conditions suivantes <a href=\"https:\/\/herdit.com\/fr\/politique-de-confidentialite\/\">Politique de confidentialit\u00e9<\/a> La politique de confidentialit\u00e9 d'Herdit, qui d\u00e9crit comment les donn\u00e9es personnelles des utilisateurs sont collect\u00e9es, trait\u00e9es et prot\u00e9g\u00e9es. En utilisant le site web, vous consentez \u00e0 la collecte et au traitement de vos donn\u00e9es comme d\u00e9crit dans cette politique.<\/p>\t\t\t\t\t\t\t\t<\/div>\n\t\t\t\t<div class=\"elementor-element elementor-element-a22c5e2 elementor-widget elementor-widget-heading\" data-id=\"a22c5e2\" data-element_type=\"widget\" data-e-type=\"widget\" data-widget_type=\"heading.default\">\n\t\t\t\t\t<h2 class=\"elementor-heading-title elementor-size-default\">8. Modifications<\/h2>\t\t\t\t<\/div>\n\t\t\t\t<div class=\"elementor-element elementor-element-501b6e8 elementor-widget elementor-widget-text-editor\" data-id=\"501b6e8\" data-element_type=\"widget\" data-e-type=\"widget\" data-widget_type=\"text-editor.default\">\n\t\t\t\t\t\t\t\t\t<p data-start=\"3894\" data-end=\"4260\">Herdit se r\u00e9serve le droit de modifier les termes et conditions du site web \u00e0 tout moment. Les modifications entrent en vigueur d\u00e8s leur publication sur le site web et s'appliquent \u00e0 tous les utilisateurs \u00e0 partir de ce moment. Il est de la responsabilit\u00e9 de l'utilisateur de v\u00e9rifier p\u00e9riodiquement si les conditions g\u00e9n\u00e9rales ont \u00e9t\u00e9 modifi\u00e9es.<\/p>\t\t\t\t\t\t\t\t<\/div>\n\t\t\t\t<div class=\"elementor-element elementor-element-e84dd77 elementor-widget elementor-widget-heading\" data-id=\"e84dd77\" data-element_type=\"widget\" data-e-type=\"widget\" data-widget_type=\"heading.default\">\n\t\t\t\t\t<h2 class=\"elementor-heading-title elementor-size-default\">9. Droit applicable et juridiction<\/h2>\t\t\t\t<\/div>\n\t\t\t\t<div class=\"elementor-element elementor-element-d605903 elementor-widget elementor-widget-text-editor\" data-id=\"d605903\" data-element_type=\"widget\" data-e-type=\"widget\" data-widget_type=\"text-editor.default\">\n\t\t\t\t\t\t\t\t\t<p data-start=\"4267\" data-end=\"4638\">Les pr\u00e9sentes conditions g\u00e9n\u00e9rales sont r\u00e9gies par la l\u00e9gislation espagnole et europ\u00e9enne applicable. En cas de litige ou de conflit li\u00e9 \u00e0 l'utilisation du site web, les parties se soumettent aux cours et tribunaux d'\u00c1lava (Espagne), \u00e0 moins que la l\u00e9gislation applicable ne pr\u00e9voie une autre juridiction obligatoire.<\/p>\t\t\t\t\t\t\t\t<\/div>\n\t\t\t\t<div class=\"elementor-element elementor-element-40d067f elementor-widget elementor-widget-text-editor\" data-id=\"40d067f\" data-element_type=\"widget\" data-e-type=\"widget\" data-widget_type=\"text-editor.default\">\n\t\t\t\t\t\t\t\t\t<p><i>Derni\u00e8re mise \u00e0 jour : 26 janvier 2026<\/i><\/p>\t\t\t\t\t\t\t\t<\/div>\n\t\t\t\t\t<\/div>\n\t\t\t\t<\/div>\n\t\t\t\t<\/div>","protected":false},"excerpt":{"rendered":"<p>Volver a Inicio T\u00e9rminos y Condiciones 1. Introducci\u00f3n El presente documento establece los t\u00e9rminos y condiciones de uso del sitio web de Herdit S.L. (\u201cHerdit\u201d, \u201cnosotros\u201d o \u201cnuestro\u201d), con CIF: ESB01380856, domicilio social en Carretera de Altube Km 5.2, 01196 Aranguiz (\u00c1lava), Espa\u00f1a, inscrita en el Registro Mercantil de \u00c1lava, Tomo 1192, Folio 92, Hoja [&hellip;]<\/p>\n","protected":false},"author":3,"featured_media":0,"parent":0,"menu_order":0,"comment_status":"closed","ping_status":"closed","template":"elementor_header_footer","meta":{"footnotes":""},"class_list":["post-1455","page","type-page","status-publish","hentry"],"_hostinger_reach_plugin_has_subscription_block":false,"_hostinger_reach_plugin_is_elementor":false,"_links":{"self":[{"href":"https:\/\/herdit.com\/fr\/wp-json\/wp\/v2\/pages\/1455","targetHints":{"allow":["GET"]}}],"collection":[{"href":"https:\/\/herdit.com\/fr\/wp-json\/wp\/v2\/pages"}],"about":[{"href":"https:\/\/herdit.com\/fr\/wp-json\/wp\/v2\/types\/page"}],"author":[{"embeddable":true,"href":"https:\/\/herdit.com\/fr\/wp-json\/wp\/v2\/users\/3"}],"replies":[{"embeddable":true,"href":"https:\/\/herdit.com\/fr\/wp-json\/wp\/v2\/comments?post=1455"}],"version-history":[{"count":82,"href":"https:\/\/herdit.com\/fr\/wp-json\/wp\/v2\/pages\/1455\/revisions"}],"predecessor-version":[{"id":5752,"href":"https:\/\/herdit.com\/fr\/wp-json\/wp\/v2\/pages\/1455\/revisions\/5752"}],"wp:attachment":[{"href":"https:\/\/herdit.com\/fr\/wp-json\/wp\/v2\/media?parent=1455"}],"curies":[{"name":"wp","href":"https:\/\/api.w.org\/{rel}","templated":true}]}}